{"id":780,"date":"2021-10-11T12:23:40","date_gmt":"2021-10-11T12:23:40","guid":{"rendered":"https:\/\/holiday-maker-france.com\/tourisme-affaires\/mice\/"},"modified":"2022-04-22T12:14:30","modified_gmt":"2022-04-22T12:14:30","slug":"mice","status":"publish","type":"page","link":"https:\/\/holiday-maker-france.com\/es\/turismo-de-negocios\/mice\/","title":{"rendered":"MICE"},"content":{"rendered":"<section class=\"picture-cover\">\n    <img width=\"1523\" height=\"1013\" src=\"https:\/\/holiday-maker-france.com\/app\/uploads\/2022\/01\/holiday-maker-agence.jpg\" class=\"picture-cover__picture\" alt=\"\" loading=\"lazy\" srcset=\"https:\/\/holiday-maker-france.com\/app\/uploads\/2022\/01\/holiday-maker-agence.jpg 1523w, https:\/\/holiday-maker-france.com\/app\/uploads\/2022\/01\/holiday-maker-agence-300x200.jpg 300w, https:\/\/holiday-maker-france.com\/app\/uploads\/2022\/01\/holiday-maker-agence-1024x681.jpg 1024w, https:\/\/holiday-maker-france.com\/app\/uploads\/2022\/01\/holiday-maker-agence-768x511.jpg 768w\" sizes=\"(max-width: 1523px) 100vw, 1523px\" \/>\n<\/section>\n\n\n<section class=\"section\">\n    <div class=\"grid-container\">\n        \n\n<h1 class=\"has-text-align-center\">MICE<\/h1>\n\n\n<section class=\"section\">\n    <div class=\"grid-container\">\n        <div class=\"grid-x grid-margin-x grid-margin-y\">\n            <div class=\"cell small-12 large-8\">\n                \n\n<p>La organizaci\u00f3n de un evento como un congreso o seminario requiere dominar muchas \u00e1reas para que un evento sea un \u00e9xito.<\/p>\n\n\n\n<p>D\u00e9janos liberarte de la parte \u00ablog\u00edstica\u00bb del evento. Conocemos el terreno, trabajamos con proveedores de confianza y seremos tu socio local para encontrar el lugar, la actividad, el alojamiento, etc., de acuerdo con tus especificaciones.<\/p>\n\n\n\n<p>Respetando siempre tus objetivos, expectativas y presupuesto, estudiaremos tu caso en profundidad para luego encargarnos de la concepci\u00f3n y de la realizaci\u00f3n.<\/p>\n\n\n\n<p>Nuestro compromiso es acompa\u00f1arte desde el primer contacto hasta la realizaci\u00f3n, ofreci\u00e9ndote soluciones personalizadas.<\/p>\n\n\n\n<p>\u00a1Elije la flexibilidad y la capacidad de respuesta de una empresa personalizada! \u00a1La combinaci\u00f3n ganadora que a\u00fana rigor y creatividad!<\/p>\n\n\n            <\/div>\n            <div class=\"cell small-12 large-4\">\n                <div class=\"grid-x grid-margin-x grid-margin-y\">\n                                <div class=\"cell small-12 medium-4 large-12\">\n                    <img width=\"1024\" height=\"683\" src=\"https:\/\/holiday-maker-france.com\/app\/uploads\/2022\/01\/MICE.jpg\" class=\"attachment-full size-full\" alt=\"\" loading=\"lazy\" srcset=\"https:\/\/holiday-maker-france.com\/app\/uploads\/2022\/01\/MICE.jpg 1024w, https:\/\/holiday-maker-france.com\/app\/uploads\/2022\/01\/MICE-300x200.jpg 300w, https:\/\/holiday-maker-france.com\/app\/uploads\/2022\/01\/MICE-768x512.jpg 768w\" sizes=\"(max-width: 1024px) 100vw, 1024px\" \/>\n                <\/div>\n                                <\/div>\n            <\/div>\n        <\/div>\n    <\/div>\n<\/section>\n\n\n    <\/div>\n<\/section>\n\n\n<section class=\"section section--color-primary\">\n    <div class=\"grid-container\">\n        \n    <h2 class=\"title-double text-center\">\n                <span class=\"title-double__line1\">Contacto<\/span>\n                            <span class=\"title-double__line2\">\u00bfTienes un proyecto?<\/span>\n            <\/h2>\n\n\n\n<p class=\"has-text-align-center\">\u00a1Ponte en contacto con nosotros! Nuestro equipo est\u00e1 siempre dispuesto a ayudarte a realizar tus proyectos.<\/p>\n\n\n<div class=\"button-group align-center\">\n    \n<a class=\"button secondary\" href=\"https:\/\/holiday-maker-france.com\/es\/contacto\/\">\u00a1cont\u00e1ctanos!<\/a>\n\n\n\n\n\n<\/div>\n\n\n    <\/div>\n<\/section>\n","protected":false},"excerpt":{"rendered":"<p>La organizaci\u00f3n de un evento como un congreso o seminario requiere dominar muchas \u00e1reas para que un evento sea un<\/p>\n","protected":false},"author":1,"featured_media":647,"parent":740,"menu_order":2,"comment_status":"closed","ping_status":"closed","template":"","meta":[],"acf":[],"yoast_head":"<!-- This site is optimized with the Yoast SEO plugin v18.6 - https:\/\/yoast.com\/wordpress\/plugins\/seo\/ -->\n<title>MICE - Holiday maker<\/title>\n<meta name=\"robots\" content=\"index, follow, max-snippet:-1, max-image-preview:large, max-video-preview:-1\" \/>\n<link rel=\"canonical\" href=\"https:\/\/holiday-maker-france.com\/es\/turismo-de-negocios\/mice\/\" \/>\n<meta property=\"og:locale\" content=\"es_ES\" \/>\n<meta property=\"og:type\" content=\"article\" \/>\n<meta property=\"og:title\" content=\"MICE - Holiday maker\" \/>\n<meta property=\"og:description\" content=\"La organizaci\u00f3n de un evento como un congreso o seminario requiere dominar muchas \u00e1reas para que un evento sea un\" \/>\n<meta property=\"og:url\" content=\"https:\/\/holiday-maker-france.com\/es\/turismo-de-negocios\/mice\/\" \/>\n<meta property=\"og:site_name\" content=\"Holiday maker\" \/>\n<meta property=\"article:modified_time\" content=\"2022-04-22T12:14:30+00:00\" \/>\n<meta property=\"og:image\" content=\"https:\/\/holiday-maker-france.com\/app\/uploads\/2022\/01\/MICE.jpg\" \/>\n\t<meta property=\"og:image:width\" content=\"1024\" \/>\n\t<meta property=\"og:image:height\" content=\"683\" \/>\n\t<meta property=\"og:image:type\" content=\"image\/jpeg\" \/>\n<meta name=\"twitter:card\" content=\"summary_large_image\" \/>\n<meta name=\"twitter:label1\" content=\"Est. reading time\" \/>\n\t<meta name=\"twitter:data1\" content=\"1 minute\" \/>\n<script type=\"application\/ld+json\" class=\"yoast-schema-graph\">{\"@context\":\"https:\/\/schema.org\",\"@graph\":[{\"@type\":\"WebSite\",\"@id\":\"https:\/\/holiday-maker-france.com\/#website\",\"url\":\"https:\/\/holiday-maker-france.com\/\",\"name\":\"Holiday maker\",\"description\":\"Just another WordPress site\",\"potentialAction\":[{\"@type\":\"SearchAction\",\"target\":{\"@type\":\"EntryPoint\",\"urlTemplate\":\"https:\/\/holiday-maker-france.com\/?s={search_term_string}\"},\"query-input\":\"required name=search_term_string\"}],\"inLanguage\":\"es-ES\"},{\"@type\":\"ImageObject\",\"@id\":\"https:\/\/holiday-maker-france.com\/es\/turismo-de-negocios\/mice\/#primaryimage\",\"inLanguage\":\"es-ES\",\"url\":\"https:\/\/holiday-maker-france.com\/app\/uploads\/2022\/01\/MICE.jpg\",\"contentUrl\":\"https:\/\/holiday-maker-france.com\/app\/uploads\/2022\/01\/MICE.jpg\",\"width\":1024,\"height\":683,\"caption\":\"binary comment\"},{\"@type\":\"WebPage\",\"@id\":\"https:\/\/holiday-maker-france.com\/es\/turismo-de-negocios\/mice\/#webpage\",\"url\":\"https:\/\/holiday-maker-france.com\/es\/turismo-de-negocios\/mice\/\",\"name\":\"MICE - Holiday maker\",\"isPartOf\":{\"@id\":\"https:\/\/holiday-maker-france.com\/#website\"},\"primaryImageOfPage\":{\"@id\":\"https:\/\/holiday-maker-france.com\/es\/turismo-de-negocios\/mice\/#primaryimage\"},\"datePublished\":\"2021-10-11T12:23:40+00:00\",\"dateModified\":\"2022-04-22T12:14:30+00:00\",\"breadcrumb\":{\"@id\":\"https:\/\/holiday-maker-france.com\/es\/turismo-de-negocios\/mice\/#breadcrumb\"},\"inLanguage\":\"es-ES\",\"potentialAction\":[{\"@type\":\"ReadAction\",\"target\":[\"https:\/\/holiday-maker-france.com\/es\/turismo-de-negocios\/mice\/\"]}]},{\"@type\":\"BreadcrumbList\",\"@id\":\"https:\/\/holiday-maker-france.com\/es\/turismo-de-negocios\/mice\/#breadcrumb\",\"itemListElement\":[{\"@type\":\"ListItem\",\"position\":1,\"name\":\"Home\",\"item\":\"https:\/\/holiday-maker-france.com\/es\/\"},{\"@type\":\"ListItem\",\"position\":2,\"name\":\"Turismo de negocios\",\"item\":\"https:\/\/holiday-maker-france.com\/es\/turismo-de-negocios\/\"},{\"@type\":\"ListItem\",\"position\":3,\"name\":\"MICE\"}]}]}<\/script>\n<!-- \/ Yoast SEO plugin. -->","yoast_head_json":{"title":"MICE - Holiday maker","robots":{"index":"index","follow":"follow","max-snippet":"max-snippet:-1","max-image-preview":"max-image-preview:large","max-video-preview":"max-video-preview:-1"},"canonical":"https:\/\/holiday-maker-france.com\/es\/turismo-de-negocios\/mice\/","og_locale":"es_ES","og_type":"article","og_title":"MICE - Holiday maker","og_description":"La organizaci\u00f3n de un evento como un congreso o seminario requiere dominar muchas \u00e1reas para que un evento sea un","og_url":"https:\/\/holiday-maker-france.com\/es\/turismo-de-negocios\/mice\/","og_site_name":"Holiday maker","article_modified_time":"2022-04-22T12:14:30+00:00","og_image":[{"width":1024,"height":683,"url":"https:\/\/holiday-maker-france.com\/app\/uploads\/2022\/01\/MICE.jpg","type":"image\/jpeg"}],"twitter_card":"summary_large_image","twitter_misc":{"Est. reading time":"1 minute"},"schema":{"@context":"https:\/\/schema.org","@graph":[{"@type":"WebSite","@id":"https:\/\/holiday-maker-france.com\/#website","url":"https:\/\/holiday-maker-france.com\/","name":"Holiday maker","description":"Just another WordPress site","potentialAction":[{"@type":"SearchAction","target":{"@type":"EntryPoint","urlTemplate":"https:\/\/holiday-maker-france.com\/?s={search_term_string}"},"query-input":"required name=search_term_string"}],"inLanguage":"es-ES"},{"@type":"ImageObject","@id":"https:\/\/holiday-maker-france.com\/es\/turismo-de-negocios\/mice\/#primaryimage","inLanguage":"es-ES","url":"https:\/\/holiday-maker-france.com\/app\/uploads\/2022\/01\/MICE.jpg","contentUrl":"https:\/\/holiday-maker-france.com\/app\/uploads\/2022\/01\/MICE.jpg","width":1024,"height":683,"caption":"binary comment"},{"@type":"WebPage","@id":"https:\/\/holiday-maker-france.com\/es\/turismo-de-negocios\/mice\/#webpage","url":"https:\/\/holiday-maker-france.com\/es\/turismo-de-negocios\/mice\/","name":"MICE - Holiday maker","isPartOf":{"@id":"https:\/\/holiday-maker-france.com\/#website"},"primaryImageOfPage":{"@id":"https:\/\/holiday-maker-france.com\/es\/turismo-de-negocios\/mice\/#primaryimage"},"datePublished":"2021-10-11T12:23:40+00:00","dateModified":"2022-04-22T12:14:30+00:00","breadcrumb":{"@id":"https:\/\/holiday-maker-france.com\/es\/turismo-de-negocios\/mice\/#breadcrumb"},"inLanguage":"es-ES","potentialAction":[{"@type":"ReadAction","target":["https:\/\/holiday-maker-france.com\/es\/turismo-de-negocios\/mice\/"]}]},{"@type":"BreadcrumbList","@id":"https:\/\/holiday-maker-france.com\/es\/turismo-de-negocios\/mice\/#breadcrumb","itemListElement":[{"@type":"ListItem","position":1,"name":"Home","item":"https:\/\/holiday-maker-france.com\/es\/"},{"@type":"ListItem","position":2,"name":"Turismo de negocios","item":"https:\/\/holiday-maker-france.com\/es\/turismo-de-negocios\/"},{"@type":"ListItem","position":3,"name":"MICE"}]}]}},"_links":{"self":[{"href":"https:\/\/holiday-maker-france.com\/es\/wp-json\/wp\/v2\/pages\/780"}],"collection":[{"href":"https:\/\/holiday-maker-france.com\/es\/wp-json\/wp\/v2\/pages"}],"about":[{"href":"https:\/\/holiday-maker-france.com\/es\/wp-json\/wp\/v2\/types\/page"}],"author":[{"embeddable":true,"href":"https:\/\/holiday-maker-france.com\/es\/wp-json\/wp\/v2\/users\/1"}],"replies":[{"embeddable":true,"href":"https:\/\/holiday-maker-france.com\/es\/wp-json\/wp\/v2\/comments?post=780"}],"version-history":[{"count":4,"href":"https:\/\/holiday-maker-france.com\/es\/wp-json\/wp\/v2\/pages\/780\/revisions"}],"predecessor-version":[{"id":1068,"href":"https:\/\/holiday-maker-france.com\/es\/wp-json\/wp\/v2\/pages\/780\/revisions\/1068"}],"up":[{"embeddable":true,"href":"https:\/\/holiday-maker-france.com\/es\/wp-json\/wp\/v2\/pages\/740"}],"wp:featuredmedia":[{"embeddable":true,"href":"https:\/\/holiday-maker-france.com\/es\/wp-json\/wp\/v2\/media\/647"}],"wp:attachment":[{"href":"https:\/\/holiday-maker-france.com\/es\/wp-json\/wp\/v2\/media?parent=780"}],"curies":[{"name":"wp","href":"https:\/\/api.w.org\/{rel}","templated":true}]}}