{"id":777,"date":"2021-10-11T12:23:20","date_gmt":"2021-10-11T12:23:20","guid":{"rendered":"https:\/\/holiday-maker-france.com\/tourisme-affaires\/entreprises\/"},"modified":"2022-04-22T12:14:09","modified_gmt":"2022-04-22T12:14:09","slug":"empresas","status":"publish","type":"page","link":"https:\/\/holiday-maker-france.com\/es\/turismo-de-negocios\/empresas\/","title":{"rendered":"Empresas"},"content":{"rendered":"<section class=\"picture-cover\">\n    <img width=\"1920\" height=\"1271\" src=\"https:\/\/holiday-maker-france.com\/app\/uploads\/2022\/01\/partenaire.jpg\" class=\"picture-cover__picture\" alt=\"\" loading=\"lazy\" srcset=\"https:\/\/holiday-maker-france.com\/app\/uploads\/2022\/01\/partenaire.jpg 1920w, https:\/\/holiday-maker-france.com\/app\/uploads\/2022\/01\/partenaire-300x199.jpg 300w, https:\/\/holiday-maker-france.com\/app\/uploads\/2022\/01\/partenaire-1024x678.jpg 1024w, https:\/\/holiday-maker-france.com\/app\/uploads\/2022\/01\/partenaire-768x508.jpg 768w, https:\/\/holiday-maker-france.com\/app\/uploads\/2022\/01\/partenaire-1536x1017.jpg 1536w\" sizes=\"(max-width: 1920px) 100vw, 1920px\" \/>\n<\/section>\n\n\n<section class=\"section\">\n    <div class=\"grid-container\">\n        \n\n<h1 class=\"has-text-align-center\" id=\"entreprises\">Empresas<\/h1>\n\n\n<section class=\"section\">\n    <div class=\"grid-container\">\n        <div class=\"grid-x grid-margin-x grid-margin-y\">\n            <div class=\"cell small-12 large-8\">\n                \n\n<p>\u00bfProyectas un pr\u00f3ximo evento para federar, agradecer o animar a tus empleados o socios?<\/p>\n\n\n\n<p>\u00a1No te preguntes c\u00f3mo lo vas a organizar, nuestra agencia lo har\u00e1 por ti!<\/p>\n\n\n\n<p>Sea cual sea la ocasi\u00f3n que celebra tu empresa (seminario, incentivo, d\u00eda de estudio, d\u00eda del personal, velada corporativa..), estaremos a tu lado para hacer de tu manifestaci\u00f3n un momento \u00fanico.<\/p>\n\n\n\n<p>Gracias a la destreza log\u00edstica de nuestro equipo, pondremos en pr\u00e1ctica tus ideas y movilizaremos nuestros conocimientos y nuestra experiencia para servir a tu empresa.<\/p>\n\n\n\n<p>Para una organizaci\u00f3n fiel a tus valores y a tu imagen, sabemos escuchar, aconsejar y acompa\u00f1arte para preparar minuciosamente tu evento. El \u00e9xito ser\u00e1 el resultado de una&nbsp; estrecha colaboraci\u00f3n entre tu encargado de proyecto y Holiday Maker.<\/p>\n\n\n\n<p>Respetando tus objetivos y presupuesto, te proponemos lugares tan variados como un sal\u00f3n de hotel, un centro de congresos, una bodega o incluso el alquiler exclusivo de un castillo. En cuanto a las actividades, t\u00fa eliges&nbsp;: \u00ab&nbsp;gourmandes&nbsp;\u00bb, l\u00fadicas, culturales, sorprendentes, deportivas\u2026 todo lo que puedas imaginar.<\/p>\n\n\n            <\/div>\n            <div class=\"cell small-12 large-4\">\n                <div class=\"grid-x grid-margin-x grid-margin-y\">\n                                <div class=\"cell small-12 medium-4 large-12\">\n                    <img width=\"1024\" height=\"727\" src=\"https:\/\/holiday-maker-france.com\/app\/uploads\/2022\/01\/entreprise.jpg\" class=\"attachment-full size-full\" alt=\"\" loading=\"lazy\" srcset=\"https:\/\/holiday-maker-france.com\/app\/uploads\/2022\/01\/entreprise.jpg 1024w, https:\/\/holiday-maker-france.com\/app\/uploads\/2022\/01\/entreprise-300x213.jpg 300w, https:\/\/holiday-maker-france.com\/app\/uploads\/2022\/01\/entreprise-768x545.jpg 768w\" sizes=\"(max-width: 1024px) 100vw, 1024px\" \/>\n                <\/div>\n                                <div class=\"cell small-12 medium-4 large-12\">\n                    <img width=\"320\" height=\"213\" src=\"https:\/\/holiday-maker-france.com\/app\/uploads\/2022\/02\/IMG_9747.jpg\" class=\"attachment-full size-full\" alt=\"\" loading=\"lazy\" srcset=\"https:\/\/holiday-maker-france.com\/app\/uploads\/2022\/02\/IMG_9747.jpg 320w, https:\/\/holiday-maker-france.com\/app\/uploads\/2022\/02\/IMG_9747-300x200.jpg 300w\" sizes=\"(max-width: 320px) 100vw, 320px\" \/>\n                <\/div>\n                                <\/div>\n            <\/div>\n        <\/div>\n    <\/div>\n<\/section>\n\n\n    <\/div>\n<\/section>\n\n\n<section class=\"section section--color-primary\">\n    <div class=\"grid-container\">\n        \n    <h2 class=\"title-double text-center\">\n                <span class=\"title-double__line1\">Contacto<\/span>\n                            <span class=\"title-double__line2\">\u00bfTienes un proyecto?<\/span>\n            <\/h2>\n\n\n\n<p class=\"has-text-align-center\">\u00a1Ponte en contacto con nosotros! Nuestro equipo est\u00e1 siempre dispuesto a ayudarte a realizar tus proyectos.<\/p>\n\n\n<div class=\"button-group align-center\">\n    \n<a class=\"button secondary\" href=\"https:\/\/holiday-maker-france.com\/es\/contacto\/\">\u00a1cont\u00e1ctanos!<\/a>\n\n\n\n\n\n<\/div>\n\n\n    <\/div>\n<\/section>\n","protected":false},"excerpt":{"rendered":"<p>\u00bfProyectas un pr\u00f3ximo evento para federar, agradecer o animar a tus empleados o socios? \u00a1No te preguntes c\u00f3mo lo vas<\/p>\n","protected":false},"author":1,"featured_media":695,"parent":740,"menu_order":1,"comment_status":"closed","ping_status":"closed","template":"","meta":[],"acf":[],"yoast_head":"<!-- This site is optimized with the Yoast SEO plugin v18.6 - https:\/\/yoast.com\/wordpress\/plugins\/seo\/ -->\n<title>Empresas - Holiday maker<\/title>\n<meta name=\"robots\" content=\"index, follow, max-snippet:-1, max-image-preview:large, max-video-preview:-1\" \/>\n<link rel=\"canonical\" href=\"https:\/\/holiday-maker-france.com\/es\/turismo-de-negocios\/empresas\/\" \/>\n<meta property=\"og:locale\" content=\"es_ES\" \/>\n<meta property=\"og:type\" content=\"article\" \/>\n<meta property=\"og:title\" content=\"Empresas - Holiday maker\" \/>\n<meta property=\"og:description\" content=\"\u00bfProyectas un pr\u00f3ximo evento para federar, agradecer o animar a tus empleados o socios? \u00a1No te preguntes c\u00f3mo lo vas\" \/>\n<meta property=\"og:url\" content=\"https:\/\/holiday-maker-france.com\/es\/turismo-de-negocios\/empresas\/\" \/>\n<meta property=\"og:site_name\" content=\"Holiday maker\" \/>\n<meta property=\"article:modified_time\" content=\"2022-04-22T12:14:09+00:00\" \/>\n<meta property=\"og:image\" content=\"https:\/\/holiday-maker-france.com\/app\/uploads\/2022\/01\/partenaire.jpg\" \/>\n\t<meta property=\"og:image:width\" content=\"1920\" \/>\n\t<meta property=\"og:image:height\" content=\"1271\" \/>\n\t<meta property=\"og:image:type\" content=\"image\/jpeg\" \/>\n<meta name=\"twitter:card\" content=\"summary_large_image\" \/>\n<meta name=\"twitter:label1\" content=\"Est. reading time\" \/>\n\t<meta name=\"twitter:data1\" content=\"1 minute\" \/>\n<script type=\"application\/ld+json\" class=\"yoast-schema-graph\">{\"@context\":\"https:\/\/schema.org\",\"@graph\":[{\"@type\":\"WebSite\",\"@id\":\"https:\/\/holiday-maker-france.com\/#website\",\"url\":\"https:\/\/holiday-maker-france.com\/\",\"name\":\"Holiday maker\",\"description\":\"Just another WordPress site\",\"potentialAction\":[{\"@type\":\"SearchAction\",\"target\":{\"@type\":\"EntryPoint\",\"urlTemplate\":\"https:\/\/holiday-maker-france.com\/?s={search_term_string}\"},\"query-input\":\"required name=search_term_string\"}],\"inLanguage\":\"es-ES\"},{\"@type\":\"ImageObject\",\"@id\":\"https:\/\/holiday-maker-france.com\/es\/turismo-de-negocios\/empresas\/#primaryimage\",\"inLanguage\":\"es-ES\",\"url\":\"https:\/\/holiday-maker-france.com\/app\/uploads\/2022\/01\/partenaire.jpg\",\"contentUrl\":\"https:\/\/holiday-maker-france.com\/app\/uploads\/2022\/01\/partenaire.jpg\",\"width\":1920,\"height\":1271},{\"@type\":\"WebPage\",\"@id\":\"https:\/\/holiday-maker-france.com\/es\/turismo-de-negocios\/empresas\/#webpage\",\"url\":\"https:\/\/holiday-maker-france.com\/es\/turismo-de-negocios\/empresas\/\",\"name\":\"Empresas - Holiday maker\",\"isPartOf\":{\"@id\":\"https:\/\/holiday-maker-france.com\/#website\"},\"primaryImageOfPage\":{\"@id\":\"https:\/\/holiday-maker-france.com\/es\/turismo-de-negocios\/empresas\/#primaryimage\"},\"datePublished\":\"2021-10-11T12:23:20+00:00\",\"dateModified\":\"2022-04-22T12:14:09+00:00\",\"breadcrumb\":{\"@id\":\"https:\/\/holiday-maker-france.com\/es\/turismo-de-negocios\/empresas\/#breadcrumb\"},\"inLanguage\":\"es-ES\",\"potentialAction\":[{\"@type\":\"ReadAction\",\"target\":[\"https:\/\/holiday-maker-france.com\/es\/turismo-de-negocios\/empresas\/\"]}]},{\"@type\":\"BreadcrumbList\",\"@id\":\"https:\/\/holiday-maker-france.com\/es\/turismo-de-negocios\/empresas\/#breadcrumb\",\"itemListElement\":[{\"@type\":\"ListItem\",\"position\":1,\"name\":\"Home\",\"item\":\"https:\/\/holiday-maker-france.com\/es\/\"},{\"@type\":\"ListItem\",\"position\":2,\"name\":\"Turismo de negocios\",\"item\":\"https:\/\/holiday-maker-france.com\/es\/turismo-de-negocios\/\"},{\"@type\":\"ListItem\",\"position\":3,\"name\":\"Empresas\"}]}]}<\/script>\n<!-- \/ Yoast SEO plugin. -->","yoast_head_json":{"title":"Empresas - Holiday maker","robots":{"index":"index","follow":"follow","max-snippet":"max-snippet:-1","max-image-preview":"max-image-preview:large","max-video-preview":"max-video-preview:-1"},"canonical":"https:\/\/holiday-maker-france.com\/es\/turismo-de-negocios\/empresas\/","og_locale":"es_ES","og_type":"article","og_title":"Empresas - Holiday maker","og_description":"\u00bfProyectas un pr\u00f3ximo evento para federar, agradecer o animar a tus empleados o socios? \u00a1No te preguntes c\u00f3mo lo vas","og_url":"https:\/\/holiday-maker-france.com\/es\/turismo-de-negocios\/empresas\/","og_site_name":"Holiday maker","article_modified_time":"2022-04-22T12:14:09+00:00","og_image":[{"width":1920,"height":1271,"url":"https:\/\/holiday-maker-france.com\/app\/uploads\/2022\/01\/partenaire.jpg","type":"image\/jpeg"}],"twitter_card":"summary_large_image","twitter_misc":{"Est. reading time":"1 minute"},"schema":{"@context":"https:\/\/schema.org","@graph":[{"@type":"WebSite","@id":"https:\/\/holiday-maker-france.com\/#website","url":"https:\/\/holiday-maker-france.com\/","name":"Holiday maker","description":"Just another WordPress site","potentialAction":[{"@type":"SearchAction","target":{"@type":"EntryPoint","urlTemplate":"https:\/\/holiday-maker-france.com\/?s={search_term_string}"},"query-input":"required name=search_term_string"}],"inLanguage":"es-ES"},{"@type":"ImageObject","@id":"https:\/\/holiday-maker-france.com\/es\/turismo-de-negocios\/empresas\/#primaryimage","inLanguage":"es-ES","url":"https:\/\/holiday-maker-france.com\/app\/uploads\/2022\/01\/partenaire.jpg","contentUrl":"https:\/\/holiday-maker-france.com\/app\/uploads\/2022\/01\/partenaire.jpg","width":1920,"height":1271},{"@type":"WebPage","@id":"https:\/\/holiday-maker-france.com\/es\/turismo-de-negocios\/empresas\/#webpage","url":"https:\/\/holiday-maker-france.com\/es\/turismo-de-negocios\/empresas\/","name":"Empresas - Holiday maker","isPartOf":{"@id":"https:\/\/holiday-maker-france.com\/#website"},"primaryImageOfPage":{"@id":"https:\/\/holiday-maker-france.com\/es\/turismo-de-negocios\/empresas\/#primaryimage"},"datePublished":"2021-10-11T12:23:20+00:00","dateModified":"2022-04-22T12:14:09+00:00","breadcrumb":{"@id":"https:\/\/holiday-maker-france.com\/es\/turismo-de-negocios\/empresas\/#breadcrumb"},"inLanguage":"es-ES","potentialAction":[{"@type":"ReadAction","target":["https:\/\/holiday-maker-france.com\/es\/turismo-de-negocios\/empresas\/"]}]},{"@type":"BreadcrumbList","@id":"https:\/\/holiday-maker-france.com\/es\/turismo-de-negocios\/empresas\/#breadcrumb","itemListElement":[{"@type":"ListItem","position":1,"name":"Home","item":"https:\/\/holiday-maker-france.com\/es\/"},{"@type":"ListItem","position":2,"name":"Turismo de negocios","item":"https:\/\/holiday-maker-france.com\/es\/turismo-de-negocios\/"},{"@type":"ListItem","position":3,"name":"Empresas"}]}]}},"_links":{"self":[{"href":"https:\/\/holiday-maker-france.com\/es\/wp-json\/wp\/v2\/pages\/777"}],"collection":[{"href":"https:\/\/holiday-maker-france.com\/es\/wp-json\/wp\/v2\/pages"}],"about":[{"href":"https:\/\/holiday-maker-france.com\/es\/wp-json\/wp\/v2\/types\/page"}],"author":[{"embeddable":true,"href":"https:\/\/holiday-maker-france.com\/es\/wp-json\/wp\/v2\/users\/1"}],"replies":[{"embeddable":true,"href":"https:\/\/holiday-maker-france.com\/es\/wp-json\/wp\/v2\/comments?post=777"}],"version-history":[{"count":3,"href":"https:\/\/holiday-maker-france.com\/es\/wp-json\/wp\/v2\/pages\/777\/revisions"}],"predecessor-version":[{"id":1065,"href":"https:\/\/holiday-maker-france.com\/es\/wp-json\/wp\/v2\/pages\/777\/revisions\/1065"}],"up":[{"embeddable":true,"href":"https:\/\/holiday-maker-france.com\/es\/wp-json\/wp\/v2\/pages\/740"}],"wp:featuredmedia":[{"embeddable":true,"href":"https:\/\/holiday-maker-france.com\/es\/wp-json\/wp\/v2\/media\/695"}],"wp:attachment":[{"href":"https:\/\/holiday-maker-france.com\/es\/wp-json\/wp\/v2\/media?parent=777"}],"curies":[{"name":"wp","href":"https:\/\/api.w.org\/{rel}","templated":true}]}}