{"id":771,"date":"2021-10-11T12:21:20","date_gmt":"2021-10-11T12:21:20","guid":{"rendered":"https:\/\/holiday-maker-france.com\/voyages-loisirs\/en-alsace\/"},"modified":"2022-04-22T12:10:40","modified_gmt":"2022-04-22T12:10:40","slug":"en-alsacia","status":"publish","type":"page","link":"https:\/\/holiday-maker-france.com\/es\/viajes-de-placer\/en-alsacia\/","title":{"rendered":"En Alsacia"},"content":{"rendered":"<section class=\"picture-cover\">\n    <img width=\"1920\" height=\"795\" src=\"https:\/\/holiday-maker-france.com\/app\/uploads\/2022\/01\/holiday_maker_slider_alsace.jpeg\" class=\"picture-cover__picture\" alt=\"\" loading=\"lazy\" srcset=\"https:\/\/holiday-maker-france.com\/app\/uploads\/2022\/01\/holiday_maker_slider_alsace.jpeg 1920w, https:\/\/holiday-maker-france.com\/app\/uploads\/2022\/01\/holiday_maker_slider_alsace-300x124.jpeg 300w, https:\/\/holiday-maker-france.com\/app\/uploads\/2022\/01\/holiday_maker_slider_alsace-1024x424.jpeg 1024w, https:\/\/holiday-maker-france.com\/app\/uploads\/2022\/01\/holiday_maker_slider_alsace-768x318.jpeg 768w, https:\/\/holiday-maker-france.com\/app\/uploads\/2022\/01\/holiday_maker_slider_alsace-1536x636.jpeg 1536w\" sizes=\"(max-width: 1920px) 100vw, 1920px\" \/>\n<\/section>\n\n\n<section class=\"section\">\n    <div class=\"grid-container\">\n        \n\n<h1 class=\"has-text-align-center\">En Alsacia<\/h1>\n\n\n<section class=\"section\">\n    <div class=\"grid-container\">\n        <div class=\"grid-x grid-margin-x grid-margin-y\">\n            <div class=\"cell small-12 large-8\">\n                \n\n<p>Como expertos en viajes \u00aba la carta&nbsp;\u00bb y en la regi\u00f3n de Alsacia, estamos a tu lado para la elaboraci\u00f3n de un viaje tur\u00edstico que sea de tu agrado:<\/p>\n\n\n\n<p>Estamos asentados en nuestra amada regi\u00f3n desde hace m\u00e1s de 30 a\u00f1os&#8230; \u00a1Los m\u00e1s rec\u00f3nditos rincones de la Alsacia no tienen secretos para nosotros!<\/p>\n\n\n\n<p>\u00bfBuscas una granja-albergue en el macizo de los Vosgos para deleitarte con la famosa comida <em>marcaire<\/em> (en una granja) \u00bfQuieres familiarizarse con la cer\u00e1mica de Soufflenheim, o hacer un viaje en el tiempo y conocer a un caballero de la Edad Media en un castillo fortificado?<\/p>\n\n\n\n<p>Alsacia, regi\u00f3n rica en historia, cultura, arquitectura y gastronom\u00eda, es el escenario ideal para satisfacer todos tus deseos: para un fin de semana, una estancia corta o incluso un viaje m\u00e1s extenso para conocer la regi\u00f3n en profundidad.<\/p>\n\n\n\n<p>Ven y emprende la ruta, lo m\u00e1s dif\u00edcil ser\u00e1 escoger entre tantas opciones:<\/p>\n\n\n\n<ul><li>la ruta de los vinos, que le llevar\u00e1 a lo largo de nada m\u00e1s y nada menos que 170 km, a trav\u00e9s de pintorescos pueblos, descubriendo n\u00e9ctares de variados caracteres.<\/li><li>la Ruta de las Crestas, que te reservan impresionantes vistas.<\/li><li>las Rutas de los Alfareros, las Antiguas Iglesias y Abad\u00edas Rom\u00e1nicas, y a\u00fan algunas \u00absorpresas\u00bb m\u00e1s.<\/li><\/ul>\n\n\n\n<p>Si lo que prefieres son los caminos pavimentados, las ciudades de Alsacia, grandes o peque\u00f1as, tienen cada una su peculiar car\u00e1cter. Desde Estrasburgo, declarada patrimonio mundial de la UNESCO, hasta Saverne, antigua ciudad episcopal, pasando por Mulhouse, capital de los museos, o Colmar, ciudad de vinos y canales\u2026 \u00a1Todas te enamorar\u00e1n!<\/p>\n\n\n\n<p>\u00a1Y c\u00f3mo hablar de Alsacia sin hablar de Navidad! Este per\u00edodo imprescindible e inolvidable durante el que se revelan la magia de las luces, la belleza de los mercados enclavados en los pueblos, los variados aromas de las especias y la incre\u00edble riqueza de los adornos y decoraciones navide\u00f1os!<\/p>\n\n\n\n<p><strong>D\u00e9jate sorprender por el lado m\u00e1s original y sorprendente de Alsacia y vive tu<\/strong> <strong>propia experiencia&#8230;<\/strong><\/p>\n\n\n            <\/div>\n            <div class=\"cell small-12 large-4\">\n                <div class=\"grid-x grid-margin-x grid-margin-y\">\n                                <div class=\"cell small-12 medium-4 large-12\">\n                    <img width=\"1024\" height=\"576\" src=\"https:\/\/holiday-maker-france.com\/app\/uploads\/2022\/01\/alsace.jpg\" class=\"attachment-full size-full\" alt=\"\" loading=\"lazy\" srcset=\"https:\/\/holiday-maker-france.com\/app\/uploads\/2022\/01\/alsace.jpg 1024w, https:\/\/holiday-maker-france.com\/app\/uploads\/2022\/01\/alsace-300x169.jpg 300w, https:\/\/holiday-maker-france.com\/app\/uploads\/2022\/01\/alsace-768x432.jpg 768w\" sizes=\"(max-width: 1024px) 100vw, 1024px\" \/>\n                <\/div>\n                                <div class=\"cell small-12 medium-4 large-12\">\n                    <img width=\"1280\" height=\"853\" src=\"https:\/\/holiday-maker-france.com\/app\/uploads\/2022\/01\/holiday-maker-alsace-2.jpg\" class=\"attachment-full size-full\" alt=\"\" loading=\"lazy\" srcset=\"https:\/\/holiday-maker-france.com\/app\/uploads\/2022\/01\/holiday-maker-alsace-2.jpg 1280w, https:\/\/holiday-maker-france.com\/app\/uploads\/2022\/01\/holiday-maker-alsace-2-300x200.jpg 300w, https:\/\/holiday-maker-france.com\/app\/uploads\/2022\/01\/holiday-maker-alsace-2-1024x682.jpg 1024w, https:\/\/holiday-maker-france.com\/app\/uploads\/2022\/01\/holiday-maker-alsace-2-768x512.jpg 768w\" sizes=\"(max-width: 1280px) 100vw, 1280px\" \/>\n                <\/div>\n                                <div class=\"cell small-12 medium-4 large-12\">\n                    <img width=\"1920\" height=\"1275\" src=\"https:\/\/holiday-maker-france.com\/app\/uploads\/2022\/01\/holiday-maker-alsace-3.jpg\" class=\"attachment-full size-full\" alt=\"\" loading=\"lazy\" srcset=\"https:\/\/holiday-maker-france.com\/app\/uploads\/2022\/01\/holiday-maker-alsace-3.jpg 1920w, https:\/\/holiday-maker-france.com\/app\/uploads\/2022\/01\/holiday-maker-alsace-3-300x199.jpg 300w, https:\/\/holiday-maker-france.com\/app\/uploads\/2022\/01\/holiday-maker-alsace-3-1024x680.jpg 1024w, https:\/\/holiday-maker-france.com\/app\/uploads\/2022\/01\/holiday-maker-alsace-3-768x510.jpg 768w, https:\/\/holiday-maker-france.com\/app\/uploads\/2022\/01\/holiday-maker-alsace-3-1536x1020.jpg 1536w\" sizes=\"(max-width: 1920px) 100vw, 1920px\" \/>\n                <\/div>\n                                <\/div>\n            <\/div>\n        <\/div>\n    <\/div>\n<\/section>\n\n\n    <\/div>\n<\/section>\n\n\n<section class=\"section section--color-primary\">\n    <div class=\"grid-container\">\n        \n    <h2 class=\"title-double text-center\">\n                <span class=\"title-double__line1\">Contacto<\/span>\n                            <span class=\"title-double__line2\">\u00bfTienes un proyecto?<\/span>\n            <\/h2>\n\n\n\n<p class=\"has-text-align-center\">\u00a1Ponte en contacto con nosotros! Nuestro equipo est\u00e1 siempre dispuesto a ayudarte a realizar tus proyectos.<\/p>\n\n\n<div class=\"button-group align-center\">\n    \n<a class=\"button secondary\" href=\"https:\/\/holiday-maker-france.com\/es\/contacto\/\">\u00a1cont\u00e1ctanos!<\/a>\n\n\n\n\n\n<\/div>\n\n\n    <\/div>\n<\/section>\n","protected":false},"excerpt":{"rendered":"<p>Como expertos en viajes \u00aba la carta&nbsp;\u00bb y en la regi\u00f3n de Alsacia, estamos a tu lado para la elaboraci\u00f3n<\/p>\n","protected":false},"author":1,"featured_media":638,"parent":737,"menu_order":1,"comment_status":"closed","ping_status":"closed","template":"","meta":[],"acf":[],"yoast_head":"<!-- This site is optimized with the Yoast SEO plugin v18.6 - https:\/\/yoast.com\/wordpress\/plugins\/seo\/ -->\n<title>En Alsacia - Holiday maker<\/title>\n<meta name=\"robots\" content=\"index, follow, max-snippet:-1, max-image-preview:large, max-video-preview:-1\" \/>\n<link rel=\"canonical\" href=\"https:\/\/holiday-maker-france.com\/es\/viajes-de-placer\/en-alsacia\/\" \/>\n<meta property=\"og:locale\" content=\"es_ES\" \/>\n<meta property=\"og:type\" content=\"article\" \/>\n<meta property=\"og:title\" content=\"En Alsacia - Holiday maker\" \/>\n<meta property=\"og:description\" content=\"Como expertos en viajes \u00aba la carta&nbsp;\u00bb y en la regi\u00f3n de Alsacia, estamos a tu lado para la elaboraci\u00f3n\" \/>\n<meta property=\"og:url\" content=\"https:\/\/holiday-maker-france.com\/es\/viajes-de-placer\/en-alsacia\/\" \/>\n<meta property=\"og:site_name\" content=\"Holiday maker\" \/>\n<meta property=\"article:modified_time\" content=\"2022-04-22T12:10:40+00:00\" \/>\n<meta property=\"og:image\" content=\"https:\/\/holiday-maker-france.com\/app\/uploads\/2022\/01\/alsace.jpg\" \/>\n\t<meta property=\"og:image:width\" content=\"1024\" \/>\n\t<meta property=\"og:image:height\" content=\"576\" \/>\n\t<meta property=\"og:image:type\" content=\"image\/jpeg\" \/>\n<meta name=\"twitter:card\" content=\"summary_large_image\" \/>\n<meta name=\"twitter:label1\" content=\"Est. reading time\" \/>\n\t<meta name=\"twitter:data1\" content=\"2 minutes\" \/>\n<script type=\"application\/ld+json\" class=\"yoast-schema-graph\">{\"@context\":\"https:\/\/schema.org\",\"@graph\":[{\"@type\":\"WebSite\",\"@id\":\"https:\/\/holiday-maker-france.com\/#website\",\"url\":\"https:\/\/holiday-maker-france.com\/\",\"name\":\"Holiday maker\",\"description\":\"Just another WordPress site\",\"potentialAction\":[{\"@type\":\"SearchAction\",\"target\":{\"@type\":\"EntryPoint\",\"urlTemplate\":\"https:\/\/holiday-maker-france.com\/?s={search_term_string}\"},\"query-input\":\"required name=search_term_string\"}],\"inLanguage\":\"es-ES\"},{\"@type\":\"ImageObject\",\"@id\":\"https:\/\/holiday-maker-france.com\/es\/viajes-de-placer\/en-alsacia\/#primaryimage\",\"inLanguage\":\"es-ES\",\"url\":\"https:\/\/holiday-maker-france.com\/app\/uploads\/2022\/01\/alsace.jpg\",\"contentUrl\":\"https:\/\/holiday-maker-france.com\/app\/uploads\/2022\/01\/alsace.jpg\",\"width\":1024,\"height\":576,\"caption\":\"binary comment\"},{\"@type\":\"WebPage\",\"@id\":\"https:\/\/holiday-maker-france.com\/es\/viajes-de-placer\/en-alsacia\/#webpage\",\"url\":\"https:\/\/holiday-maker-france.com\/es\/viajes-de-placer\/en-alsacia\/\",\"name\":\"En Alsacia - Holiday maker\",\"isPartOf\":{\"@id\":\"https:\/\/holiday-maker-france.com\/#website\"},\"primaryImageOfPage\":{\"@id\":\"https:\/\/holiday-maker-france.com\/es\/viajes-de-placer\/en-alsacia\/#primaryimage\"},\"datePublished\":\"2021-10-11T12:21:20+00:00\",\"dateModified\":\"2022-04-22T12:10:40+00:00\",\"breadcrumb\":{\"@id\":\"https:\/\/holiday-maker-france.com\/es\/viajes-de-placer\/en-alsacia\/#breadcrumb\"},\"inLanguage\":\"es-ES\",\"potentialAction\":[{\"@type\":\"ReadAction\",\"target\":[\"https:\/\/holiday-maker-france.com\/es\/viajes-de-placer\/en-alsacia\/\"]}]},{\"@type\":\"BreadcrumbList\",\"@id\":\"https:\/\/holiday-maker-france.com\/es\/viajes-de-placer\/en-alsacia\/#breadcrumb\",\"itemListElement\":[{\"@type\":\"ListItem\",\"position\":1,\"name\":\"Home\",\"item\":\"https:\/\/holiday-maker-france.com\/es\/\"},{\"@type\":\"ListItem\",\"position\":2,\"name\":\"Viajes de placer\",\"item\":\"https:\/\/holiday-maker-france.com\/es\/viajes-de-placer\/\"},{\"@type\":\"ListItem\",\"position\":3,\"name\":\"En Alsacia\"}]}]}<\/script>\n<!-- \/ Yoast SEO plugin. -->","yoast_head_json":{"title":"En Alsacia - Holiday maker","robots":{"index":"index","follow":"follow","max-snippet":"max-snippet:-1","max-image-preview":"max-image-preview:large","max-video-preview":"max-video-preview:-1"},"canonical":"https:\/\/holiday-maker-france.com\/es\/viajes-de-placer\/en-alsacia\/","og_locale":"es_ES","og_type":"article","og_title":"En Alsacia - Holiday maker","og_description":"Como expertos en viajes \u00aba la carta&nbsp;\u00bb y en la regi\u00f3n de Alsacia, estamos a tu lado para la elaboraci\u00f3n","og_url":"https:\/\/holiday-maker-france.com\/es\/viajes-de-placer\/en-alsacia\/","og_site_name":"Holiday maker","article_modified_time":"2022-04-22T12:10:40+00:00","og_image":[{"width":1024,"height":576,"url":"https:\/\/holiday-maker-france.com\/app\/uploads\/2022\/01\/alsace.jpg","type":"image\/jpeg"}],"twitter_card":"summary_large_image","twitter_misc":{"Est. reading time":"2 minutes"},"schema":{"@context":"https:\/\/schema.org","@graph":[{"@type":"WebSite","@id":"https:\/\/holiday-maker-france.com\/#website","url":"https:\/\/holiday-maker-france.com\/","name":"Holiday maker","description":"Just another WordPress site","potentialAction":[{"@type":"SearchAction","target":{"@type":"EntryPoint","urlTemplate":"https:\/\/holiday-maker-france.com\/?s={search_term_string}"},"query-input":"required name=search_term_string"}],"inLanguage":"es-ES"},{"@type":"ImageObject","@id":"https:\/\/holiday-maker-france.com\/es\/viajes-de-placer\/en-alsacia\/#primaryimage","inLanguage":"es-ES","url":"https:\/\/holiday-maker-france.com\/app\/uploads\/2022\/01\/alsace.jpg","contentUrl":"https:\/\/holiday-maker-france.com\/app\/uploads\/2022\/01\/alsace.jpg","width":1024,"height":576,"caption":"binary comment"},{"@type":"WebPage","@id":"https:\/\/holiday-maker-france.com\/es\/viajes-de-placer\/en-alsacia\/#webpage","url":"https:\/\/holiday-maker-france.com\/es\/viajes-de-placer\/en-alsacia\/","name":"En Alsacia - Holiday maker","isPartOf":{"@id":"https:\/\/holiday-maker-france.com\/#website"},"primaryImageOfPage":{"@id":"https:\/\/holiday-maker-france.com\/es\/viajes-de-placer\/en-alsacia\/#primaryimage"},"datePublished":"2021-10-11T12:21:20+00:00","dateModified":"2022-04-22T12:10:40+00:00","breadcrumb":{"@id":"https:\/\/holiday-maker-france.com\/es\/viajes-de-placer\/en-alsacia\/#breadcrumb"},"inLanguage":"es-ES","potentialAction":[{"@type":"ReadAction","target":["https:\/\/holiday-maker-france.com\/es\/viajes-de-placer\/en-alsacia\/"]}]},{"@type":"BreadcrumbList","@id":"https:\/\/holiday-maker-france.com\/es\/viajes-de-placer\/en-alsacia\/#breadcrumb","itemListElement":[{"@type":"ListItem","position":1,"name":"Home","item":"https:\/\/holiday-maker-france.com\/es\/"},{"@type":"ListItem","position":2,"name":"Viajes de placer","item":"https:\/\/holiday-maker-france.com\/es\/viajes-de-placer\/"},{"@type":"ListItem","position":3,"name":"En Alsacia"}]}]}},"_links":{"self":[{"href":"https:\/\/holiday-maker-france.com\/es\/wp-json\/wp\/v2\/pages\/771"}],"collection":[{"href":"https:\/\/holiday-maker-france.com\/es\/wp-json\/wp\/v2\/pages"}],"about":[{"href":"https:\/\/holiday-maker-france.com\/es\/wp-json\/wp\/v2\/types\/page"}],"author":[{"embeddable":true,"href":"https:\/\/holiday-maker-france.com\/es\/wp-json\/wp\/v2\/users\/1"}],"replies":[{"embeddable":true,"href":"https:\/\/holiday-maker-france.com\/es\/wp-json\/wp\/v2\/comments?post=771"}],"version-history":[{"count":3,"href":"https:\/\/holiday-maker-france.com\/es\/wp-json\/wp\/v2\/pages\/771\/revisions"}],"predecessor-version":[{"id":1058,"href":"https:\/\/holiday-maker-france.com\/es\/wp-json\/wp\/v2\/pages\/771\/revisions\/1058"}],"up":[{"embeddable":true,"href":"https:\/\/holiday-maker-france.com\/es\/wp-json\/wp\/v2\/pages\/737"}],"wp:featuredmedia":[{"embeddable":true,"href":"https:\/\/holiday-maker-france.com\/es\/wp-json\/wp\/v2\/media\/638"}],"wp:attachment":[{"href":"https:\/\/holiday-maker-france.com\/es\/wp-json\/wp\/v2\/media?parent=771"}],"curies":[{"name":"wp","href":"https:\/\/api.w.org\/{rel}","templated":true}]}}