{"id":768,"date":"2021-07-20T15:04:41","date_gmt":"2021-07-20T15:04:41","guid":{"rendered":"https:\/\/holiday-maker-france.com\/notre-agence\/ils-temoignent\/"},"modified":"2022-04-22T12:05:33","modified_gmt":"2022-04-22T12:05:33","slug":"testimonios","status":"publish","type":"page","link":"https:\/\/holiday-maker-france.com\/es\/nuestra-agencia\/testimonios\/","title":{"rendered":"Testimonios"},"content":{"rendered":"<section class=\"picture-cover\">\n    <img width=\"1523\" height=\"1013\" src=\"https:\/\/holiday-maker-france.com\/app\/uploads\/2022\/01\/holiday-maker-agence.jpg\" class=\"picture-cover__picture\" alt=\"\" loading=\"lazy\" srcset=\"https:\/\/holiday-maker-france.com\/app\/uploads\/2022\/01\/holiday-maker-agence.jpg 1523w, https:\/\/holiday-maker-france.com\/app\/uploads\/2022\/01\/holiday-maker-agence-300x200.jpg 300w, https:\/\/holiday-maker-france.com\/app\/uploads\/2022\/01\/holiday-maker-agence-1024x681.jpg 1024w, https:\/\/holiday-maker-france.com\/app\/uploads\/2022\/01\/holiday-maker-agence-768x511.jpg 768w\" sizes=\"(max-width: 1523px) 100vw, 1523px\" \/>\n<\/section>\n\n\n<section class=\"section\">\n    <div class=\"grid-container\">\n        \n\n<h1 class=\"has-text-align-center\">Testimonios<\/h1>\n\n\n\n<p>Desde su creaci\u00f3n en 1990, el equipo de la agencia de viajes Holiday Maker ha tenido la oportunidad de organizar numerosos proyectos y realizar maravillosos encuentros.<\/p>\n\n\n\n<p>Gracias a ello, Holiday Maker sigue creciendo d\u00eda a d\u00eda.<\/p>\n\n\n<div class=\"testimony\">\n    <div class=\"grid-x small-up-1 medium-up-2 grid-padding-x grid-margin-y\">\n                <div class=\"cell\">\n            <article class=\"page-card \">\n    <a class=\"page-card__picture\" href=\"https:\/\/holiday-maker-france.com\/es\/?testimony=sadia-et-claudia-ccgpf\">\n        \n    <\/a>\n    <div class=\"page-card__content\">\n        <h1 class=\"page-card__title\">Sadia et Claudia, CCGPF<\/h1>\n        <div class=\"page-card__excerpt\">\n                            <p>Holiday Maker nos ofrece siempre servicios de calidad, seguros y de confianza para nuestros grupos de adolescentes, satisfaciendo y escuchando sus necesidades hasta l\u00edmites insospechados.<\/p>\n<p>Trabajamos en estrecha colaboraci\u00f3n desde hace 15 a\u00f1os, y solo podemos alabar la competencia, la disponibilidad y la satisfacci\u00f3n que proporcionan sus servicios, as\u00ed como la amabilidad de los empleados y colaboradores de Holiday Maker.<\/p>\n\n                    <\/div>\n            <\/div>\n<\/article>\n        <\/div>\n                <div class=\"cell\">\n            <article class=\"page-card \">\n    <a class=\"page-card__picture\" href=\"https:\/\/holiday-maker-france.com\/es\/?testimony=marie-ensolia\">\n        \n    <\/a>\n    <div class=\"page-card__content\">\n        <h1 class=\"page-card__title\">Marie \u2013 Ensolia<\/h1>\n        <div class=\"page-card__excerpt\">\n                            <p>Como siempre, una buen\u00edsima organizaci\u00f3n desde la planificaci\u00f3n hasta la ejecuci\u00f3n en el destino.<\/p>\n<p>Nada que reprochar en este nuevo viaje en grupo a Alsacia.<\/p>\n<p>La calidad de los servicios (hotel, restaurantes, actividades) estaba a la altura. El equipo Holiday Maker presta atenci\u00f3n al m\u00e1s m\u00ednimo detalle de la estancia para garantizar que todo vaya bien. Y supieron darnos valiosos consejos para disfrutar de nuestra estancia.<\/p>\n\n                    <\/div>\n            <\/div>\n<\/article>\n        <\/div>\n                <div class=\"cell\">\n            <article class=\"page-card \">\n    <a class=\"page-card__picture\" href=\"https:\/\/holiday-maker-france.com\/es\/?testimony=roxane-weiss-hans-associes\">\n        \n    <\/a>\n    <div class=\"page-card__content\">\n        <h1 class=\"page-card__title\">Roxane Weiss &#8211; Hans &#038; Associ\u00e9s<\/h1>\n        <div class=\"page-card__excerpt\">\n                            <p>Holiday Maker ha dirigido la organizaci\u00f3n de eventos para el grupo Hans &amp;<br \/>\nassoci\u00e9s en muchas ocasiones. Al principio, cuando hab\u00eda que preparar comit\u00e9s de direcci\u00f3n o seminarios de empresa, nos encarg\u00e1bamos nosotros mismos de la organizaci\u00f3n interna. Pero esto nos exig\u00eda demasiados recursos (tiempo, personal, etc.) \u00a1y nos generaba mucho estr\u00e9s! Desde que confiamos la organizaci\u00f3n de nuestros eventos internos a Holiday Maker, estamos mucho m\u00e1s tranquilos.<\/p>\n<p>Tenemos a nuestra disposici\u00f3n seguros que son muy \u00fatiles y nos permiten viajar con toda tranquilidad. Sabemos que, pase lo que pase, la agencia est\u00e1 al tanto de lo que est\u00e1 sucediendo y puede reaccionar r\u00e1pidamente. Sin embargo, los problemas y otros peque\u00f1os contratiempos son muy poco frecuentes, porque todo est\u00e1 bien planificado.<\/p>\n<p>En resumen, \u00a1todo son comodidades! Generalmente, transmito alguna informaci\u00f3n sobre el programa deseado (por ejemplo, un viaje de 3 d\u00edas con 2 reuniones de trabajo y 3 actividades en <em>team building<\/em>): luego recibimos propuestas y soluciones adaptadas a nuestras necesidades.<br \/>\nLa agencia nos ha acompa\u00f1ado en varios viajes: Viena, Roma, Alicante \u00a1e incluso en Rumania! Los puntos fuertes de Holiday Maker son muchos, pero si los tuviera que resumir en pocas palabras: son reactivos, profesionales y cuentan con una buena red de socios, ya sea en Alsacia o en el extranjero. \u00a1Es tan agradable poder contar con alguien competente y poder relajarse y olvidarse de los imprevistos!<\/p>\n\n                    <\/div>\n            <\/div>\n<\/article>\n        <\/div>\n            <\/div>\n<\/div>\n\n\n    <\/div>\n<\/section>\n\n\n<section class=\"section section--color-primary\">\n    <div class=\"grid-container\">\n        \n    <h2 class=\"title-double text-center\">\n                <span class=\"title-double__line1\">Contacto<\/span>\n                            <span class=\"title-double__line2\">\u00bfTienes un proyecto?<\/span>\n            <\/h2>\n\n\n\n<p class=\"has-text-align-center\">\u00a1Ponte en contacto con nosotros! Nuestro equipo est\u00e1 siempre dispuesto a ayudarte a realizar tus proyectos.<\/p>\n\n\n<div class=\"button-group align-center\">\n    \n<a class=\"button secondary\" href=\"https:\/\/holiday-maker-france.com\/es\/contacto\/\">\u00a1cont\u00e1ctanos!<\/a>\n\n\n\n\n\n<\/div>\n\n\n    <\/div>\n<\/section>\n","protected":false},"excerpt":{"rendered":"<p>Desde su creaci\u00f3n en 1990, el equipo de la agencia de viajes Holiday Maker ha tenido la oportunidad de organizar<\/p>\n","protected":false},"author":1,"featured_media":665,"parent":734,"menu_order":5,"comment_status":"closed","ping_status":"closed","template":"","meta":[],"acf":[],"yoast_head":"<!-- This site is optimized with the Yoast SEO plugin v18.6 - https:\/\/yoast.com\/wordpress\/plugins\/seo\/ -->\n<title>Testimonios - Holiday maker<\/title>\n<meta name=\"robots\" content=\"index, follow, max-snippet:-1, max-image-preview:large, max-video-preview:-1\" \/>\n<link rel=\"canonical\" href=\"https:\/\/holiday-maker-france.com\/es\/nuestra-agencia\/testimonios\/\" \/>\n<meta property=\"og:locale\" content=\"es_ES\" \/>\n<meta property=\"og:type\" content=\"article\" \/>\n<meta property=\"og:title\" content=\"Testimonios - Holiday maker\" \/>\n<meta property=\"og:description\" content=\"Desde su creaci\u00f3n en 1990, el equipo de la agencia de viajes Holiday Maker ha tenido la oportunidad de organizar\" \/>\n<meta property=\"og:url\" content=\"https:\/\/holiday-maker-france.com\/es\/nuestra-agencia\/testimonios\/\" \/>\n<meta property=\"og:site_name\" content=\"Holiday maker\" \/>\n<meta property=\"article:modified_time\" content=\"2022-04-22T12:05:33+00:00\" \/>\n<meta property=\"og:image\" content=\"https:\/\/holiday-maker-france.com\/app\/uploads\/2022\/01\/holiday-maker-temoignage.jpg\" \/>\n\t<meta property=\"og:image:width\" content=\"1512\" \/>\n\t<meta property=\"og:image:height\" content=\"2016\" \/>\n\t<meta property=\"og:image:type\" content=\"image\/jpeg\" \/>\n<meta name=\"twitter:card\" content=\"summary_large_image\" \/>\n<meta name=\"twitter:label1\" content=\"Est. reading time\" \/>\n\t<meta name=\"twitter:data1\" content=\"1 minute\" \/>\n<script type=\"application\/ld+json\" class=\"yoast-schema-graph\">{\"@context\":\"https:\/\/schema.org\",\"@graph\":[{\"@type\":\"WebSite\",\"@id\":\"https:\/\/holiday-maker-france.com\/#website\",\"url\":\"https:\/\/holiday-maker-france.com\/\",\"name\":\"Holiday maker\",\"description\":\"Just another WordPress site\",\"potentialAction\":[{\"@type\":\"SearchAction\",\"target\":{\"@type\":\"EntryPoint\",\"urlTemplate\":\"https:\/\/holiday-maker-france.com\/?s={search_term_string}\"},\"query-input\":\"required name=search_term_string\"}],\"inLanguage\":\"es-ES\"},{\"@type\":\"ImageObject\",\"@id\":\"https:\/\/holiday-maker-france.com\/es\/nuestra-agencia\/testimonios\/#primaryimage\",\"inLanguage\":\"es-ES\",\"url\":\"https:\/\/holiday-maker-france.com\/app\/uploads\/2022\/01\/holiday-maker-temoignage.jpg\",\"contentUrl\":\"https:\/\/holiday-maker-france.com\/app\/uploads\/2022\/01\/holiday-maker-temoignage.jpg\",\"width\":1512,\"height\":2016},{\"@type\":\"WebPage\",\"@id\":\"https:\/\/holiday-maker-france.com\/es\/nuestra-agencia\/testimonios\/#webpage\",\"url\":\"https:\/\/holiday-maker-france.com\/es\/nuestra-agencia\/testimonios\/\",\"name\":\"Testimonios - Holiday maker\",\"isPartOf\":{\"@id\":\"https:\/\/holiday-maker-france.com\/#website\"},\"primaryImageOfPage\":{\"@id\":\"https:\/\/holiday-maker-france.com\/es\/nuestra-agencia\/testimonios\/#primaryimage\"},\"datePublished\":\"2021-07-20T15:04:41+00:00\",\"dateModified\":\"2022-04-22T12:05:33+00:00\",\"breadcrumb\":{\"@id\":\"https:\/\/holiday-maker-france.com\/es\/nuestra-agencia\/testimonios\/#breadcrumb\"},\"inLanguage\":\"es-ES\",\"potentialAction\":[{\"@type\":\"ReadAction\",\"target\":[\"https:\/\/holiday-maker-france.com\/es\/nuestra-agencia\/testimonios\/\"]}]},{\"@type\":\"BreadcrumbList\",\"@id\":\"https:\/\/holiday-maker-france.com\/es\/nuestra-agencia\/testimonios\/#breadcrumb\",\"itemListElement\":[{\"@type\":\"ListItem\",\"position\":1,\"name\":\"Home\",\"item\":\"https:\/\/holiday-maker-france.com\/es\/\"},{\"@type\":\"ListItem\",\"position\":2,\"name\":\"Nuestra Agencia\",\"item\":\"https:\/\/holiday-maker-france.com\/es\/nuestra-agencia\/\"},{\"@type\":\"ListItem\",\"position\":3,\"name\":\"Testimonios\"}]}]}<\/script>\n<!-- \/ Yoast SEO plugin. -->","yoast_head_json":{"title":"Testimonios - Holiday maker","robots":{"index":"index","follow":"follow","max-snippet":"max-snippet:-1","max-image-preview":"max-image-preview:large","max-video-preview":"max-video-preview:-1"},"canonical":"https:\/\/holiday-maker-france.com\/es\/nuestra-agencia\/testimonios\/","og_locale":"es_ES","og_type":"article","og_title":"Testimonios - Holiday maker","og_description":"Desde su creaci\u00f3n en 1990, el equipo de la agencia de viajes Holiday Maker ha tenido la oportunidad de organizar","og_url":"https:\/\/holiday-maker-france.com\/es\/nuestra-agencia\/testimonios\/","og_site_name":"Holiday maker","article_modified_time":"2022-04-22T12:05:33+00:00","og_image":[{"width":1512,"height":2016,"url":"https:\/\/holiday-maker-france.com\/app\/uploads\/2022\/01\/holiday-maker-temoignage.jpg","type":"image\/jpeg"}],"twitter_card":"summary_large_image","twitter_misc":{"Est. reading time":"1 minute"},"schema":{"@context":"https:\/\/schema.org","@graph":[{"@type":"WebSite","@id":"https:\/\/holiday-maker-france.com\/#website","url":"https:\/\/holiday-maker-france.com\/","name":"Holiday maker","description":"Just another WordPress site","potentialAction":[{"@type":"SearchAction","target":{"@type":"EntryPoint","urlTemplate":"https:\/\/holiday-maker-france.com\/?s={search_term_string}"},"query-input":"required name=search_term_string"}],"inLanguage":"es-ES"},{"@type":"ImageObject","@id":"https:\/\/holiday-maker-france.com\/es\/nuestra-agencia\/testimonios\/#primaryimage","inLanguage":"es-ES","url":"https:\/\/holiday-maker-france.com\/app\/uploads\/2022\/01\/holiday-maker-temoignage.jpg","contentUrl":"https:\/\/holiday-maker-france.com\/app\/uploads\/2022\/01\/holiday-maker-temoignage.jpg","width":1512,"height":2016},{"@type":"WebPage","@id":"https:\/\/holiday-maker-france.com\/es\/nuestra-agencia\/testimonios\/#webpage","url":"https:\/\/holiday-maker-france.com\/es\/nuestra-agencia\/testimonios\/","name":"Testimonios - Holiday maker","isPartOf":{"@id":"https:\/\/holiday-maker-france.com\/#website"},"primaryImageOfPage":{"@id":"https:\/\/holiday-maker-france.com\/es\/nuestra-agencia\/testimonios\/#primaryimage"},"datePublished":"2021-07-20T15:04:41+00:00","dateModified":"2022-04-22T12:05:33+00:00","breadcrumb":{"@id":"https:\/\/holiday-maker-france.com\/es\/nuestra-agencia\/testimonios\/#breadcrumb"},"inLanguage":"es-ES","potentialAction":[{"@type":"ReadAction","target":["https:\/\/holiday-maker-france.com\/es\/nuestra-agencia\/testimonios\/"]}]},{"@type":"BreadcrumbList","@id":"https:\/\/holiday-maker-france.com\/es\/nuestra-agencia\/testimonios\/#breadcrumb","itemListElement":[{"@type":"ListItem","position":1,"name":"Home","item":"https:\/\/holiday-maker-france.com\/es\/"},{"@type":"ListItem","position":2,"name":"Nuestra Agencia","item":"https:\/\/holiday-maker-france.com\/es\/nuestra-agencia\/"},{"@type":"ListItem","position":3,"name":"Testimonios"}]}]}},"_links":{"self":[{"href":"https:\/\/holiday-maker-france.com\/es\/wp-json\/wp\/v2\/pages\/768"}],"collection":[{"href":"https:\/\/holiday-maker-france.com\/es\/wp-json\/wp\/v2\/pages"}],"about":[{"href":"https:\/\/holiday-maker-france.com\/es\/wp-json\/wp\/v2\/types\/page"}],"author":[{"embeddable":true,"href":"https:\/\/holiday-maker-france.com\/es\/wp-json\/wp\/v2\/users\/1"}],"replies":[{"embeddable":true,"href":"https:\/\/holiday-maker-france.com\/es\/wp-json\/wp\/v2\/comments?post=768"}],"version-history":[{"count":3,"href":"https:\/\/holiday-maker-france.com\/es\/wp-json\/wp\/v2\/pages\/768\/revisions"}],"predecessor-version":[{"id":1052,"href":"https:\/\/holiday-maker-france.com\/es\/wp-json\/wp\/v2\/pages\/768\/revisions\/1052"}],"up":[{"embeddable":true,"href":"https:\/\/holiday-maker-france.com\/es\/wp-json\/wp\/v2\/pages\/734"}],"wp:featuredmedia":[{"embeddable":true,"href":"https:\/\/holiday-maker-france.com\/es\/wp-json\/wp\/v2\/media\/665"}],"wp:attachment":[{"href":"https:\/\/holiday-maker-france.com\/es\/wp-json\/wp\/v2\/media?parent=768"}],"curies":[{"name":"wp","href":"https:\/\/api.w.org\/{rel}","templated":true}]}}