{"id":765,"date":"2021-10-11T11:59:41","date_gmt":"2021-10-11T11:59:41","guid":{"rendered":"https:\/\/holiday-maker-france.com\/notre-agence\/qui-sommes-nous\/"},"modified":"2022-04-22T12:04:40","modified_gmt":"2022-04-22T12:04:40","slug":"quienes-somos","status":"publish","type":"page","link":"https:\/\/holiday-maker-france.com\/es\/nuestra-agencia\/quienes-somos\/","title":{"rendered":"\u00bfQui\u00e9nes somos?"},"content":{"rendered":"<section class=\"picture-cover\">\n    <img width=\"1523\" height=\"1013\" src=\"https:\/\/holiday-maker-france.com\/app\/uploads\/2022\/01\/holiday-maker-agence.jpg\" class=\"picture-cover__picture\" alt=\"\" loading=\"lazy\" srcset=\"https:\/\/holiday-maker-france.com\/app\/uploads\/2022\/01\/holiday-maker-agence.jpg 1523w, https:\/\/holiday-maker-france.com\/app\/uploads\/2022\/01\/holiday-maker-agence-300x200.jpg 300w, https:\/\/holiday-maker-france.com\/app\/uploads\/2022\/01\/holiday-maker-agence-1024x681.jpg 1024w, https:\/\/holiday-maker-france.com\/app\/uploads\/2022\/01\/holiday-maker-agence-768x511.jpg 768w\" sizes=\"(max-width: 1523px) 100vw, 1523px\" \/>\n<\/section>\n\n\n<section class=\"section\">\n    <div class=\"grid-container\">\n        \n    <h1 class=\"title-double text-center\">\n                <span class=\"title-double__line1\">2 creadoras<\/span>\n                            <span class=\"title-double__line2\">de experiencias  al servicio de tus deseos<\/span>\n            <\/h1>\n\n\n<section class=\"section\">\n    <div class=\"grid-container\">\n        <div class=\"grid-x grid-margin-x grid-margin-y\">\n            <div class=\"cell small-12 large-8\">\n                \n\n<h2><strong>Christine Neubauer<\/strong><\/h2>\n\n\n\n<p>Gracias a sus padres, Christine tuvo la oportunidad de disfrutar de una infancia fuera de lo com\u00fan.<\/p>\n\n\n\n<p>El padre de Christine, jefe de obra, cambiaba de misi\u00f3n, y por lo tanto de pa\u00eds, cada dos o tres a\u00f1os. Tan pronto como era posible, su familia lo segu\u00eda por montes y valles. Y el lugar de paso obligado entre dos viajes era siempre Alsacia, por supuesto, la patria de su padre.<\/p>\n\n\n\n<p>De estas tribulaciones por todos los rincones del mundo, Christine ha conservado el gusto por el descubrimiento y la aventura, pero tambi\u00e9n el dominio de varias lenguas europeas incluyendo el eslovaco, la lengua nativa de su madre.<\/p>\n\n\n\n<p>Despu\u00e9s de sus estudios de turismo y hosteler\u00eda, Christine se incorpor\u00f3 a la agencia Holiday Maker. Los deseos se cumplen a veces y Christine, que entr\u00f3 como trabajadora en pr\u00e1cticas, sigue all\u00ed 10 a\u00f1os m\u00e1s tarde, ahora como responsable de gesti\u00f3n de grupos. En 2010, cuando los propietarios de la agencia planean pasar el relevo, piensan naturalmente en su fiel asalariada. Despu\u00e9s de algunas semanas de reflexi\u00f3n, Christine aborda este proyecto con una persona a la que conoc\u00eda de mucho tiempo atr\u00e1s, C\u00e9line Rebstock. Junto a ella, finalmente Christine se hace cargo de la agencia en 2011.<\/p>\n\n\n            <\/div>\n            <div class=\"cell small-12 large-4\">\n                <div class=\"grid-x grid-margin-x grid-margin-y\">\n                                <div class=\"cell small-12 medium-4 large-12\">\n                    <img width=\"2048\" height=\"1282\" src=\"https:\/\/holiday-maker-france.com\/app\/uploads\/2022\/01\/holiday-maker-christine-neubauer.jpg\" class=\"attachment-full size-full\" alt=\"\" loading=\"lazy\" srcset=\"https:\/\/holiday-maker-france.com\/app\/uploads\/2022\/01\/holiday-maker-christine-neubauer.jpg 2048w, https:\/\/holiday-maker-france.com\/app\/uploads\/2022\/01\/holiday-maker-christine-neubauer-300x188.jpg 300w, https:\/\/holiday-maker-france.com\/app\/uploads\/2022\/01\/holiday-maker-christine-neubauer-1024x641.jpg 1024w, https:\/\/holiday-maker-france.com\/app\/uploads\/2022\/01\/holiday-maker-christine-neubauer-768x481.jpg 768w, https:\/\/holiday-maker-france.com\/app\/uploads\/2022\/01\/holiday-maker-christine-neubauer-1536x962.jpg 1536w\" sizes=\"(max-width: 2048px) 100vw, 2048px\" \/>\n                <\/div>\n                                <\/div>\n            <\/div>\n        <\/div>\n    <\/div>\n<\/section>\n\n\n<section class=\"section\">\n    <div class=\"grid-container\">\n        <div class=\"grid-x grid-margin-x grid-margin-y\">\n            <div class=\"cell small-12 large-8\">\n                \n\n<h2><strong>C\u00e9line\u00a0Rebstock\u00a0<\/strong><\/h2>\n\n\n\n<p>\u00bfNacimiento, estudios, familia, car\u00e1cter o experiencias profesionales? Cualquiera que sea el aspecto de la vida de Celine sobre el que deseemos saber m\u00e1s, sin duda nos llevar\u00e1\u2026 \u00a1directamente a la Alsacia!<\/p>\n\n\n\n<p>Nacida en Saverne, C\u00e9line conoce a Christine durante sus a\u00f1os de secundaria. Las dos j\u00f3venes comparten el gusto por el esfuerzo y el trabajo bien hecho, y por ello siempre siguieron en contacto.<\/p>\n\n\n\n<p>&nbsp;Tras sus estudios en el Liceo Hotelero de Illkirch, cerca de Estrasburgo, C\u00e9line trabaja durante 9 a\u00f1os como agente de venta de vuelos para la empresa Carlson Wagonlit.<\/p>\n\n\n\n<p>C\u00e9line disfruta y va progresando en este oficio, que requiere mucho rigor, firmeza y un aprendizaje permanente. As\u00ed, cuando Christine le propone la adquisici\u00f3n de la agencia Holiday Maker, C\u00e9line no puede resistirse a esta oportunidad \u00fanica de hacer de su regi\u00f3n natal su \u00abterreno de juego&nbsp;\u00bb.<\/p>\n\n\n\n<p>Hay que decir que Celine est\u00e1 muy apegada a su identidad y a sus ra\u00edces alsacianas. De la Alsacia y de los alsacianos, le gusta todo o casi todo&#8230;:<\/p>\n\n\n\n<ul><li>Los paisajes variopintos, desde las f\u00e9rtiles llanuras hasta la Ruta de las Crestas<\/li><li>Los numerosos vestigios heredados de su atribulada historia<\/li><li>La rica arquitectura civil, militar o religiosa&#8230;<\/li><\/ul>\n\n\n\n<p>\u00a1Y por supuesto, esta famosa doble cultura, francesa y germ\u00e1nica, sin igual en el mundo!<\/p>\n\n\n\n<p>Estimulada por la experiencia y el car\u00e1cter apacible de Christine, C\u00e9line se compromete con ella en la aventura empresarial.<\/p>\n\n\n\n<p><em>\u00abLo que ninguna imaginaba sola, lo hicimos juntas.\u00bb<\/em><\/p>\n\n\n            <\/div>\n            <div class=\"cell small-12 large-4\">\n                <div class=\"grid-x grid-margin-x grid-margin-y\">\n                                <div class=\"cell small-12 medium-4 large-12\">\n                    <img width=\"486\" height=\"318\" src=\"https:\/\/holiday-maker-france.com\/app\/uploads\/2022\/01\/holiday-maker-celine-rebstock.jpg\" class=\"attachment-full size-full\" alt=\"\" loading=\"lazy\" srcset=\"https:\/\/holiday-maker-france.com\/app\/uploads\/2022\/01\/holiday-maker-celine-rebstock.jpg 486w, https:\/\/holiday-maker-france.com\/app\/uploads\/2022\/01\/holiday-maker-celine-rebstock-300x196.jpg 300w\" sizes=\"(max-width: 486px) 100vw, 486px\" \/>\n                <\/div>\n                                <\/div>\n            <\/div>\n        <\/div>\n    <\/div>\n<\/section>\n\n\n    <h2 class=\"title-double text-center\">\n                <span class=\"title-double__line1\">\u2026 et 3 d\u00e9cennies <\/span>\n                            <span class=\"title-double__line2\">de s\u00e9jours inoubliables <\/span>\n            <\/h2>\n\n\n\n<p>Desde su creaci\u00f3n, Holiday Maker ha dise\u00f1ado los viajes de negocios y de ocio en Alsacia y en toda Europa para cerca de 5000 grupos, es decir, m\u00e1s de 160.000 personas. Es en el trabajo \u00aba medida\u00bb donde se revela la creatividad. Aqu\u00ed hay algunos ejemplos que ilustran el \u00absavoir-faire\u00bb de la agencia:<\/p>\n\n\n\n<ul><li>2003: \u00abTandems de la Neva\u00bb para la asociaci\u00f3n Valentin Ha\u00fcy. 15 parejas (siendo invidente una de las personas del t\u00e1ndem) recorren el trayecto Par\u00eds-San Petersburgo en 23 d\u00edas.<\/li><li>2013: Viaje de placer sobre el tema de la enolog\u00eda para empresarios portugueses, con servicios de alta gama y visitas a bodegas y vi\u00f1edos privados.<\/li><li>2014: Organizaci\u00f3n de un congreso profesional m\u00e9dico en Estrasburgo que congreg\u00f3 a varios cientos de participantes de todo el mundo.<\/li><li>2015: Alquiler del castillo de Haut-Koenigsbourg para una cena de gala privada y exclusiva en la sala de armas, en honor de un grupo de empresarios surcoreanos. La batuta, claro, \u00a1la llevaba\u2026 un chef galardonado con estrellas Michelin!<\/li><li>2017: A\u00f1o Nuevo a la carta para los ejecutivos de una cadena de grandes almacenes europeos.<\/li><li>2018: Estancia gastron\u00f3mica de alta gama para clientes suizos que disfrutaron de festines de lujo en los mejores restaurantes de la zona.<\/li><li>2018: Evento corporativo en el Ch\u00e2teau des Rohan con cena de gala, velada con baile y un brillante photocall, para los recuerdos que permanecer\u00e1n grabados en papel&#8230; cuch\u00e9, \u00a1como una aut\u00e9ntica estrella!<br>\u00b7 2019 : Viaje de negocios para los ejecutivos de una gran compa\u00f1\u00eda de seguros. Conjugando trabajo y el descubrimiento de los tesoros de nuestra regi\u00f3n, disfrutaron de una velada privada y exclusiva de un vi\u00f1edo que domina la llanura de Alsacia.<\/li><\/ul>\n\n\n\n<p>Pero Holiday Maker no solo se dedica a servicios exclusivos o de alta gama. La agencia tambi\u00e9n organiza cada a\u00f1o otras muchas experiencias de diversa \u00edndole. Por ejemplo, organiza viajes para cientos de j\u00f3venes que recorren Europa. Tambi\u00e9n acoge a estudiantes universitarios de todos los pa\u00edses, deseosos de aprender el franc\u00e9s al tiempo que descubren nuestra hermosa regi\u00f3n.<\/p>\n\n\n    <\/div>\n<\/section>\n\n\n<section class=\"section\">\n    <div class=\"grid-container\">\n        \n\n<p class=\"has-text-align-center\"><strong>\u00bfUn largo fin de semana entre la Petit France y la ruta de los vinos? <\/strong><strong><br><\/strong><strong>\u00bfUn picnic en un castillo?<br>\u00bf<\/strong><strong>Una experiencia alucinante para impresionar a tus clientes?<br>\u00bfAlguna otra idea de viaje ins\u00f3lito o, por el contrario, m\u00e1s cl\u00e1sico?<\/strong><\/p>\n\n\n<div class=\"button-group align-center\">\n    \n<a class=\"button primary\" href=\"https:\/\/holiday-maker-france.com\/es\/contacto\/\">CU\u00c9NTANOS TUS DESEOS<\/a>\n\n\n\n\n\n<\/div>\n\n\n    <\/div>\n<\/section>\n\n\n<section class=\"section section--color-primary\">\n    <div class=\"grid-container\">\n        \n    <h2 class=\"title-double text-center\">\n                <span class=\"title-double__line1\">Contacto<\/span>\n                            <span class=\"title-double__line2\">\u00bfTienes un proyecto?<\/span>\n            <\/h2>\n\n\n\n<p class=\"has-text-align-center\">\u00a1Ponte en contacto con nosotros! Nuestro equipo est\u00e1 siempre dispuesto a ayudarte a realizar tus proyectos.<\/p>\n\n\n<div class=\"button-group align-center\">\n    \n<a class=\"button secondary\" href=\"https:\/\/holiday-maker-france.com\/es\/contacto\/\">\u00a1cont\u00e1ctanos!<\/a>\n\n\n\n\n\n<\/div>\n\n\n    <\/div>\n<\/section>\n","protected":false},"excerpt":{"rendered":"<p>Desde su creaci\u00f3n, Holiday Maker ha dise\u00f1ado los viajes de negocios y de ocio en Alsacia y en toda Europa<\/p>\n","protected":false},"author":1,"featured_media":659,"parent":734,"menu_order":1,"comment_status":"closed","ping_status":"closed","template":"","meta":[],"acf":[],"yoast_head":"<!-- This site is optimized with the Yoast SEO plugin v18.6 - https:\/\/yoast.com\/wordpress\/plugins\/seo\/ -->\n<title>\u00bfQui\u00e9nes somos? - Holiday maker<\/title>\n<meta name=\"robots\" content=\"index, follow, max-snippet:-1, max-image-preview:large, max-video-preview:-1\" \/>\n<link rel=\"canonical\" href=\"https:\/\/holiday-maker-france.com\/es\/nuestra-agencia\/quienes-somos\/\" \/>\n<meta property=\"og:locale\" content=\"es_ES\" \/>\n<meta property=\"og:type\" content=\"article\" \/>\n<meta property=\"og:title\" content=\"\u00bfQui\u00e9nes somos? - Holiday maker\" \/>\n<meta property=\"og:description\" content=\"Desde su creaci\u00f3n, Holiday Maker ha dise\u00f1ado los viajes de negocios y de ocio en Alsacia y en toda Europa\" \/>\n<meta property=\"og:url\" content=\"https:\/\/holiday-maker-france.com\/es\/nuestra-agencia\/quienes-somos\/\" \/>\n<meta property=\"og:site_name\" content=\"Holiday maker\" \/>\n<meta property=\"article:modified_time\" content=\"2022-04-22T12:04:40+00:00\" \/>\n<meta property=\"og:image\" content=\"https:\/\/holiday-maker-france.com\/app\/uploads\/2022\/01\/holiday-maker-qui-sommes-nous.jpg\" \/>\n\t<meta property=\"og:image:width\" content=\"1920\" \/>\n\t<meta property=\"og:image:height\" content=\"1280\" \/>\n\t<meta property=\"og:image:type\" content=\"image\/jpeg\" \/>\n<meta name=\"twitter:card\" content=\"summary_large_image\" \/>\n<meta name=\"twitter:label1\" content=\"Est. reading time\" \/>\n\t<meta name=\"twitter:data1\" content=\"5 minutes\" \/>\n<script type=\"application\/ld+json\" class=\"yoast-schema-graph\">{\"@context\":\"https:\/\/schema.org\",\"@graph\":[{\"@type\":\"WebSite\",\"@id\":\"https:\/\/holiday-maker-france.com\/#website\",\"url\":\"https:\/\/holiday-maker-france.com\/\",\"name\":\"Holiday maker\",\"description\":\"Just another WordPress site\",\"potentialAction\":[{\"@type\":\"SearchAction\",\"target\":{\"@type\":\"EntryPoint\",\"urlTemplate\":\"https:\/\/holiday-maker-france.com\/?s={search_term_string}\"},\"query-input\":\"required name=search_term_string\"}],\"inLanguage\":\"es-ES\"},{\"@type\":\"ImageObject\",\"@id\":\"https:\/\/holiday-maker-france.com\/es\/nuestra-agencia\/quienes-somos\/#primaryimage\",\"inLanguage\":\"es-ES\",\"url\":\"https:\/\/holiday-maker-france.com\/app\/uploads\/2022\/01\/holiday-maker-qui-sommes-nous.jpg\",\"contentUrl\":\"https:\/\/holiday-maker-france.com\/app\/uploads\/2022\/01\/holiday-maker-qui-sommes-nous.jpg\",\"width\":1920,\"height\":1280},{\"@type\":\"WebPage\",\"@id\":\"https:\/\/holiday-maker-france.com\/es\/nuestra-agencia\/quienes-somos\/#webpage\",\"url\":\"https:\/\/holiday-maker-france.com\/es\/nuestra-agencia\/quienes-somos\/\",\"name\":\"\u00bfQui\u00e9nes somos? - Holiday maker\",\"isPartOf\":{\"@id\":\"https:\/\/holiday-maker-france.com\/#website\"},\"primaryImageOfPage\":{\"@id\":\"https:\/\/holiday-maker-france.com\/es\/nuestra-agencia\/quienes-somos\/#primaryimage\"},\"datePublished\":\"2021-10-11T11:59:41+00:00\",\"dateModified\":\"2022-04-22T12:04:40+00:00\",\"breadcrumb\":{\"@id\":\"https:\/\/holiday-maker-france.com\/es\/nuestra-agencia\/quienes-somos\/#breadcrumb\"},\"inLanguage\":\"es-ES\",\"potentialAction\":[{\"@type\":\"ReadAction\",\"target\":[\"https:\/\/holiday-maker-france.com\/es\/nuestra-agencia\/quienes-somos\/\"]}]},{\"@type\":\"BreadcrumbList\",\"@id\":\"https:\/\/holiday-maker-france.com\/es\/nuestra-agencia\/quienes-somos\/#breadcrumb\",\"itemListElement\":[{\"@type\":\"ListItem\",\"position\":1,\"name\":\"Home\",\"item\":\"https:\/\/holiday-maker-france.com\/es\/\"},{\"@type\":\"ListItem\",\"position\":2,\"name\":\"Nuestra Agencia\",\"item\":\"https:\/\/holiday-maker-france.com\/es\/nuestra-agencia\/\"},{\"@type\":\"ListItem\",\"position\":3,\"name\":\"\u00bfQui\u00e9nes somos?\"}]}]}<\/script>\n<!-- \/ Yoast SEO plugin. -->","yoast_head_json":{"title":"\u00bfQui\u00e9nes somos? - Holiday maker","robots":{"index":"index","follow":"follow","max-snippet":"max-snippet:-1","max-image-preview":"max-image-preview:large","max-video-preview":"max-video-preview:-1"},"canonical":"https:\/\/holiday-maker-france.com\/es\/nuestra-agencia\/quienes-somos\/","og_locale":"es_ES","og_type":"article","og_title":"\u00bfQui\u00e9nes somos? - Holiday maker","og_description":"Desde su creaci\u00f3n, Holiday Maker ha dise\u00f1ado los viajes de negocios y de ocio en Alsacia y en toda Europa","og_url":"https:\/\/holiday-maker-france.com\/es\/nuestra-agencia\/quienes-somos\/","og_site_name":"Holiday maker","article_modified_time":"2022-04-22T12:04:40+00:00","og_image":[{"width":1920,"height":1280,"url":"https:\/\/holiday-maker-france.com\/app\/uploads\/2022\/01\/holiday-maker-qui-sommes-nous.jpg","type":"image\/jpeg"}],"twitter_card":"summary_large_image","twitter_misc":{"Est. reading time":"5 minutes"},"schema":{"@context":"https:\/\/schema.org","@graph":[{"@type":"WebSite","@id":"https:\/\/holiday-maker-france.com\/#website","url":"https:\/\/holiday-maker-france.com\/","name":"Holiday maker","description":"Just another WordPress site","potentialAction":[{"@type":"SearchAction","target":{"@type":"EntryPoint","urlTemplate":"https:\/\/holiday-maker-france.com\/?s={search_term_string}"},"query-input":"required name=search_term_string"}],"inLanguage":"es-ES"},{"@type":"ImageObject","@id":"https:\/\/holiday-maker-france.com\/es\/nuestra-agencia\/quienes-somos\/#primaryimage","inLanguage":"es-ES","url":"https:\/\/holiday-maker-france.com\/app\/uploads\/2022\/01\/holiday-maker-qui-sommes-nous.jpg","contentUrl":"https:\/\/holiday-maker-france.com\/app\/uploads\/2022\/01\/holiday-maker-qui-sommes-nous.jpg","width":1920,"height":1280},{"@type":"WebPage","@id":"https:\/\/holiday-maker-france.com\/es\/nuestra-agencia\/quienes-somos\/#webpage","url":"https:\/\/holiday-maker-france.com\/es\/nuestra-agencia\/quienes-somos\/","name":"\u00bfQui\u00e9nes somos? - Holiday maker","isPartOf":{"@id":"https:\/\/holiday-maker-france.com\/#website"},"primaryImageOfPage":{"@id":"https:\/\/holiday-maker-france.com\/es\/nuestra-agencia\/quienes-somos\/#primaryimage"},"datePublished":"2021-10-11T11:59:41+00:00","dateModified":"2022-04-22T12:04:40+00:00","breadcrumb":{"@id":"https:\/\/holiday-maker-france.com\/es\/nuestra-agencia\/quienes-somos\/#breadcrumb"},"inLanguage":"es-ES","potentialAction":[{"@type":"ReadAction","target":["https:\/\/holiday-maker-france.com\/es\/nuestra-agencia\/quienes-somos\/"]}]},{"@type":"BreadcrumbList","@id":"https:\/\/holiday-maker-france.com\/es\/nuestra-agencia\/quienes-somos\/#breadcrumb","itemListElement":[{"@type":"ListItem","position":1,"name":"Home","item":"https:\/\/holiday-maker-france.com\/es\/"},{"@type":"ListItem","position":2,"name":"Nuestra Agencia","item":"https:\/\/holiday-maker-france.com\/es\/nuestra-agencia\/"},{"@type":"ListItem","position":3,"name":"\u00bfQui\u00e9nes somos?"}]}]}},"_links":{"self":[{"href":"https:\/\/holiday-maker-france.com\/es\/wp-json\/wp\/v2\/pages\/765"}],"collection":[{"href":"https:\/\/holiday-maker-france.com\/es\/wp-json\/wp\/v2\/pages"}],"about":[{"href":"https:\/\/holiday-maker-france.com\/es\/wp-json\/wp\/v2\/types\/page"}],"author":[{"embeddable":true,"href":"https:\/\/holiday-maker-france.com\/es\/wp-json\/wp\/v2\/users\/1"}],"replies":[{"embeddable":true,"href":"https:\/\/holiday-maker-france.com\/es\/wp-json\/wp\/v2\/comments?post=765"}],"version-history":[{"count":10,"href":"https:\/\/holiday-maker-france.com\/es\/wp-json\/wp\/v2\/pages\/765\/revisions"}],"predecessor-version":[{"id":1048,"href":"https:\/\/holiday-maker-france.com\/es\/wp-json\/wp\/v2\/pages\/765\/revisions\/1048"}],"up":[{"embeddable":true,"href":"https:\/\/holiday-maker-france.com\/es\/wp-json\/wp\/v2\/pages\/734"}],"wp:featuredmedia":[{"embeddable":true,"href":"https:\/\/holiday-maker-france.com\/es\/wp-json\/wp\/v2\/media\/659"}],"wp:attachment":[{"href":"https:\/\/holiday-maker-france.com\/es\/wp-json\/wp\/v2\/media?parent=765"}],"curies":[{"name":"wp","href":"https:\/\/api.w.org\/{rel}","templated":true}]}}