{"id":762,"date":"2021-10-11T12:00:06","date_gmt":"2021-10-11T12:00:06","guid":{"rendered":"https:\/\/holiday-maker-france.com\/notre-agence\/nos-partenaires\/"},"modified":"2022-04-22T12:05:10","modified_gmt":"2022-04-22T12:05:10","slug":"nuestros-socios","status":"publish","type":"page","link":"https:\/\/holiday-maker-france.com\/es\/nuestra-agencia\/nuestros-socios\/","title":{"rendered":"Nuestros socios"},"content":{"rendered":"<section class=\"picture-cover\">\n    <img width=\"1920\" height=\"1271\" src=\"https:\/\/holiday-maker-france.com\/app\/uploads\/2022\/01\/partenaire.jpg\" class=\"picture-cover__picture\" alt=\"\" loading=\"lazy\" srcset=\"https:\/\/holiday-maker-france.com\/app\/uploads\/2022\/01\/partenaire.jpg 1920w, https:\/\/holiday-maker-france.com\/app\/uploads\/2022\/01\/partenaire-300x199.jpg 300w, https:\/\/holiday-maker-france.com\/app\/uploads\/2022\/01\/partenaire-1024x678.jpg 1024w, https:\/\/holiday-maker-france.com\/app\/uploads\/2022\/01\/partenaire-768x508.jpg 768w, https:\/\/holiday-maker-france.com\/app\/uploads\/2022\/01\/partenaire-1536x1017.jpg 1536w\" sizes=\"(max-width: 1920px) 100vw, 1920px\" \/>\n<\/section>\n\n\n<section class=\"section\">\n    <div class=\"grid-container\">\n        \n\n<h1 class=\"has-text-align-center\" id=\"nos-partenaires\">Nuestros socios<\/h1>\n\n\n<section class=\"section\">\n    <div class=\"grid-container\">\n        <div class=\"grid-x grid-margin-x grid-margin-y\">\n            <div class=\"cell small-12 large-8\">\n                \n\n<p>Holiday Maker ha sabido establecer desde sus inicios una red de socios fiables que contribuyen a la longevidad de la empresa y a la satisfacci\u00f3n de sus clientes.<\/p>\n\n\n\n<p>La filosof\u00eda de nuestra agencia es entablar relaciones duraderas tanto con sus proveedores como con sus clientes.<\/p>\n\n\n\n<p>Para ofrecerte prestaciones a la altura de tus expectativas, Holiday Maker recorre el terreno a lo largo del a\u00f1o, a la b\u00fasqueda de los actores del turismo con los que trabaja.<\/p>\n\n\n\n<p>Compartimos la misma visi\u00f3n, la del amor por el oficio, la transmisi\u00f3n de conocimiento y del savoir faire, y as\u00ed logramos que ames y disfrutes el destino de tu viaje, con sus peculiaridades, su identidad y su historia.<\/p>\n\n\n\n<p>Entre m\u00e1s de 250 hoteleros, 150 restauradores y otros tantos gu\u00edas, operadores de ocio, de seminarios o congresos de referencia, te brindaremos una oferta que se adapte a tus necesidades y satisfaga tus expectativas. Y si lo que buscas es viajes y experiencias fuera de lo com\u00fan, cu\u00e9nta con nuestra creatividad y juguemos a imaginar b\u00fasquedas de tesoros, lugares ins\u00f3litos y experiencias in\u00e9ditas.<\/p>\n\n\n            <\/div>\n            <div class=\"cell small-12 large-4\">\n                <div class=\"grid-x grid-margin-x grid-margin-y\">\n                                <div class=\"cell small-12 medium-4 large-12\">\n                    <img width=\"320\" height=\"214\" src=\"https:\/\/holiday-maker-france.com\/app\/uploads\/2022\/02\/resto.jpg\" class=\"attachment-full size-full\" alt=\"\" loading=\"lazy\" srcset=\"https:\/\/holiday-maker-france.com\/app\/uploads\/2022\/02\/resto.jpg 320w, https:\/\/holiday-maker-france.com\/app\/uploads\/2022\/02\/resto-300x201.jpg 300w\" sizes=\"(max-width: 320px) 100vw, 320px\" \/>\n                <\/div>\n                                <div class=\"cell small-12 medium-4 large-12\">\n                    <img width=\"320\" height=\"240\" src=\"https:\/\/holiday-maker-france.com\/app\/uploads\/2022\/02\/20180420_094327.jpg\" class=\"attachment-full size-full\" alt=\"\" loading=\"lazy\" srcset=\"https:\/\/holiday-maker-france.com\/app\/uploads\/2022\/02\/20180420_094327.jpg 320w, https:\/\/holiday-maker-france.com\/app\/uploads\/2022\/02\/20180420_094327-300x225.jpg 300w\" sizes=\"(max-width: 320px) 100vw, 320px\" \/>\n                <\/div>\n                                <\/div>\n            <\/div>\n        <\/div>\n    <\/div>\n<\/section>\n\n\n    <\/div>\n<\/section>\n\n\n<section class=\"section section--color-primary\">\n    <div class=\"grid-container\">\n        \n    <h2 class=\"title-double text-center\">\n                <span class=\"title-double__line1\">Contacto<\/span>\n                            <span class=\"title-double__line2\">\u00bfTienes un proyecto?<\/span>\n            <\/h2>\n\n\n\n<p class=\"has-text-align-center\">\u00a1Ponte en contacto con nosotros! Nuestro equipo est\u00e1 siempre dispuesto a ayudarte a realizar tus proyectos.<\/p>\n\n\n<div class=\"button-group align-center\">\n    \n<a class=\"button secondary\" href=\"https:\/\/holiday-maker-france.com\/es\/contacto\/\">\u00a1cont\u00e1ctanos!<\/a>\n\n\n\n\n\n<\/div>\n\n\n    <\/div>\n<\/section>\n","protected":false},"excerpt":{"rendered":"<p>Holiday Maker ha sabido establecer desde sus inicios una red de socios fiables que contribuyen a la longevidad de la<\/p>\n","protected":false},"author":1,"featured_media":662,"parent":734,"menu_order":2,"comment_status":"closed","ping_status":"closed","template":"","meta":[],"acf":[],"yoast_head":"<!-- This site is optimized with the Yoast SEO plugin v18.6 - https:\/\/yoast.com\/wordpress\/plugins\/seo\/ -->\n<title>Nuestros socios - Holiday maker<\/title>\n<meta name=\"robots\" content=\"index, follow, max-snippet:-1, max-image-preview:large, max-video-preview:-1\" \/>\n<link rel=\"canonical\" href=\"https:\/\/holiday-maker-france.com\/es\/nuestra-agencia\/nuestros-socios\/\" \/>\n<meta property=\"og:locale\" content=\"es_ES\" \/>\n<meta property=\"og:type\" content=\"article\" \/>\n<meta property=\"og:title\" content=\"Nuestros socios - Holiday maker\" \/>\n<meta property=\"og:description\" content=\"Holiday Maker ha sabido establecer desde sus inicios una red de socios fiables que contribuyen a la longevidad de la\" \/>\n<meta property=\"og:url\" content=\"https:\/\/holiday-maker-france.com\/es\/nuestra-agencia\/nuestros-socios\/\" \/>\n<meta property=\"og:site_name\" content=\"Holiday maker\" \/>\n<meta property=\"article:modified_time\" content=\"2022-04-22T12:05:10+00:00\" \/>\n<meta property=\"og:image\" content=\"https:\/\/holiday-maker-france.com\/app\/uploads\/2022\/01\/holiday-maker-partenaire.jpg\" \/>\n\t<meta property=\"og:image:width\" content=\"1920\" \/>\n\t<meta property=\"og:image:height\" content=\"1280\" \/>\n\t<meta property=\"og:image:type\" content=\"image\/jpeg\" \/>\n<meta name=\"twitter:card\" content=\"summary_large_image\" \/>\n<meta name=\"twitter:label1\" content=\"Est. reading time\" \/>\n\t<meta name=\"twitter:data1\" content=\"1 minute\" \/>\n<script type=\"application\/ld+json\" class=\"yoast-schema-graph\">{\"@context\":\"https:\/\/schema.org\",\"@graph\":[{\"@type\":\"WebSite\",\"@id\":\"https:\/\/holiday-maker-france.com\/#website\",\"url\":\"https:\/\/holiday-maker-france.com\/\",\"name\":\"Holiday maker\",\"description\":\"Just another WordPress site\",\"potentialAction\":[{\"@type\":\"SearchAction\",\"target\":{\"@type\":\"EntryPoint\",\"urlTemplate\":\"https:\/\/holiday-maker-france.com\/?s={search_term_string}\"},\"query-input\":\"required name=search_term_string\"}],\"inLanguage\":\"es-ES\"},{\"@type\":\"ImageObject\",\"@id\":\"https:\/\/holiday-maker-france.com\/es\/nuestra-agencia\/nuestros-socios\/#primaryimage\",\"inLanguage\":\"es-ES\",\"url\":\"https:\/\/holiday-maker-france.com\/app\/uploads\/2022\/01\/holiday-maker-partenaire.jpg\",\"contentUrl\":\"https:\/\/holiday-maker-france.com\/app\/uploads\/2022\/01\/holiday-maker-partenaire.jpg\",\"width\":1920,\"height\":1280},{\"@type\":\"WebPage\",\"@id\":\"https:\/\/holiday-maker-france.com\/es\/nuestra-agencia\/nuestros-socios\/#webpage\",\"url\":\"https:\/\/holiday-maker-france.com\/es\/nuestra-agencia\/nuestros-socios\/\",\"name\":\"Nuestros socios - Holiday maker\",\"isPartOf\":{\"@id\":\"https:\/\/holiday-maker-france.com\/#website\"},\"primaryImageOfPage\":{\"@id\":\"https:\/\/holiday-maker-france.com\/es\/nuestra-agencia\/nuestros-socios\/#primaryimage\"},\"datePublished\":\"2021-10-11T12:00:06+00:00\",\"dateModified\":\"2022-04-22T12:05:10+00:00\",\"breadcrumb\":{\"@id\":\"https:\/\/holiday-maker-france.com\/es\/nuestra-agencia\/nuestros-socios\/#breadcrumb\"},\"inLanguage\":\"es-ES\",\"potentialAction\":[{\"@type\":\"ReadAction\",\"target\":[\"https:\/\/holiday-maker-france.com\/es\/nuestra-agencia\/nuestros-socios\/\"]}]},{\"@type\":\"BreadcrumbList\",\"@id\":\"https:\/\/holiday-maker-france.com\/es\/nuestra-agencia\/nuestros-socios\/#breadcrumb\",\"itemListElement\":[{\"@type\":\"ListItem\",\"position\":1,\"name\":\"Home\",\"item\":\"https:\/\/holiday-maker-france.com\/es\/\"},{\"@type\":\"ListItem\",\"position\":2,\"name\":\"Nuestra Agencia\",\"item\":\"https:\/\/holiday-maker-france.com\/es\/nuestra-agencia\/\"},{\"@type\":\"ListItem\",\"position\":3,\"name\":\"Nuestros socios\"}]}]}<\/script>\n<!-- \/ Yoast SEO plugin. -->","yoast_head_json":{"title":"Nuestros socios - Holiday maker","robots":{"index":"index","follow":"follow","max-snippet":"max-snippet:-1","max-image-preview":"max-image-preview:large","max-video-preview":"max-video-preview:-1"},"canonical":"https:\/\/holiday-maker-france.com\/es\/nuestra-agencia\/nuestros-socios\/","og_locale":"es_ES","og_type":"article","og_title":"Nuestros socios - Holiday maker","og_description":"Holiday Maker ha sabido establecer desde sus inicios una red de socios fiables que contribuyen a la longevidad de la","og_url":"https:\/\/holiday-maker-france.com\/es\/nuestra-agencia\/nuestros-socios\/","og_site_name":"Holiday maker","article_modified_time":"2022-04-22T12:05:10+00:00","og_image":[{"width":1920,"height":1280,"url":"https:\/\/holiday-maker-france.com\/app\/uploads\/2022\/01\/holiday-maker-partenaire.jpg","type":"image\/jpeg"}],"twitter_card":"summary_large_image","twitter_misc":{"Est. reading time":"1 minute"},"schema":{"@context":"https:\/\/schema.org","@graph":[{"@type":"WebSite","@id":"https:\/\/holiday-maker-france.com\/#website","url":"https:\/\/holiday-maker-france.com\/","name":"Holiday maker","description":"Just another WordPress site","potentialAction":[{"@type":"SearchAction","target":{"@type":"EntryPoint","urlTemplate":"https:\/\/holiday-maker-france.com\/?s={search_term_string}"},"query-input":"required name=search_term_string"}],"inLanguage":"es-ES"},{"@type":"ImageObject","@id":"https:\/\/holiday-maker-france.com\/es\/nuestra-agencia\/nuestros-socios\/#primaryimage","inLanguage":"es-ES","url":"https:\/\/holiday-maker-france.com\/app\/uploads\/2022\/01\/holiday-maker-partenaire.jpg","contentUrl":"https:\/\/holiday-maker-france.com\/app\/uploads\/2022\/01\/holiday-maker-partenaire.jpg","width":1920,"height":1280},{"@type":"WebPage","@id":"https:\/\/holiday-maker-france.com\/es\/nuestra-agencia\/nuestros-socios\/#webpage","url":"https:\/\/holiday-maker-france.com\/es\/nuestra-agencia\/nuestros-socios\/","name":"Nuestros socios - Holiday maker","isPartOf":{"@id":"https:\/\/holiday-maker-france.com\/#website"},"primaryImageOfPage":{"@id":"https:\/\/holiday-maker-france.com\/es\/nuestra-agencia\/nuestros-socios\/#primaryimage"},"datePublished":"2021-10-11T12:00:06+00:00","dateModified":"2022-04-22T12:05:10+00:00","breadcrumb":{"@id":"https:\/\/holiday-maker-france.com\/es\/nuestra-agencia\/nuestros-socios\/#breadcrumb"},"inLanguage":"es-ES","potentialAction":[{"@type":"ReadAction","target":["https:\/\/holiday-maker-france.com\/es\/nuestra-agencia\/nuestros-socios\/"]}]},{"@type":"BreadcrumbList","@id":"https:\/\/holiday-maker-france.com\/es\/nuestra-agencia\/nuestros-socios\/#breadcrumb","itemListElement":[{"@type":"ListItem","position":1,"name":"Home","item":"https:\/\/holiday-maker-france.com\/es\/"},{"@type":"ListItem","position":2,"name":"Nuestra Agencia","item":"https:\/\/holiday-maker-france.com\/es\/nuestra-agencia\/"},{"@type":"ListItem","position":3,"name":"Nuestros socios"}]}]}},"_links":{"self":[{"href":"https:\/\/holiday-maker-france.com\/es\/wp-json\/wp\/v2\/pages\/762"}],"collection":[{"href":"https:\/\/holiday-maker-france.com\/es\/wp-json\/wp\/v2\/pages"}],"about":[{"href":"https:\/\/holiday-maker-france.com\/es\/wp-json\/wp\/v2\/types\/page"}],"author":[{"embeddable":true,"href":"https:\/\/holiday-maker-france.com\/es\/wp-json\/wp\/v2\/users\/1"}],"replies":[{"embeddable":true,"href":"https:\/\/holiday-maker-france.com\/es\/wp-json\/wp\/v2\/comments?post=762"}],"version-history":[{"count":3,"href":"https:\/\/holiday-maker-france.com\/es\/wp-json\/wp\/v2\/pages\/762\/revisions"}],"predecessor-version":[{"id":1050,"href":"https:\/\/holiday-maker-france.com\/es\/wp-json\/wp\/v2\/pages\/762\/revisions\/1050"}],"up":[{"embeddable":true,"href":"https:\/\/holiday-maker-france.com\/es\/wp-json\/wp\/v2\/pages\/734"}],"wp:featuredmedia":[{"embeddable":true,"href":"https:\/\/holiday-maker-france.com\/es\/wp-json\/wp\/v2\/media\/662"}],"wp:attachment":[{"href":"https:\/\/holiday-maker-france.com\/es\/wp-json\/wp\/v2\/media?parent=762"}],"curies":[{"name":"wp","href":"https:\/\/api.w.org\/{rel}","templated":true}]}}