{"id":743,"date":"2021-07-20T15:06:34","date_gmt":"2021-07-20T15:06:34","guid":{"rendered":"https:\/\/holiday-maker-france.com\/contact\/"},"modified":"2022-04-22T10:42:27","modified_gmt":"2022-04-22T10:42:27","slug":"contacto","status":"publish","type":"page","link":"https:\/\/holiday-maker-france.com\/es\/contacto\/","title":{"rendered":"Contacto"},"content":{"rendered":"<section class=\"picture-cover\">\n    <img width=\"1523\" height=\"1013\" src=\"https:\/\/holiday-maker-france.com\/app\/uploads\/2022\/01\/holiday-maker-agence.jpg\" class=\"picture-cover__picture\" alt=\"\" loading=\"lazy\" srcset=\"https:\/\/holiday-maker-france.com\/app\/uploads\/2022\/01\/holiday-maker-agence.jpg 1523w, https:\/\/holiday-maker-france.com\/app\/uploads\/2022\/01\/holiday-maker-agence-300x200.jpg 300w, https:\/\/holiday-maker-france.com\/app\/uploads\/2022\/01\/holiday-maker-agence-1024x681.jpg 1024w, https:\/\/holiday-maker-france.com\/app\/uploads\/2022\/01\/holiday-maker-agence-768x511.jpg 768w\" sizes=\"(max-width: 1523px) 100vw, 1523px\" \/>\n<\/section>\n\n\n<section class=\"section\">\n    <div class=\"grid-container\">\n        \n    <h1 class=\"title-double \">\n                <span class=\"title-double__line1\">\u00bfNecesitas consejo?<\/span>\n                            <span class=\"title-double__line2\">Contacta nuestro equipo<\/span>\n            <\/h1>\n\n\n\n<div class=\"wp-block-contact-form-7-contact-form-selector\"><div role=\"form\" class=\"wpcf7\" id=\"wpcf7-f944-o1\" lang=\"es-ES\" dir=\"ltr\">\n<div class=\"screen-reader-response\"><p role=\"status\" aria-live=\"polite\" aria-atomic=\"true\"><\/p> <ul><\/ul><\/div>\n<form action=\"\/es\/wp-json\/wp\/v2\/pages\/743#wpcf7-f944-o1\" method=\"post\" class=\"wpcf7-form init\" enctype=\"multipart\/form-data\" novalidate=\"novalidate\" data-status=\"init\">\n<div style=\"display: none;\">\n<input type=\"hidden\" name=\"_wpcf7\" value=\"944\" \/>\n<input type=\"hidden\" name=\"_wpcf7_version\" value=\"5.5.6\" \/>\n<input type=\"hidden\" name=\"_wpcf7_locale\" value=\"es_ES\" \/>\n<input type=\"hidden\" name=\"_wpcf7_unit_tag\" value=\"wpcf7-f944-o1\" \/>\n<input type=\"hidden\" name=\"_wpcf7_container_post\" value=\"0\" \/>\n<input type=\"hidden\" name=\"_wpcf7_posted_data_hash\" value=\"\" \/>\n<input type=\"hidden\" name=\"_wpcf7_recaptcha_response\" value=\"\" \/>\n<\/div>\n<div class=\"grid-x grid-margin-x grid-margin-y\">\n<div class=\"cell small-12 medium-6\">\n        <label style=\"display: inline-block;\" for=\"civilite\">Sexo<span class=\"c-primary\">*<\/span> :<\/label> <span class=\"wpcf7-form-control-wrap civilite\"><span class=\"wpcf7-form-control wpcf7-checkbox wpcf7-validates-as-required\"><span class=\"wpcf7-list-item first\"><label><input type=\"checkbox\" name=\"civilite[]\" value=\"Mujer\" \/><span class=\"wpcf7-list-item-label\">Mujer<\/span><\/label><\/span><span class=\"wpcf7-list-item last\"><label><input type=\"checkbox\" name=\"civilite[]\" value=\"Hombre\" \/><span class=\"wpcf7-list-item-label\">Hombre<\/span><\/label><\/span><\/span><\/span>\n    <\/div>\n<div class=\"cell small-12 medium-6\">\n        <label style=\"display: inline-block;\" for=\"last-name\">Apellido\/s<span class=\"c-primary\">*<\/span> :<\/label><br \/>\n        <span class=\"wpcf7-form-control-wrap last-name\"><input type=\"text\" name=\"last-name\" value=\"\" size=\"40\" class=\"wpcf7-form-control wpcf7-text wpcf7-validates-as-required\" id=\"last-name\" aria-required=\"true\" aria-invalid=\"false\" placeholder=\"Apellido\/s*\" \/><\/span>\n    <\/div>\n<div class=\"cell small-12 medium-6\">\n        <label style=\"display: inline-block;\" for=\"first-name\">Nombre<span class=\"c-primary\">*<\/span> :<\/label><br \/>\n        <span class=\"wpcf7-form-control-wrap first-name\"><input type=\"text\" name=\"first-name\" value=\"\" size=\"40\" class=\"wpcf7-form-control wpcf7-text wpcf7-validates-as-required\" id=\"first-name\" aria-required=\"true\" aria-invalid=\"false\" placeholder=\"Nombre*\" \/><\/span>\n    <\/div>\n<div class=\"cell small-12 medium-6\">\n        <label style=\"display: inline-block;\" for=\"your-email\">Correo electr\u00f3nico<span class=\"c-primary\">*<\/span> :<\/label><br \/>\n        <span class=\"wpcf7-form-control-wrap your-email\"><input type=\"email\" name=\"your-email\" value=\"\" size=\"40\" class=\"wpcf7-form-control wpcf7-text wpcf7-email wpcf7-validates-as-required wpcf7-validates-as-email\" id=\"your-email\" aria-required=\"true\" aria-invalid=\"false\" placeholder=\"Correo electr\u00f3nico*\" \/><\/span>\n    <\/div>\n<div class=\"cell small-12 medium-6\">\n        <label style=\"display: inline-block;\" for=\"your-phone\">N\u00famero de tel\u00e9fono<span class=\"c-primary\">*<\/span> :<\/label><br \/>\n        <span class=\"wpcf7-form-control-wrap your-phone\"><input type=\"text\" name=\"your-phone\" value=\"\" size=\"40\" class=\"wpcf7-form-control wpcf7-text wpcf7-validates-as-required\" id=\"your-phone\" aria-required=\"true\" aria-invalid=\"false\" placeholder=\"N\u00famero de tel\u00e9fono*\" \/><\/span>\n    <\/div>\n<div class=\"cell small-12 medium-6\">\n        <label style=\"display: inline-block;\" for=\"societe\">Sociedad :<\/label><br \/>\n        <span class=\"wpcf7-form-control-wrap societe\"><input type=\"text\" name=\"societe\" value=\"\" size=\"40\" class=\"wpcf7-form-control wpcf7-text\" id=\"societe\" aria-invalid=\"false\" placeholder=\"Sociedad\" \/><\/span>\n    <\/div>\n<div class=\"cell small-12 medium-6\">\n        <label style=\"display: inline-block;\" for=\"fonction\">Cargo\/ puesto :<\/label><br \/>\n        <span class=\"wpcf7-form-control-wrap fonction\"><input type=\"text\" name=\"fonction\" value=\"\" size=\"40\" class=\"wpcf7-form-control wpcf7-text\" id=\"fonction\" aria-invalid=\"false\" placeholder=\"Cargo\/ puesto\" \/><\/span>\n    <\/div>\n<div class=\"cell small-12 medium-6\">\n        <label style=\"display: inline-block;\" for=\"adresse\">Direcci\u00f3n :<\/label><br \/>\n        <span class=\"wpcf7-form-control-wrap adresse\"><input type=\"text\" name=\"adresse\" value=\"\" size=\"40\" class=\"wpcf7-form-control wpcf7-text\" id=\"adresse\" aria-invalid=\"false\" placeholder=\"Direcci\u00f3n\" \/><\/span>\n    <\/div>\n<div class=\"cell small-12 medium-6\">\n        <label style=\"display: inline-block;\" for=\"code-postal\">C\u00f3digo postal :<\/label><br \/>\n        <span class=\"wpcf7-form-control-wrap code-postal\"><input type=\"text\" name=\"code-postal\" value=\"\" size=\"40\" class=\"wpcf7-form-control wpcf7-text\" id=\"code-postal\" aria-invalid=\"false\" placeholder=\"C\u00f3digo postal\" \/><\/span>\n    <\/div>\n<div class=\"cell small-12 medium-6\">\n        <label style=\"display: inline-block;\" for=\"ville\">Ciudad :<\/label><br \/>\n        <span class=\"wpcf7-form-control-wrap ville\"><input type=\"text\" name=\"ville\" value=\"\" size=\"40\" class=\"wpcf7-form-control wpcf7-text\" id=\"ville\" aria-invalid=\"false\" placeholder=\"Ciudad\" \/><\/span>\n    <\/div>\n<div class=\"cell small-12\">\n        <label for=\"subject\">Objeto de tu petici\u00f3n<span class=\"c-primary\">*<\/span><\/label><span class=\"wpcf7-form-control-wrap subject\"><select name=\"subject\" class=\"wpcf7-form-control wpcf7-select wpcf7-validates-as-required\" id=\"subject\" aria-required=\"true\" aria-invalid=\"false\"><option value=\"Solicitar presupuesto\">Solicitar presupuesto<\/option><option value=\"Enviar mi candidatura\">Enviar mi candidatura<\/option><option value=\"otro\">otro<\/option><\/select><\/span>\n    <\/div>\n<div class=\"cell small-12\">\n        <label style=\"display: inline-block;\" for=\"message\">Tu mensaje :<\/label><br \/>\n        <span class=\"wpcf7-form-control-wrap message\"><textarea name=\"message\" cols=\"40\" rows=\"10\" class=\"wpcf7-form-control wpcf7-textarea\" id=\"message\" aria-invalid=\"false\" placeholder=\"Tu mensaje\"><\/textarea><\/span>\n    <\/div>\n<div class=\"cell small-12\">\n        <label for=\"upload_file\">Adjuntar un documento (en PDF, m\u00e1ximo 20Mo) :<\/label><span class=\"wpcf7-form-control-wrap upload_file\"><input type=\"file\" name=\"upload_file\" size=\"40\" class=\"wpcf7-form-control wpcf7-file\" id=\"upload_file\" accept=\".pdf\" aria-invalid=\"false\" \/><\/span>\n    <\/div>\n<div class=\"cell small-12\">\n        <span class=\"wpcf7-form-control-wrap mailjet-opt-in\"><span class=\"wpcf7-form-control wpcf7-checkbox\"><span class=\"wpcf7-list-item first last\"><input type=\"checkbox\" name=\"mailjet-opt-in[]\" value=\"Acepto recibir informaci\u00f3n de la empresa Holiday maker.\" \/><span class=\"wpcf7-list-item-label\">Acepto recibir informaci\u00f3n de la empresa Holiday maker.<\/span><\/span><\/span><\/span><span class=\"wpcf7-form-control-wrap acceptance\"><span class=\"wpcf7-form-control wpcf7-acceptance\"><span class=\"wpcf7-list-item\"><label><input type=\"checkbox\" name=\"acceptance\" value=\"1\" aria-invalid=\"false\" \/><span class=\"wpcf7-list-item-label\">Doy mi consentimiento para el tratamiento de mis datos de acuerdo con la pol\u00edtica de privacidad y la declaraci\u00f3n de protecci\u00f3n de datos.<\/span><\/label><\/span><\/span><\/span>\n    <\/div>\n<div class=\"cell small-12\">\n        <input type=\"submit\" value=\"ENVIAR\" class=\"wpcf7-form-control has-spinner wpcf7-submit button\" \/>\n    <\/div>\n<\/div>\n<div class=\"wpcf7-response-output\" aria-hidden=\"true\"><\/div><\/form><\/div><\/div>\n\n\n    <\/div>\n<\/section>\n","protected":false},"excerpt":{"rendered":"<p>Ajouter un extrait manuellement<\/p>\n","protected":false},"author":1,"featured_media":0,"parent":0,"menu_order":6,"comment_status":"closed","ping_status":"closed","template":"","meta":[],"acf":[],"yoast_head":"<!-- This site is optimized with the Yoast SEO plugin v18.6 - https:\/\/yoast.com\/wordpress\/plugins\/seo\/ -->\n<title>Contacto - Holiday maker<\/title>\n<meta name=\"robots\" content=\"index, follow, max-snippet:-1, max-image-preview:large, max-video-preview:-1\" \/>\n<link rel=\"canonical\" href=\"https:\/\/holiday-maker-france.com\/es\/contacto\/\" \/>\n<meta property=\"og:locale\" content=\"es_ES\" \/>\n<meta property=\"og:type\" content=\"article\" \/>\n<meta property=\"og:title\" content=\"Contacto - Holiday maker\" \/>\n<meta property=\"og:description\" content=\"Ajouter un extrait manuellement\" \/>\n<meta property=\"og:url\" content=\"https:\/\/holiday-maker-france.com\/es\/contacto\/\" \/>\n<meta property=\"og:site_name\" content=\"Holiday maker\" \/>\n<meta property=\"article:modified_time\" content=\"2022-04-22T10:42:27+00:00\" \/>\n<meta name=\"twitter:card\" content=\"summary_large_image\" \/>\n<meta name=\"twitter:label1\" content=\"Est. reading time\" \/>\n\t<meta name=\"twitter:data1\" content=\"1 minute\" \/>\n<script type=\"application\/ld+json\" class=\"yoast-schema-graph\">{\"@context\":\"https:\/\/schema.org\",\"@graph\":[{\"@type\":\"WebSite\",\"@id\":\"https:\/\/holiday-maker-france.com\/#website\",\"url\":\"https:\/\/holiday-maker-france.com\/\",\"name\":\"Holiday maker\",\"description\":\"Just another WordPress site\",\"potentialAction\":[{\"@type\":\"SearchAction\",\"target\":{\"@type\":\"EntryPoint\",\"urlTemplate\":\"https:\/\/holiday-maker-france.com\/?s={search_term_string}\"},\"query-input\":\"required name=search_term_string\"}],\"inLanguage\":\"es-ES\"},{\"@type\":\"WebPage\",\"@id\":\"https:\/\/holiday-maker-france.com\/es\/contacto\/#webpage\",\"url\":\"https:\/\/holiday-maker-france.com\/es\/contacto\/\",\"name\":\"Contacto - Holiday maker\",\"isPartOf\":{\"@id\":\"https:\/\/holiday-maker-france.com\/#website\"},\"datePublished\":\"2021-07-20T15:06:34+00:00\",\"dateModified\":\"2022-04-22T10:42:27+00:00\",\"breadcrumb\":{\"@id\":\"https:\/\/holiday-maker-france.com\/es\/contacto\/#breadcrumb\"},\"inLanguage\":\"es-ES\",\"potentialAction\":[{\"@type\":\"ReadAction\",\"target\":[\"https:\/\/holiday-maker-france.com\/es\/contacto\/\"]}]},{\"@type\":\"BreadcrumbList\",\"@id\":\"https:\/\/holiday-maker-france.com\/es\/contacto\/#breadcrumb\",\"itemListElement\":[{\"@type\":\"ListItem\",\"position\":1,\"name\":\"Home\",\"item\":\"https:\/\/holiday-maker-france.com\/es\/\"},{\"@type\":\"ListItem\",\"position\":2,\"name\":\"Contacto\"}]}]}<\/script>\n<!-- \/ Yoast SEO plugin. -->","yoast_head_json":{"title":"Contacto - Holiday maker","robots":{"index":"index","follow":"follow","max-snippet":"max-snippet:-1","max-image-preview":"max-image-preview:large","max-video-preview":"max-video-preview:-1"},"canonical":"https:\/\/holiday-maker-france.com\/es\/contacto\/","og_locale":"es_ES","og_type":"article","og_title":"Contacto - Holiday maker","og_description":"Ajouter un extrait manuellement","og_url":"https:\/\/holiday-maker-france.com\/es\/contacto\/","og_site_name":"Holiday maker","article_modified_time":"2022-04-22T10:42:27+00:00","twitter_card":"summary_large_image","twitter_misc":{"Est. reading time":"1 minute"},"schema":{"@context":"https:\/\/schema.org","@graph":[{"@type":"WebSite","@id":"https:\/\/holiday-maker-france.com\/#website","url":"https:\/\/holiday-maker-france.com\/","name":"Holiday maker","description":"Just another WordPress site","potentialAction":[{"@type":"SearchAction","target":{"@type":"EntryPoint","urlTemplate":"https:\/\/holiday-maker-france.com\/?s={search_term_string}"},"query-input":"required name=search_term_string"}],"inLanguage":"es-ES"},{"@type":"WebPage","@id":"https:\/\/holiday-maker-france.com\/es\/contacto\/#webpage","url":"https:\/\/holiday-maker-france.com\/es\/contacto\/","name":"Contacto - Holiday maker","isPartOf":{"@id":"https:\/\/holiday-maker-france.com\/#website"},"datePublished":"2021-07-20T15:06:34+00:00","dateModified":"2022-04-22T10:42:27+00:00","breadcrumb":{"@id":"https:\/\/holiday-maker-france.com\/es\/contacto\/#breadcrumb"},"inLanguage":"es-ES","potentialAction":[{"@type":"ReadAction","target":["https:\/\/holiday-maker-france.com\/es\/contacto\/"]}]},{"@type":"BreadcrumbList","@id":"https:\/\/holiday-maker-france.com\/es\/contacto\/#breadcrumb","itemListElement":[{"@type":"ListItem","position":1,"name":"Home","item":"https:\/\/holiday-maker-france.com\/es\/"},{"@type":"ListItem","position":2,"name":"Contacto"}]}]}},"_links":{"self":[{"href":"https:\/\/holiday-maker-france.com\/es\/wp-json\/wp\/v2\/pages\/743"}],"collection":[{"href":"https:\/\/holiday-maker-france.com\/es\/wp-json\/wp\/v2\/pages"}],"about":[{"href":"https:\/\/holiday-maker-france.com\/es\/wp-json\/wp\/v2\/types\/page"}],"author":[{"embeddable":true,"href":"https:\/\/holiday-maker-france.com\/es\/wp-json\/wp\/v2\/users\/1"}],"replies":[{"embeddable":true,"href":"https:\/\/holiday-maker-france.com\/es\/wp-json\/wp\/v2\/comments?post=743"}],"version-history":[{"count":3,"href":"https:\/\/holiday-maker-france.com\/es\/wp-json\/wp\/v2\/pages\/743\/revisions"}],"predecessor-version":[{"id":1037,"href":"https:\/\/holiday-maker-france.com\/es\/wp-json\/wp\/v2\/pages\/743\/revisions\/1037"}],"wp:attachment":[{"href":"https:\/\/holiday-maker-france.com\/es\/wp-json\/wp\/v2\/media?parent=743"}],"curies":[{"name":"wp","href":"https:\/\/api.w.org\/{rel}","templated":true}]}}