{"id":740,"date":"2021-07-20T15:05:46","date_gmt":"2021-07-20T15:05:46","guid":{"rendered":"https:\/\/holiday-maker-france.com\/tourisme-affaires\/"},"modified":"2022-04-22T12:13:19","modified_gmt":"2022-04-22T12:13:19","slug":"turismo-de-negocios","status":"publish","type":"page","link":"https:\/\/holiday-maker-france.com\/es\/turismo-de-negocios\/","title":{"rendered":"Turismo de negocios"},"content":{"rendered":"<section class=\"picture-cover\">\n    <img width=\"1523\" height=\"1013\" src=\"https:\/\/holiday-maker-france.com\/app\/uploads\/2022\/01\/holiday-maker-agence.jpg\" class=\"picture-cover__picture\" alt=\"\" loading=\"lazy\" srcset=\"https:\/\/holiday-maker-france.com\/app\/uploads\/2022\/01\/holiday-maker-agence.jpg 1523w, https:\/\/holiday-maker-france.com\/app\/uploads\/2022\/01\/holiday-maker-agence-300x200.jpg 300w, https:\/\/holiday-maker-france.com\/app\/uploads\/2022\/01\/holiday-maker-agence-1024x681.jpg 1024w, https:\/\/holiday-maker-france.com\/app\/uploads\/2022\/01\/holiday-maker-agence-768x511.jpg 768w\" sizes=\"(max-width: 1523px) 100vw, 1523px\" \/>\n<\/section>\n\n\n<section class=\"section\">\n    <div class=\"grid-container\">\n        \n\n<h1 class=\"has-text-align-center\">Turismo de negocios<\/h1>\n\n\n\n<p>Ya seas una empresa o una agencia MICE, conf\u00eda tu proyecto a Holiday Maker. Ya que se trata de un evento singular, nuestro equipo&nbsp;te dise\u00f1ar\u00e1 una oferta a tu medida, \u00fanica.<\/p>\n\n\n\n<p>\u00bfTe falta tiempo? \u00bfBuscas un experto en el destino Alsacia?<\/p>\n\n\n\n<p>Nuestra agencia est\u00e1 dispuesta a contribuir al \u00e9xito de tu evento. Con Holiday Maker,&nbsp; estar\u00e1s rodeado de un equipo comprometido que te asegurar\u00e1 una gesti\u00f3n rigurosa de los expedientes, y as\u00ed podr\u00e1s realizar un evento justo como lo has imaginado.<\/p>\n\n\n\n<p><br>D\u00e9janos acompa\u00f1arte en tu proyecto, olv\u00eddate de problemas organizativos y as\u00ed podr\u00e1s dedicarte de lleno a tus colaboradores o clientes. Ya sea para una reuni\u00f3n, un incentivo, un seminario o un congreso, podemos gestionar todo, de la A a la Z, o si lo prefieres, solo ciertas prestaciones. Cualquiera que sea tu elecci\u00f3n, estamos a tu lado durante todas las etapas: desde el dise\u00f1o hasta la realizaci\u00f3n. En nosotros encontrar\u00e1s un socio siempre a tu disposici\u00f3n&#8230; \u00a1cont\u00e1ctanos!<\/p>\n\n\n\n<p>Estaremos encantados de hablar contigo y contactarte en un plazo de 24 horas. \u00bfTu solicitud se refiere a otra regi\u00f3n? No importa, nosotros nos aseguramos de encontrar socios con los mismos valores que nosotros.<\/p>\n\n\n    \n\n<div class=\"grid-y grid-margin-y\">\n        <div class=\"cell\">\n        <article class=\"page-card page-card--line\">\n    <a class=\"page-card__picture\" href=\"https:\/\/holiday-maker-france.com\/es\/turismo-de-negocios\/empresas\/\">\n        <img width=\"520\" height=\"290\" src=\"https:\/\/holiday-maker-france.com\/app\/uploads\/2022\/01\/partenaire-520x290.jpg\" class=\"page-card__thumbnail\" alt=\"\" loading=\"lazy\" \/>\n    <\/a>\n    <div class=\"page-card__content\">\n        <h1 class=\"page-card__title\">Empresas<\/h1>\n        <div class=\"page-card__excerpt\">\n                            \u00bfProyectas un pr\u00f3ximo evento para federar, agradecer o animar a tus empleados o socios? \u00a1No te preguntes c\u00f3mo lo vas\n                    <\/div>\n                <div class=\"page-card__action\">\n            <a href=\"https:\/\/holiday-maker-france.com\/es\/turismo-de-negocios\/empresas\/\" class=\"button primary page-card__button\">M\u00e1s informaci\u00f3n<\/a>\n        <\/div>\n            <\/div>\n<\/article>\n    <\/div>\n        <div class=\"cell\">\n        <article class=\"page-card page-card--line\">\n    <a class=\"page-card__picture\" href=\"https:\/\/holiday-maker-france.com\/es\/turismo-de-negocios\/mice\/\">\n        <img width=\"520\" height=\"290\" src=\"https:\/\/holiday-maker-france.com\/app\/uploads\/2022\/01\/MICE-520x290.jpg\" class=\"page-card__thumbnail\" alt=\"\" loading=\"lazy\" \/>\n    <\/a>\n    <div class=\"page-card__content\">\n        <h1 class=\"page-card__title\">MICE<\/h1>\n        <div class=\"page-card__excerpt\">\n                            La organizaci\u00f3n de un evento como un congreso o seminario requiere dominar muchas \u00e1reas para que un evento sea un\n                    <\/div>\n                <div class=\"page-card__action\">\n            <a href=\"https:\/\/holiday-maker-france.com\/es\/turismo-de-negocios\/mice\/\" class=\"button primary page-card__button\">M\u00e1s informaci\u00f3n<\/a>\n        <\/div>\n            <\/div>\n<\/article>\n    <\/div>\n    <\/div>\n\n\n    <\/div>\n<\/section>\n\n\n<section class=\"section section--color-primary\">\n    <div class=\"grid-container\">\n        \n    <h2 class=\"title-double text-center\">\n                <span class=\"title-double__line1\">Contacto<\/span>\n                            <span class=\"title-double__line2\">\u00bfTienes un proyecto?<\/span>\n            <\/h2>\n\n\n\n<p class=\"has-text-align-center\">\u00a1Ponte en contacto con nosotros! Nuestro equipo est\u00e1 siempre dispuesto a ayudarte a realizar tus proyectos.<\/p>\n\n\n<div class=\"button-group align-center\">\n    \n<a class=\"button secondary\" href=\"https:\/\/holiday-maker-france.com\/es\/contacto\/\">\u00a1cont\u00e1ctanos!<\/a>\n\n\n\n\n\n<\/div>\n\n\n    <\/div>\n<\/section>\n","protected":false},"excerpt":{"rendered":"<p>Ya seas una empresa o una agencia MICE, conf\u00eda tu proyecto a Holiday Maker. Ya que se trata de un<\/p>\n","protected":false},"author":1,"featured_media":0,"parent":0,"menu_order":4,"comment_status":"closed","ping_status":"closed","template":"","meta":[],"acf":[],"yoast_head":"<!-- This site is optimized with the Yoast SEO plugin v18.6 - https:\/\/yoast.com\/wordpress\/plugins\/seo\/ -->\n<title>Turismo de negocios - Holiday maker<\/title>\n<meta name=\"robots\" content=\"index, follow, max-snippet:-1, max-image-preview:large, max-video-preview:-1\" \/>\n<link rel=\"canonical\" href=\"https:\/\/holiday-maker-france.com\/es\/turismo-de-negocios\/\" \/>\n<meta property=\"og:locale\" content=\"es_ES\" \/>\n<meta property=\"og:type\" content=\"article\" \/>\n<meta property=\"og:title\" content=\"Turismo de negocios - Holiday maker\" \/>\n<meta property=\"og:description\" content=\"Ya seas una empresa o una agencia MICE, conf\u00eda tu proyecto a Holiday Maker. Ya que se trata de un\" \/>\n<meta property=\"og:url\" content=\"https:\/\/holiday-maker-france.com\/es\/turismo-de-negocios\/\" \/>\n<meta property=\"og:site_name\" content=\"Holiday maker\" \/>\n<meta property=\"article:modified_time\" content=\"2022-04-22T12:13:19+00:00\" \/>\n<meta name=\"twitter:card\" content=\"summary_large_image\" \/>\n<meta name=\"twitter:label1\" content=\"Est. reading time\" \/>\n\t<meta name=\"twitter:data1\" content=\"1 minute\" \/>\n<script type=\"application\/ld+json\" class=\"yoast-schema-graph\">{\"@context\":\"https:\/\/schema.org\",\"@graph\":[{\"@type\":\"WebSite\",\"@id\":\"https:\/\/holiday-maker-france.com\/#website\",\"url\":\"https:\/\/holiday-maker-france.com\/\",\"name\":\"Holiday maker\",\"description\":\"Just another WordPress site\",\"potentialAction\":[{\"@type\":\"SearchAction\",\"target\":{\"@type\":\"EntryPoint\",\"urlTemplate\":\"https:\/\/holiday-maker-france.com\/?s={search_term_string}\"},\"query-input\":\"required name=search_term_string\"}],\"inLanguage\":\"es-ES\"},{\"@type\":\"WebPage\",\"@id\":\"https:\/\/holiday-maker-france.com\/es\/turismo-de-negocios\/#webpage\",\"url\":\"https:\/\/holiday-maker-france.com\/es\/turismo-de-negocios\/\",\"name\":\"Turismo de negocios - Holiday maker\",\"isPartOf\":{\"@id\":\"https:\/\/holiday-maker-france.com\/#website\"},\"datePublished\":\"2021-07-20T15:05:46+00:00\",\"dateModified\":\"2022-04-22T12:13:19+00:00\",\"breadcrumb\":{\"@id\":\"https:\/\/holiday-maker-france.com\/es\/turismo-de-negocios\/#breadcrumb\"},\"inLanguage\":\"es-ES\",\"potentialAction\":[{\"@type\":\"ReadAction\",\"target\":[\"https:\/\/holiday-maker-france.com\/es\/turismo-de-negocios\/\"]}]},{\"@type\":\"BreadcrumbList\",\"@id\":\"https:\/\/holiday-maker-france.com\/es\/turismo-de-negocios\/#breadcrumb\",\"itemListElement\":[{\"@type\":\"ListItem\",\"position\":1,\"name\":\"Home\",\"item\":\"https:\/\/holiday-maker-france.com\/es\/\"},{\"@type\":\"ListItem\",\"position\":2,\"name\":\"Turismo de negocios\"}]}]}<\/script>\n<!-- \/ Yoast SEO plugin. -->","yoast_head_json":{"title":"Turismo de negocios - Holiday maker","robots":{"index":"index","follow":"follow","max-snippet":"max-snippet:-1","max-image-preview":"max-image-preview:large","max-video-preview":"max-video-preview:-1"},"canonical":"https:\/\/holiday-maker-france.com\/es\/turismo-de-negocios\/","og_locale":"es_ES","og_type":"article","og_title":"Turismo de negocios - Holiday maker","og_description":"Ya seas una empresa o una agencia MICE, conf\u00eda tu proyecto a Holiday Maker. Ya que se trata de un","og_url":"https:\/\/holiday-maker-france.com\/es\/turismo-de-negocios\/","og_site_name":"Holiday maker","article_modified_time":"2022-04-22T12:13:19+00:00","twitter_card":"summary_large_image","twitter_misc":{"Est. reading time":"1 minute"},"schema":{"@context":"https:\/\/schema.org","@graph":[{"@type":"WebSite","@id":"https:\/\/holiday-maker-france.com\/#website","url":"https:\/\/holiday-maker-france.com\/","name":"Holiday maker","description":"Just another WordPress site","potentialAction":[{"@type":"SearchAction","target":{"@type":"EntryPoint","urlTemplate":"https:\/\/holiday-maker-france.com\/?s={search_term_string}"},"query-input":"required name=search_term_string"}],"inLanguage":"es-ES"},{"@type":"WebPage","@id":"https:\/\/holiday-maker-france.com\/es\/turismo-de-negocios\/#webpage","url":"https:\/\/holiday-maker-france.com\/es\/turismo-de-negocios\/","name":"Turismo de negocios - Holiday maker","isPartOf":{"@id":"https:\/\/holiday-maker-france.com\/#website"},"datePublished":"2021-07-20T15:05:46+00:00","dateModified":"2022-04-22T12:13:19+00:00","breadcrumb":{"@id":"https:\/\/holiday-maker-france.com\/es\/turismo-de-negocios\/#breadcrumb"},"inLanguage":"es-ES","potentialAction":[{"@type":"ReadAction","target":["https:\/\/holiday-maker-france.com\/es\/turismo-de-negocios\/"]}]},{"@type":"BreadcrumbList","@id":"https:\/\/holiday-maker-france.com\/es\/turismo-de-negocios\/#breadcrumb","itemListElement":[{"@type":"ListItem","position":1,"name":"Home","item":"https:\/\/holiday-maker-france.com\/es\/"},{"@type":"ListItem","position":2,"name":"Turismo de negocios"}]}]}},"_links":{"self":[{"href":"https:\/\/holiday-maker-france.com\/es\/wp-json\/wp\/v2\/pages\/740"}],"collection":[{"href":"https:\/\/holiday-maker-france.com\/es\/wp-json\/wp\/v2\/pages"}],"about":[{"href":"https:\/\/holiday-maker-france.com\/es\/wp-json\/wp\/v2\/types\/page"}],"author":[{"embeddable":true,"href":"https:\/\/holiday-maker-france.com\/es\/wp-json\/wp\/v2\/users\/1"}],"replies":[{"embeddable":true,"href":"https:\/\/holiday-maker-france.com\/es\/wp-json\/wp\/v2\/comments?post=740"}],"version-history":[{"count":3,"href":"https:\/\/holiday-maker-france.com\/es\/wp-json\/wp\/v2\/pages\/740\/revisions"}],"predecessor-version":[{"id":1063,"href":"https:\/\/holiday-maker-france.com\/es\/wp-json\/wp\/v2\/pages\/740\/revisions\/1063"}],"wp:attachment":[{"href":"https:\/\/holiday-maker-france.com\/es\/wp-json\/wp\/v2\/media?parent=740"}],"curies":[{"name":"wp","href":"https:\/\/api.w.org\/{rel}","templated":true}]}}