{"id":734,"date":"2021-07-20T15:04:27","date_gmt":"2021-07-20T15:04:27","guid":{"rendered":"https:\/\/holiday-maker-france.com\/notre-agence\/"},"modified":"2022-04-22T10:44:28","modified_gmt":"2022-04-22T10:44:28","slug":"nuestra-agencia","status":"publish","type":"page","link":"https:\/\/holiday-maker-france.com\/es\/nuestra-agencia\/","title":{"rendered":"Nuestra Agencia"},"content":{"rendered":"<section class=\"picture-cover\">\n    <img width=\"1523\" height=\"1013\" src=\"https:\/\/holiday-maker-france.com\/app\/uploads\/2022\/01\/holiday-maker-agence.jpg\" class=\"picture-cover__picture\" alt=\"\" loading=\"lazy\" srcset=\"https:\/\/holiday-maker-france.com\/app\/uploads\/2022\/01\/holiday-maker-agence.jpg 1523w, https:\/\/holiday-maker-france.com\/app\/uploads\/2022\/01\/holiday-maker-agence-300x200.jpg 300w, https:\/\/holiday-maker-france.com\/app\/uploads\/2022\/01\/holiday-maker-agence-1024x681.jpg 1024w, https:\/\/holiday-maker-france.com\/app\/uploads\/2022\/01\/holiday-maker-agence-768x511.jpg 768w\" sizes=\"(max-width: 1523px) 100vw, 1523px\" \/>\n<\/section>\n\n\n<section class=\"section\">\n    <div class=\"grid-container\">\n        \n    <h1 class=\"title-double text-center\">\n                <span class=\"title-double__line1\">1 agencia especialista<\/span>\n                            <span class=\"title-double__line2\">en viajes hechos a medida<\/span>\n            <\/h1>\n\n\n\n<p>Holiday Maker es una agencia de viajes receptiva creada en Alsacia por Sylviane y Muttaquee Husain en julio de 1990 y transmitida a Christine Neubauer y C\u00e9line Rebstock en 2011.<\/p>\n\n\n\n<p>El ADN de la agencia es, desde sus inicios, la creaci\u00f3n de viajes a medida: adaptarse a los intereses de cada cliente y encontrar la \u00ab&nbsp;horma de su zapato&nbsp;\u00bb es nuestra fuente de inspiraci\u00f3n diaria.<\/p>\n\n\n\n<p>Desde el comienzo de la aventura, el mayor anhelo de los fundadores de la agencia ha sido innovar: en particular, siendo los primeros en comercializar el Mercado de Navidad en Estrasburgo para las agencias de viajes y servicios de autocares (antes este evento era solo frecuentado por una clientela local).<\/p>\n\n\n\n<p>Poco a poco, la reputaci\u00f3n y la clientela de la agencia se fue ampliando y desarrollando, conservando al mismo tiempo su gusto por la tradici\u00f3n y la cercan\u00eda a sus clientes.<\/p>\n\n\n\n<p>Hasta nuestros d\u00edas, Holiday Maker, siempre atenta a los deseos de sus clientes, encuentra siempre la f\u00f3rmula que da en el blanco:<\/p>\n\n\n\n<ul><li>Servicios de agencia de viajes y autocares<\/li><li>Viajes para familias o amigos, asociaciones y comit\u00e9s de empresa<\/li><li>Agencias de eventos<\/li><li>Consultores, empresas, etc.<\/li><\/ul>\n\n\n    <\/div>\n<\/section>\n\n\n<section class=\"section section--align-wide-full\">\n    <div class=\"grid-container\">\n        \n    \n\n<div class=\"grid-x grid-padding-x grid-margin-y small-up-1 medium-up-2 large-up-3\">\n        <div class=\"cell\">\n        <article class=\"page-card \">\n    <a class=\"page-card__picture\" href=\"https:\/\/holiday-maker-france.com\/es\/nuestra-agencia\/quienes-somos\/\">\n        <img width=\"520\" height=\"290\" src=\"https:\/\/holiday-maker-france.com\/app\/uploads\/2022\/01\/holiday-maker-qui-sommes-nous-520x290.jpg\" class=\"page-card__thumbnail\" alt=\"\" loading=\"lazy\" \/>\n    <\/a>\n    <div class=\"page-card__content\">\n        <h1 class=\"page-card__title\">\u00bfQui\u00e9nes somos?<\/h1>\n        <div class=\"page-card__excerpt\">\n                            Desde su creaci\u00f3n, Holiday Maker ha dise\u00f1ado los viajes de negocios y de ocio en Alsacia y en toda Europa\n                    <\/div>\n                <div class=\"page-card__action\">\n            <a href=\"https:\/\/holiday-maker-france.com\/es\/nuestra-agencia\/quienes-somos\/\" class=\"button primary page-card__button\">M\u00e1s informaci\u00f3n<\/a>\n        <\/div>\n            <\/div>\n<\/article>\n    <\/div>\n        <div class=\"cell\">\n        <article class=\"page-card \">\n    <a class=\"page-card__picture\" href=\"https:\/\/holiday-maker-france.com\/es\/nuestra-agencia\/nuestros-socios\/\">\n        <img width=\"520\" height=\"290\" src=\"https:\/\/holiday-maker-france.com\/app\/uploads\/2022\/01\/holiday-maker-partenaire-520x290.jpg\" class=\"page-card__thumbnail\" alt=\"\" loading=\"lazy\" \/>\n    <\/a>\n    <div class=\"page-card__content\">\n        <h1 class=\"page-card__title\">Nuestros socios<\/h1>\n        <div class=\"page-card__excerpt\">\n                            Holiday Maker ha sabido establecer desde sus inicios una red de socios fiables que contribuyen a la longevidad de la\n                    <\/div>\n                <div class=\"page-card__action\">\n            <a href=\"https:\/\/holiday-maker-france.com\/es\/nuestra-agencia\/nuestros-socios\/\" class=\"button primary page-card__button\">M\u00e1s informaci\u00f3n<\/a>\n        <\/div>\n            <\/div>\n<\/article>\n    <\/div>\n        <div class=\"cell\">\n        <article class=\"page-card \">\n    <a class=\"page-card__picture\" href=\"https:\/\/holiday-maker-france.com\/es\/nuestra-agencia\/testimonios\/\">\n        <img width=\"520\" height=\"290\" src=\"https:\/\/holiday-maker-france.com\/app\/uploads\/2022\/01\/holiday-maker-temoignage-520x290.jpg\" class=\"page-card__thumbnail\" alt=\"\" loading=\"lazy\" \/>\n    <\/a>\n    <div class=\"page-card__content\">\n        <h1 class=\"page-card__title\">Testimonios<\/h1>\n        <div class=\"page-card__excerpt\">\n                            Desde su creaci\u00f3n en 1990, el equipo de la agencia de viajes Holiday Maker ha tenido la oportunidad de organizar\n                    <\/div>\n                <div class=\"page-card__action\">\n            <a href=\"https:\/\/holiday-maker-france.com\/es\/nuestra-agencia\/testimonios\/\" class=\"button primary page-card__button\">M\u00e1s informaci\u00f3n<\/a>\n        <\/div>\n            <\/div>\n<\/article>\n    <\/div>\n    <\/div>\n\n\n    <\/div>\n<\/section>\n\n\n<section class=\"section section--color-primary\">\n    <div class=\"grid-container\">\n        \n    <h2 class=\"title-double text-center\">\n                <span class=\"title-double__line1\">Contacto<\/span>\n                            <span class=\"title-double__line2\">\u00bfTienes un proyecto?<\/span>\n            <\/h2>\n\n\n\n<p class=\"has-text-align-center\">\u00a1Ponte en contacto con nosotros! Nuestro equipo est\u00e1 siempre dispuesto a ayudarte a realizar tus proyectos.<\/p>\n\n\n<div class=\"button-group align-center\">\n    \n<a class=\"button secondary\" href=\"https:\/\/holiday-maker-france.com\/es\/contacto\/\">\u00a1cont\u00e1ctanos!<\/a>\n\n\n\n\n\n<\/div>\n\n\n    <\/div>\n<\/section>\n","protected":false},"excerpt":{"rendered":"<p>Holiday Maker es una agencia de viajes receptiva creada en Alsacia por Sylviane y Muttaquee Husain en julio de 1990<\/p>\n","protected":false},"author":1,"featured_media":0,"parent":0,"menu_order":2,"comment_status":"closed","ping_status":"closed","template":"","meta":[],"acf":[],"yoast_head":"<!-- This site is optimized with the Yoast SEO plugin v18.6 - https:\/\/yoast.com\/wordpress\/plugins\/seo\/ -->\n<title>Nuestra Agencia - Holiday maker<\/title>\n<meta name=\"robots\" content=\"index, follow, max-snippet:-1, max-image-preview:large, max-video-preview:-1\" \/>\n<link rel=\"canonical\" href=\"https:\/\/holiday-maker-france.com\/es\/nuestra-agencia\/\" \/>\n<meta property=\"og:locale\" content=\"es_ES\" \/>\n<meta property=\"og:type\" content=\"article\" \/>\n<meta property=\"og:title\" content=\"Nuestra Agencia - Holiday maker\" \/>\n<meta property=\"og:description\" content=\"Holiday Maker es una agencia de viajes receptiva creada en Alsacia por Sylviane y Muttaquee Husain en julio de 1990\" \/>\n<meta property=\"og:url\" content=\"https:\/\/holiday-maker-france.com\/es\/nuestra-agencia\/\" \/>\n<meta property=\"og:site_name\" content=\"Holiday maker\" \/>\n<meta property=\"article:modified_time\" content=\"2022-04-22T10:44:28+00:00\" \/>\n<meta name=\"twitter:card\" content=\"summary_large_image\" \/>\n<meta name=\"twitter:label1\" content=\"Est. reading time\" \/>\n\t<meta name=\"twitter:data1\" content=\"1 minute\" \/>\n<script type=\"application\/ld+json\" class=\"yoast-schema-graph\">{\"@context\":\"https:\/\/schema.org\",\"@graph\":[{\"@type\":\"WebSite\",\"@id\":\"https:\/\/holiday-maker-france.com\/#website\",\"url\":\"https:\/\/holiday-maker-france.com\/\",\"name\":\"Holiday maker\",\"description\":\"Just another WordPress site\",\"potentialAction\":[{\"@type\":\"SearchAction\",\"target\":{\"@type\":\"EntryPoint\",\"urlTemplate\":\"https:\/\/holiday-maker-france.com\/?s={search_term_string}\"},\"query-input\":\"required name=search_term_string\"}],\"inLanguage\":\"es-ES\"},{\"@type\":\"WebPage\",\"@id\":\"https:\/\/holiday-maker-france.com\/es\/nuestra-agencia\/#webpage\",\"url\":\"https:\/\/holiday-maker-france.com\/es\/nuestra-agencia\/\",\"name\":\"Nuestra Agencia - Holiday maker\",\"isPartOf\":{\"@id\":\"https:\/\/holiday-maker-france.com\/#website\"},\"datePublished\":\"2021-07-20T15:04:27+00:00\",\"dateModified\":\"2022-04-22T10:44:28+00:00\",\"breadcrumb\":{\"@id\":\"https:\/\/holiday-maker-france.com\/es\/nuestra-agencia\/#breadcrumb\"},\"inLanguage\":\"es-ES\",\"potentialAction\":[{\"@type\":\"ReadAction\",\"target\":[\"https:\/\/holiday-maker-france.com\/es\/nuestra-agencia\/\"]}]},{\"@type\":\"BreadcrumbList\",\"@id\":\"https:\/\/holiday-maker-france.com\/es\/nuestra-agencia\/#breadcrumb\",\"itemListElement\":[{\"@type\":\"ListItem\",\"position\":1,\"name\":\"Home\",\"item\":\"https:\/\/holiday-maker-france.com\/es\/\"},{\"@type\":\"ListItem\",\"position\":2,\"name\":\"Nuestra Agencia\"}]}]}<\/script>\n<!-- \/ Yoast SEO plugin. -->","yoast_head_json":{"title":"Nuestra Agencia - Holiday maker","robots":{"index":"index","follow":"follow","max-snippet":"max-snippet:-1","max-image-preview":"max-image-preview:large","max-video-preview":"max-video-preview:-1"},"canonical":"https:\/\/holiday-maker-france.com\/es\/nuestra-agencia\/","og_locale":"es_ES","og_type":"article","og_title":"Nuestra Agencia - Holiday maker","og_description":"Holiday Maker es una agencia de viajes receptiva creada en Alsacia por Sylviane y Muttaquee Husain en julio de 1990","og_url":"https:\/\/holiday-maker-france.com\/es\/nuestra-agencia\/","og_site_name":"Holiday maker","article_modified_time":"2022-04-22T10:44:28+00:00","twitter_card":"summary_large_image","twitter_misc":{"Est. reading time":"1 minute"},"schema":{"@context":"https:\/\/schema.org","@graph":[{"@type":"WebSite","@id":"https:\/\/holiday-maker-france.com\/#website","url":"https:\/\/holiday-maker-france.com\/","name":"Holiday maker","description":"Just another WordPress site","potentialAction":[{"@type":"SearchAction","target":{"@type":"EntryPoint","urlTemplate":"https:\/\/holiday-maker-france.com\/?s={search_term_string}"},"query-input":"required name=search_term_string"}],"inLanguage":"es-ES"},{"@type":"WebPage","@id":"https:\/\/holiday-maker-france.com\/es\/nuestra-agencia\/#webpage","url":"https:\/\/holiday-maker-france.com\/es\/nuestra-agencia\/","name":"Nuestra Agencia - Holiday maker","isPartOf":{"@id":"https:\/\/holiday-maker-france.com\/#website"},"datePublished":"2021-07-20T15:04:27+00:00","dateModified":"2022-04-22T10:44:28+00:00","breadcrumb":{"@id":"https:\/\/holiday-maker-france.com\/es\/nuestra-agencia\/#breadcrumb"},"inLanguage":"es-ES","potentialAction":[{"@type":"ReadAction","target":["https:\/\/holiday-maker-france.com\/es\/nuestra-agencia\/"]}]},{"@type":"BreadcrumbList","@id":"https:\/\/holiday-maker-france.com\/es\/nuestra-agencia\/#breadcrumb","itemListElement":[{"@type":"ListItem","position":1,"name":"Home","item":"https:\/\/holiday-maker-france.com\/es\/"},{"@type":"ListItem","position":2,"name":"Nuestra Agencia"}]}]}},"_links":{"self":[{"href":"https:\/\/holiday-maker-france.com\/es\/wp-json\/wp\/v2\/pages\/734"}],"collection":[{"href":"https:\/\/holiday-maker-france.com\/es\/wp-json\/wp\/v2\/pages"}],"about":[{"href":"https:\/\/holiday-maker-france.com\/es\/wp-json\/wp\/v2\/types\/page"}],"author":[{"embeddable":true,"href":"https:\/\/holiday-maker-france.com\/es\/wp-json\/wp\/v2\/users\/1"}],"replies":[{"embeddable":true,"href":"https:\/\/holiday-maker-france.com\/es\/wp-json\/wp\/v2\/comments?post=734"}],"version-history":[{"count":4,"href":"https:\/\/holiday-maker-france.com\/es\/wp-json\/wp\/v2\/pages\/734\/revisions"}],"predecessor-version":[{"id":1040,"href":"https:\/\/holiday-maker-france.com\/es\/wp-json\/wp\/v2\/pages\/734\/revisions\/1040"}],"wp:attachment":[{"href":"https:\/\/holiday-maker-france.com\/es\/wp-json\/wp\/v2\/media?parent=734"}],"curies":[{"name":"wp","href":"https:\/\/api.w.org\/{rel}","templated":true}]}}