{"id":732,"date":"2021-07-20T15:04:27","date_gmt":"2021-07-20T15:04:27","guid":{"rendered":"https:\/\/holiday-maker-france.com\/notre-agence\/"},"modified":"2022-04-21T13:48:05","modified_gmt":"2022-04-21T13:48:05","slug":"our-agency","status":"publish","type":"page","link":"https:\/\/holiday-maker-france.com\/en\/our-agency\/","title":{"rendered":"Our agency"},"content":{"rendered":"<section class=\"picture-cover\">\n    <img width=\"1523\" height=\"1013\" src=\"https:\/\/holiday-maker-france.com\/app\/uploads\/2022\/01\/holiday-maker-agence.jpg\" class=\"picture-cover__picture\" alt=\"\" loading=\"lazy\" srcset=\"https:\/\/holiday-maker-france.com\/app\/uploads\/2022\/01\/holiday-maker-agence.jpg 1523w, https:\/\/holiday-maker-france.com\/app\/uploads\/2022\/01\/holiday-maker-agence-300x200.jpg 300w, https:\/\/holiday-maker-france.com\/app\/uploads\/2022\/01\/holiday-maker-agence-1024x681.jpg 1024w, https:\/\/holiday-maker-france.com\/app\/uploads\/2022\/01\/holiday-maker-agence-768x511.jpg 768w\" sizes=\"(max-width: 1523px) 100vw, 1523px\" \/>\n<\/section>\n\n\n<section class=\"section\">\n    <div class=\"grid-container\">\n        \n    <h1 class=\"title-double text-center\">\n                <span class=\"title-double__line1\">1 specialist agency<\/span>\n                            <span class=\"title-double__line2\">tailor-made trips<\/span>\n            <\/h1>\n\n\n\n<p>Holiday Maker is an incoming travel agency founded in Alsace by Sylviane and Muttaquee Husain in July 1990 and handed over to Christine Neubauer and C\u00e9line Rebstock in 2011.<\/p>\n\n\n\n<p>The agency\u2019s DNA has always been the creation of tailor-made trips because for us, meeting the needs of every client and finding the perfect gem is a daily source of inspiration.<\/p>\n\n\n\n<p>From the very beginning, the founders of the agency were keen to innovate, most notably by being the first to offer the Strasbourg Christmas Market \u2013 an event that was only attended by locals at the time \u2013 to coach operators and travel agencies.<\/p>\n\n\n\n<p>The agency\u2019s reputation and clientele has kept growing, leading to the company\u2019s expansion whilst remaining faithful to its hands-on approach.<\/p>\n\n\n\n<p>Today, Holiday Maker remains highly attentive to your wishes and always finds a formula that hits the bull\u2019s eye:<\/p>\n\n\n\n<ul><li>Travel agencies, coach operators<\/li><li>Associations and workers committees<\/li><li>Event agencies<\/li><li>Consultants, businesses, etc.<\/li><\/ul>\n\n\n    <\/div>\n<\/section>\n\n\n<section class=\"section section--align-wide-full\">\n    <div class=\"grid-container\">\n        \n    \n\n<div class=\"grid-x grid-padding-x grid-margin-y small-up-1 medium-up-2 large-up-3\">\n        <div class=\"cell\">\n        <article class=\"page-card \">\n    <a class=\"page-card__picture\" href=\"https:\/\/holiday-maker-france.com\/en\/our-agency\/about-us\/\">\n        <img width=\"520\" height=\"290\" src=\"https:\/\/holiday-maker-france.com\/app\/uploads\/2022\/01\/holiday-maker-qui-sommes-nous-520x290.jpg\" class=\"page-card__thumbnail\" alt=\"\" loading=\"lazy\" \/>\n    <\/a>\n    <div class=\"page-card__content\">\n        <h1 class=\"page-card__title\">About us<\/h1>\n        <div class=\"page-card__excerpt\">\n                            Since its creation, Holiday Maker has organised business and leisure trips in Alsace and throughout Europe\n                    <\/div>\n                <div class=\"page-card__action\">\n            <a href=\"https:\/\/holiday-maker-france.com\/en\/our-agency\/about-us\/\" class=\"button primary page-card__button\">See more<\/a>\n        <\/div>\n            <\/div>\n<\/article>\n    <\/div>\n        <div class=\"cell\">\n        <article class=\"page-card \">\n    <a class=\"page-card__picture\" href=\"https:\/\/holiday-maker-france.com\/en\/our-agency\/our-partners\/\">\n        <img width=\"520\" height=\"290\" src=\"https:\/\/holiday-maker-france.com\/app\/uploads\/2022\/01\/holiday-maker-partenaire-520x290.jpg\" class=\"page-card__thumbnail\" alt=\"\" loading=\"lazy\" \/>\n    <\/a>\n    <div class=\"page-card__content\">\n        <h1 class=\"page-card__title\">Our partners<\/h1>\n        <div class=\"page-card__excerpt\">\n                            Since its founding, Holiday Maker has built up a network of reliable partners who contribute to the company\u2019s longevity and\n                    <\/div>\n                <div class=\"page-card__action\">\n            <a href=\"https:\/\/holiday-maker-france.com\/en\/our-agency\/our-partners\/\" class=\"button primary page-card__button\">See more<\/a>\n        <\/div>\n            <\/div>\n<\/article>\n    <\/div>\n        <div class=\"cell\">\n        <article class=\"page-card \">\n    <a class=\"page-card__picture\" href=\"https:\/\/holiday-maker-france.com\/en\/our-agency\/testimonials\/\">\n        <img width=\"520\" height=\"290\" src=\"https:\/\/holiday-maker-france.com\/app\/uploads\/2022\/01\/holiday-maker-temoignage-520x290.jpg\" class=\"page-card__thumbnail\" alt=\"\" loading=\"lazy\" \/>\n    <\/a>\n    <div class=\"page-card__content\">\n        <h1 class=\"page-card__title\">Testimonials<\/h1>\n        <div class=\"page-card__excerpt\">\n                            Holiday Maker builds on this experience to keep growing, day after day.\n                    <\/div>\n                <div class=\"page-card__action\">\n            <a href=\"https:\/\/holiday-maker-france.com\/en\/our-agency\/testimonials\/\" class=\"button primary page-card__button\">See more<\/a>\n        <\/div>\n            <\/div>\n<\/article>\n    <\/div>\n    <\/div>\n\n\n    <\/div>\n<\/section>\n\n\n<section class=\"section section--color-primary\">\n    <div class=\"grid-container\">\n        \n    <h2 class=\"title-double text-center\">\n                <span class=\"title-double__line1\">Contact<\/span>\n                            <span class=\"title-double__line2\">Do you have a project in mind?<\/span>\n            <\/h2>\n\n\n\n<p class=\"has-text-align-center\">Get in touch with us! Our team will meet all your needs.<\/p>\n\n\n<div class=\"button-group align-center\">\n    \n<a class=\"button secondary\" href=\"https:\/\/holiday-maker-france.com\/en\/contact-us\/\">Let\u2019s go for it!<\/a>\n\n\n\n\n\n<\/div>\n\n\n    <\/div>\n<\/section>\n","protected":false},"excerpt":{"rendered":"<p>Holiday Maker est une agence r\u00e9ceptive cr\u00e9\u00e9e en Alsace par M. et Mme\u202fHusain en juillet 1990 et transmise \u00e0 Christine<\/p>\n","protected":false},"author":1,"featured_media":0,"parent":0,"menu_order":2,"comment_status":"closed","ping_status":"closed","template":"","meta":[],"acf":[],"yoast_head":"<!-- This site is optimized with the Yoast SEO plugin v18.6 - https:\/\/yoast.com\/wordpress\/plugins\/seo\/ -->\n<title>Our agency - Holiday maker<\/title>\n<meta name=\"robots\" content=\"index, follow, max-snippet:-1, max-image-preview:large, max-video-preview:-1\" \/>\n<link rel=\"canonical\" href=\"https:\/\/holiday-maker-france.com\/en\/our-agency\/\" \/>\n<meta property=\"og:locale\" content=\"en_US\" \/>\n<meta property=\"og:type\" content=\"article\" \/>\n<meta property=\"og:title\" content=\"Our agency - Holiday maker\" \/>\n<meta property=\"og:description\" content=\"Holiday Maker est une agence r\u00e9ceptive cr\u00e9\u00e9e en Alsace par M. et Mme\u202fHusain en juillet 1990 et transmise \u00e0 Christine\" \/>\n<meta property=\"og:url\" content=\"https:\/\/holiday-maker-france.com\/en\/our-agency\/\" \/>\n<meta property=\"og:site_name\" content=\"Holiday maker\" \/>\n<meta property=\"article:modified_time\" content=\"2022-04-21T13:48:05+00:00\" \/>\n<meta name=\"twitter:card\" content=\"summary_large_image\" \/>\n<meta name=\"twitter:label1\" content=\"Est. reading time\" \/>\n\t<meta name=\"twitter:data1\" content=\"1 minute\" \/>\n<script type=\"application\/ld+json\" class=\"yoast-schema-graph\">{\"@context\":\"https:\/\/schema.org\",\"@graph\":[{\"@type\":\"WebSite\",\"@id\":\"https:\/\/holiday-maker-france.com\/#website\",\"url\":\"https:\/\/holiday-maker-france.com\/\",\"name\":\"Holiday maker\",\"description\":\"Just another WordPress site\",\"potentialAction\":[{\"@type\":\"SearchAction\",\"target\":{\"@type\":\"EntryPoint\",\"urlTemplate\":\"https:\/\/holiday-maker-france.com\/?s={search_term_string}\"},\"query-input\":\"required name=search_term_string\"}],\"inLanguage\":\"en-US\"},{\"@type\":\"WebPage\",\"@id\":\"https:\/\/holiday-maker-france.com\/en\/our-agency\/#webpage\",\"url\":\"https:\/\/holiday-maker-france.com\/en\/our-agency\/\",\"name\":\"Our agency - Holiday maker\",\"isPartOf\":{\"@id\":\"https:\/\/holiday-maker-france.com\/#website\"},\"datePublished\":\"2021-07-20T15:04:27+00:00\",\"dateModified\":\"2022-04-21T13:48:05+00:00\",\"breadcrumb\":{\"@id\":\"https:\/\/holiday-maker-france.com\/en\/our-agency\/#breadcrumb\"},\"inLanguage\":\"en-US\",\"potentialAction\":[{\"@type\":\"ReadAction\",\"target\":[\"https:\/\/holiday-maker-france.com\/en\/our-agency\/\"]}]},{\"@type\":\"BreadcrumbList\",\"@id\":\"https:\/\/holiday-maker-france.com\/en\/our-agency\/#breadcrumb\",\"itemListElement\":[{\"@type\":\"ListItem\",\"position\":1,\"name\":\"Home\",\"item\":\"https:\/\/holiday-maker-france.com\/en\/\"},{\"@type\":\"ListItem\",\"position\":2,\"name\":\"Our agency\"}]}]}<\/script>\n<!-- \/ Yoast SEO plugin. -->","yoast_head_json":{"title":"Our agency - Holiday maker","robots":{"index":"index","follow":"follow","max-snippet":"max-snippet:-1","max-image-preview":"max-image-preview:large","max-video-preview":"max-video-preview:-1"},"canonical":"https:\/\/holiday-maker-france.com\/en\/our-agency\/","og_locale":"en_US","og_type":"article","og_title":"Our agency - Holiday maker","og_description":"Holiday Maker est une agence r\u00e9ceptive cr\u00e9\u00e9e en Alsace par M. et Mme\u202fHusain en juillet 1990 et transmise \u00e0 Christine","og_url":"https:\/\/holiday-maker-france.com\/en\/our-agency\/","og_site_name":"Holiday maker","article_modified_time":"2022-04-21T13:48:05+00:00","twitter_card":"summary_large_image","twitter_misc":{"Est. reading time":"1 minute"},"schema":{"@context":"https:\/\/schema.org","@graph":[{"@type":"WebSite","@id":"https:\/\/holiday-maker-france.com\/#website","url":"https:\/\/holiday-maker-france.com\/","name":"Holiday maker","description":"Just another WordPress site","potentialAction":[{"@type":"SearchAction","target":{"@type":"EntryPoint","urlTemplate":"https:\/\/holiday-maker-france.com\/?s={search_term_string}"},"query-input":"required name=search_term_string"}],"inLanguage":"en-US"},{"@type":"WebPage","@id":"https:\/\/holiday-maker-france.com\/en\/our-agency\/#webpage","url":"https:\/\/holiday-maker-france.com\/en\/our-agency\/","name":"Our agency - Holiday maker","isPartOf":{"@id":"https:\/\/holiday-maker-france.com\/#website"},"datePublished":"2021-07-20T15:04:27+00:00","dateModified":"2022-04-21T13:48:05+00:00","breadcrumb":{"@id":"https:\/\/holiday-maker-france.com\/en\/our-agency\/#breadcrumb"},"inLanguage":"en-US","potentialAction":[{"@type":"ReadAction","target":["https:\/\/holiday-maker-france.com\/en\/our-agency\/"]}]},{"@type":"BreadcrumbList","@id":"https:\/\/holiday-maker-france.com\/en\/our-agency\/#breadcrumb","itemListElement":[{"@type":"ListItem","position":1,"name":"Home","item":"https:\/\/holiday-maker-france.com\/en\/"},{"@type":"ListItem","position":2,"name":"Our agency"}]}]}},"_links":{"self":[{"href":"https:\/\/holiday-maker-france.com\/en\/wp-json\/wp\/v2\/pages\/732"}],"collection":[{"href":"https:\/\/holiday-maker-france.com\/en\/wp-json\/wp\/v2\/pages"}],"about":[{"href":"https:\/\/holiday-maker-france.com\/en\/wp-json\/wp\/v2\/types\/page"}],"author":[{"embeddable":true,"href":"https:\/\/holiday-maker-france.com\/en\/wp-json\/wp\/v2\/users\/1"}],"replies":[{"embeddable":true,"href":"https:\/\/holiday-maker-france.com\/en\/wp-json\/wp\/v2\/comments?post=732"}],"version-history":[{"count":3,"href":"https:\/\/holiday-maker-france.com\/en\/wp-json\/wp\/v2\/pages\/732\/revisions"}],"predecessor-version":[{"id":885,"href":"https:\/\/holiday-maker-france.com\/en\/wp-json\/wp\/v2\/pages\/732\/revisions\/885"}],"wp:attachment":[{"href":"https:\/\/holiday-maker-france.com\/en\/wp-json\/wp\/v2\/media?parent=732"}],"curies":[{"name":"wp","href":"https:\/\/api.w.org\/{rel}","templated":true}]}}