{"id":779,"date":"2021-10-11T12:23:40","date_gmt":"2021-10-11T12:23:40","guid":{"rendered":"https:\/\/holiday-maker-france.com\/tourisme-affaires\/mice\/"},"modified":"2022-04-22T09:19:15","modified_gmt":"2022-04-22T09:19:15","slug":"mice","status":"publish","type":"page","link":"https:\/\/holiday-maker-france.com\/de\/geschaeftsreisen\/mice\/","title":{"rendered":"MICE"},"content":{"rendered":"<section class=\"picture-cover\">\n    <img width=\"1523\" height=\"1013\" src=\"https:\/\/holiday-maker-france.com\/app\/uploads\/2022\/01\/holiday-maker-agence.jpg\" class=\"picture-cover__picture\" alt=\"\" loading=\"lazy\" srcset=\"https:\/\/holiday-maker-france.com\/app\/uploads\/2022\/01\/holiday-maker-agence.jpg 1523w, https:\/\/holiday-maker-france.com\/app\/uploads\/2022\/01\/holiday-maker-agence-300x200.jpg 300w, https:\/\/holiday-maker-france.com\/app\/uploads\/2022\/01\/holiday-maker-agence-1024x681.jpg 1024w, https:\/\/holiday-maker-france.com\/app\/uploads\/2022\/01\/holiday-maker-agence-768x511.jpg 768w\" sizes=\"(max-width: 1523px) 100vw, 1523px\" \/>\n<\/section>\n\n\n<section class=\"section\">\n    <div class=\"grid-container\">\n        \n\n<h1 class=\"has-text-align-center\">MICE<\/h1>\n\n\n<section class=\"section\">\n    <div class=\"grid-container\">\n        <div class=\"grid-x grid-margin-x grid-margin-y\">\n            <div class=\"cell small-12 large-8\">\n                \n\n<p>Die erfolgreiche Organisation und Durchf\u00fchrung von Tagungen, Incentives, Kongressen und anderen Events bedarf einer umfassenden Branchenkenntnis.<\/p>\n\n\n\n<p>Wir \u00fcbernehmen f\u00fcr Sie s\u00e4mtliche \u201elogistischen\u201c Aspekte Ihrer Veranstaltung: Wir verf\u00fcgen \u00fcber die erforderlichen Kenntnisse, arbeiten mit vertrauensw\u00fcrdigen Dienstleistern zusammen und fungieren als Ansprechpartner vor Ort. So finden wir f\u00fcr Sie den perfekten Veranstaltungsort, die passenden Aktivit\u00e4ten, die optimale Unterkunft und k\u00fcmmern uns auch um alle weiteren kleinen und gro\u00dfen Details.<\/p>\n\n\n\n<p>Nach der gemeinsamen Definition Ihrer Ziele, Erwartungen und budget\u00e4ren Vorstellungen \u00fcbernehmen wir f\u00fcr Sie in \u00dcbereinstimmung mit Ihren Vorgaben die Konzeption und Durchf\u00fchrung Ihres Projekts.<\/p>\n\n\n\n<p>Mit unserer ma\u00dfgeschneiderten Beratung und individuellen L\u00f6sungen begleiten wir Sie von der ersten&nbsp;Kontaktaufnahme bis hin zur Umsetzung.<\/p>\n\n\n\n<p>Setzen Sie f\u00fcr Ihre Unterfangen auf die Flexibilit\u00e4t und Reaktionsf\u00e4higkeit eines durch und durch menschlichen Unternehmens. Das Ergebnis: eine gewinnbringende Kombination aus Sorgfalt und Kreativit\u00e4t!<\/p>\n\n\n            <\/div>\n            <div class=\"cell small-12 large-4\">\n                <div class=\"grid-x grid-margin-x grid-margin-y\">\n                                <div class=\"cell small-12 medium-4 large-12\">\n                    <img width=\"1024\" height=\"683\" src=\"https:\/\/holiday-maker-france.com\/app\/uploads\/2022\/01\/MICE.jpg\" class=\"attachment-full size-full\" alt=\"\" loading=\"lazy\" srcset=\"https:\/\/holiday-maker-france.com\/app\/uploads\/2022\/01\/MICE.jpg 1024w, https:\/\/holiday-maker-france.com\/app\/uploads\/2022\/01\/MICE-300x200.jpg 300w, https:\/\/holiday-maker-france.com\/app\/uploads\/2022\/01\/MICE-768x512.jpg 768w\" sizes=\"(max-width: 1024px) 100vw, 1024px\" \/>\n                <\/div>\n                                <\/div>\n            <\/div>\n        <\/div>\n    <\/div>\n<\/section>\n\n\n    <\/div>\n<\/section>\n\n\n<section class=\"section section--color-primary\">\n    <div class=\"grid-container\">\n        \n    <h2 class=\"title-double text-center\">\n                <span class=\"title-double__line1\">Kontakt<\/span>\n                            <span class=\"title-double__line2\">Sie planen eine private oder gesch\u00e4ftliche Reise?<\/span>\n            <\/h2>\n\n\n\n<p class=\"has-text-align-center\">Wir freuen uns darauf, von Ihnen zu h\u00f6ren! Unser Team setzt alles daran, Ihre W\u00fcnsche in die Tat umzusetzen.<\/p>\n\n\n<div class=\"button-group align-center\">\n    \n<a class=\"button secondary\" href=\"https:\/\/holiday-maker-france.com\/de\/kontakt\/\">Los geht\u2019s!<\/a>\n\n\n\n\n\n<\/div>\n\n\n    <\/div>\n<\/section>\n","protected":false},"excerpt":{"rendered":"<p>Die erfolgreiche Organisation und Durchf\u00fchrung von Tagungen, Incentives, Kongressen und anderen Events bedarf einer umfassenden Branchenkenntnis. Wir \u00fcbernehmen f\u00fcr Sie<\/p>\n","protected":false},"author":1,"featured_media":646,"parent":739,"menu_order":2,"comment_status":"closed","ping_status":"closed","template":"","meta":[],"acf":[],"yoast_head":"<!-- This site is optimized with the Yoast SEO plugin v18.6 - https:\/\/yoast.com\/wordpress\/plugins\/seo\/ -->\n<title>MICE - Holiday maker<\/title>\n<meta name=\"robots\" content=\"index, follow, max-snippet:-1, max-image-preview:large, max-video-preview:-1\" \/>\n<link rel=\"canonical\" href=\"https:\/\/holiday-maker-france.com\/de\/geschaeftsreisen\/mice\/\" \/>\n<meta property=\"og:locale\" content=\"de_DE\" \/>\n<meta property=\"og:type\" content=\"article\" \/>\n<meta property=\"og:title\" content=\"MICE - Holiday maker\" \/>\n<meta property=\"og:description\" content=\"Die erfolgreiche Organisation und Durchf\u00fchrung von Tagungen, Incentives, Kongressen und anderen Events bedarf einer umfassenden Branchenkenntnis. Wir \u00fcbernehmen f\u00fcr Sie\" \/>\n<meta property=\"og:url\" content=\"https:\/\/holiday-maker-france.com\/de\/geschaeftsreisen\/mice\/\" \/>\n<meta property=\"og:site_name\" content=\"Holiday maker\" \/>\n<meta property=\"article:modified_time\" content=\"2022-04-22T09:19:15+00:00\" \/>\n<meta property=\"og:image\" content=\"https:\/\/holiday-maker-france.com\/app\/uploads\/2022\/01\/MICE.jpg\" \/>\n\t<meta property=\"og:image:width\" content=\"1024\" \/>\n\t<meta property=\"og:image:height\" content=\"683\" \/>\n\t<meta property=\"og:image:type\" content=\"image\/jpeg\" \/>\n<meta name=\"twitter:card\" content=\"summary_large_image\" \/>\n<meta name=\"twitter:label1\" content=\"Est. reading time\" \/>\n\t<meta name=\"twitter:data1\" content=\"1 minute\" \/>\n<script type=\"application\/ld+json\" class=\"yoast-schema-graph\">{\"@context\":\"https:\/\/schema.org\",\"@graph\":[{\"@type\":\"WebSite\",\"@id\":\"https:\/\/holiday-maker-france.com\/#website\",\"url\":\"https:\/\/holiday-maker-france.com\/\",\"name\":\"Holiday maker\",\"description\":\"Just another WordPress site\",\"potentialAction\":[{\"@type\":\"SearchAction\",\"target\":{\"@type\":\"EntryPoint\",\"urlTemplate\":\"https:\/\/holiday-maker-france.com\/?s={search_term_string}\"},\"query-input\":\"required name=search_term_string\"}],\"inLanguage\":\"de-DE\"},{\"@type\":\"ImageObject\",\"@id\":\"https:\/\/holiday-maker-france.com\/de\/geschaeftsreisen\/mice\/#primaryimage\",\"inLanguage\":\"de-DE\",\"url\":\"https:\/\/holiday-maker-france.com\/app\/uploads\/2022\/01\/MICE.jpg\",\"contentUrl\":\"https:\/\/holiday-maker-france.com\/app\/uploads\/2022\/01\/MICE.jpg\",\"width\":1024,\"height\":683,\"caption\":\"binary comment\"},{\"@type\":\"WebPage\",\"@id\":\"https:\/\/holiday-maker-france.com\/de\/geschaeftsreisen\/mice\/#webpage\",\"url\":\"https:\/\/holiday-maker-france.com\/de\/geschaeftsreisen\/mice\/\",\"name\":\"MICE - Holiday maker\",\"isPartOf\":{\"@id\":\"https:\/\/holiday-maker-france.com\/#website\"},\"primaryImageOfPage\":{\"@id\":\"https:\/\/holiday-maker-france.com\/de\/geschaeftsreisen\/mice\/#primaryimage\"},\"datePublished\":\"2021-10-11T12:23:40+00:00\",\"dateModified\":\"2022-04-22T09:19:15+00:00\",\"breadcrumb\":{\"@id\":\"https:\/\/holiday-maker-france.com\/de\/geschaeftsreisen\/mice\/#breadcrumb\"},\"inLanguage\":\"de-DE\",\"potentialAction\":[{\"@type\":\"ReadAction\",\"target\":[\"https:\/\/holiday-maker-france.com\/de\/geschaeftsreisen\/mice\/\"]}]},{\"@type\":\"BreadcrumbList\",\"@id\":\"https:\/\/holiday-maker-france.com\/de\/geschaeftsreisen\/mice\/#breadcrumb\",\"itemListElement\":[{\"@type\":\"ListItem\",\"position\":1,\"name\":\"Home\",\"item\":\"https:\/\/holiday-maker-france.com\/de\/\"},{\"@type\":\"ListItem\",\"position\":2,\"name\":\"Gesch\u00e4ftsreisen\",\"item\":\"https:\/\/holiday-maker-france.com\/de\/geschaeftsreisen\/\"},{\"@type\":\"ListItem\",\"position\":3,\"name\":\"MICE\"}]}]}<\/script>\n<!-- \/ Yoast SEO plugin. -->","yoast_head_json":{"title":"MICE - Holiday maker","robots":{"index":"index","follow":"follow","max-snippet":"max-snippet:-1","max-image-preview":"max-image-preview:large","max-video-preview":"max-video-preview:-1"},"canonical":"https:\/\/holiday-maker-france.com\/de\/geschaeftsreisen\/mice\/","og_locale":"de_DE","og_type":"article","og_title":"MICE - Holiday maker","og_description":"Die erfolgreiche Organisation und Durchf\u00fchrung von Tagungen, Incentives, Kongressen und anderen Events bedarf einer umfassenden Branchenkenntnis. Wir \u00fcbernehmen f\u00fcr Sie","og_url":"https:\/\/holiday-maker-france.com\/de\/geschaeftsreisen\/mice\/","og_site_name":"Holiday maker","article_modified_time":"2022-04-22T09:19:15+00:00","og_image":[{"width":1024,"height":683,"url":"https:\/\/holiday-maker-france.com\/app\/uploads\/2022\/01\/MICE.jpg","type":"image\/jpeg"}],"twitter_card":"summary_large_image","twitter_misc":{"Est. reading time":"1 minute"},"schema":{"@context":"https:\/\/schema.org","@graph":[{"@type":"WebSite","@id":"https:\/\/holiday-maker-france.com\/#website","url":"https:\/\/holiday-maker-france.com\/","name":"Holiday maker","description":"Just another WordPress site","potentialAction":[{"@type":"SearchAction","target":{"@type":"EntryPoint","urlTemplate":"https:\/\/holiday-maker-france.com\/?s={search_term_string}"},"query-input":"required name=search_term_string"}],"inLanguage":"de-DE"},{"@type":"ImageObject","@id":"https:\/\/holiday-maker-france.com\/de\/geschaeftsreisen\/mice\/#primaryimage","inLanguage":"de-DE","url":"https:\/\/holiday-maker-france.com\/app\/uploads\/2022\/01\/MICE.jpg","contentUrl":"https:\/\/holiday-maker-france.com\/app\/uploads\/2022\/01\/MICE.jpg","width":1024,"height":683,"caption":"binary comment"},{"@type":"WebPage","@id":"https:\/\/holiday-maker-france.com\/de\/geschaeftsreisen\/mice\/#webpage","url":"https:\/\/holiday-maker-france.com\/de\/geschaeftsreisen\/mice\/","name":"MICE - Holiday maker","isPartOf":{"@id":"https:\/\/holiday-maker-france.com\/#website"},"primaryImageOfPage":{"@id":"https:\/\/holiday-maker-france.com\/de\/geschaeftsreisen\/mice\/#primaryimage"},"datePublished":"2021-10-11T12:23:40+00:00","dateModified":"2022-04-22T09:19:15+00:00","breadcrumb":{"@id":"https:\/\/holiday-maker-france.com\/de\/geschaeftsreisen\/mice\/#breadcrumb"},"inLanguage":"de-DE","potentialAction":[{"@type":"ReadAction","target":["https:\/\/holiday-maker-france.com\/de\/geschaeftsreisen\/mice\/"]}]},{"@type":"BreadcrumbList","@id":"https:\/\/holiday-maker-france.com\/de\/geschaeftsreisen\/mice\/#breadcrumb","itemListElement":[{"@type":"ListItem","position":1,"name":"Home","item":"https:\/\/holiday-maker-france.com\/de\/"},{"@type":"ListItem","position":2,"name":"Gesch\u00e4ftsreisen","item":"https:\/\/holiday-maker-france.com\/de\/geschaeftsreisen\/"},{"@type":"ListItem","position":3,"name":"MICE"}]}]}},"_links":{"self":[{"href":"https:\/\/holiday-maker-france.com\/de\/wp-json\/wp\/v2\/pages\/779"}],"collection":[{"href":"https:\/\/holiday-maker-france.com\/de\/wp-json\/wp\/v2\/pages"}],"about":[{"href":"https:\/\/holiday-maker-france.com\/de\/wp-json\/wp\/v2\/types\/page"}],"author":[{"embeddable":true,"href":"https:\/\/holiday-maker-france.com\/de\/wp-json\/wp\/v2\/users\/1"}],"replies":[{"embeddable":true,"href":"https:\/\/holiday-maker-france.com\/de\/wp-json\/wp\/v2\/comments?post=779"}],"version-history":[{"count":3,"href":"https:\/\/holiday-maker-france.com\/de\/wp-json\/wp\/v2\/pages\/779\/revisions"}],"predecessor-version":[{"id":999,"href":"https:\/\/holiday-maker-france.com\/de\/wp-json\/wp\/v2\/pages\/779\/revisions\/999"}],"up":[{"embeddable":true,"href":"https:\/\/holiday-maker-france.com\/de\/wp-json\/wp\/v2\/pages\/739"}],"wp:featuredmedia":[{"embeddable":true,"href":"https:\/\/holiday-maker-france.com\/de\/wp-json\/wp\/v2\/media\/646"}],"wp:attachment":[{"href":"https:\/\/holiday-maker-france.com\/de\/wp-json\/wp\/v2\/media?parent=779"}],"curies":[{"name":"wp","href":"https:\/\/api.w.org\/{rel}","templated":true}]}}