{"id":776,"date":"2021-10-11T12:23:20","date_gmt":"2021-10-11T12:23:20","guid":{"rendered":"https:\/\/holiday-maker-france.com\/tourisme-affaires\/entreprises\/"},"modified":"2022-04-22T09:18:47","modified_gmt":"2022-04-22T09:18:47","slug":"unternehmen","status":"publish","type":"page","link":"https:\/\/holiday-maker-france.com\/de\/geschaeftsreisen\/unternehmen\/","title":{"rendered":"Unternehmen"},"content":{"rendered":"<section class=\"picture-cover\">\n    <img width=\"1920\" height=\"1271\" src=\"https:\/\/holiday-maker-france.com\/app\/uploads\/2022\/01\/partenaire.jpg\" class=\"picture-cover__picture\" alt=\"\" loading=\"lazy\" srcset=\"https:\/\/holiday-maker-france.com\/app\/uploads\/2022\/01\/partenaire.jpg 1920w, https:\/\/holiday-maker-france.com\/app\/uploads\/2022\/01\/partenaire-300x199.jpg 300w, https:\/\/holiday-maker-france.com\/app\/uploads\/2022\/01\/partenaire-1024x678.jpg 1024w, https:\/\/holiday-maker-france.com\/app\/uploads\/2022\/01\/partenaire-768x508.jpg 768w, https:\/\/holiday-maker-france.com\/app\/uploads\/2022\/01\/partenaire-1536x1017.jpg 1536w\" sizes=\"(max-width: 1920px) 100vw, 1920px\" \/>\n<\/section>\n\n\n<section class=\"section\">\n    <div class=\"grid-container\">\n        \n\n<h1 class=\"has-text-align-center\" id=\"entreprises\">Unternehmen<\/h1>\n\n\n<section class=\"section\">\n    <div class=\"grid-container\">\n        <div class=\"grid-x grid-margin-x grid-margin-y\">\n            <div class=\"cell small-12 large-8\">\n                \n\n<p>Sie planen Ihr n\u00e4chstes Event, um Ihre Mitarbeiter zusammenzuf\u00fchren, sich bei ihnen zu bedanken oder sie weiter zu motivieren?<br>Dann sind Sie bei uns genau richtig: Unsere Agentur \u00fcbernimmt f\u00fcr Sie die Organisation von A bis Z!<br>Bei jeder Veranstaltung im Leben Ihres Unternehmens (Seminare, Incentives, Schulungen, Mitarbeitertage, Firmenabende, etc.) stehen wir Ihnen zur Seite, um Ihr Event zu einem einzigartigen Moment zu machen.<\/p>\n\n\n\n<p>Ihrem Unternehmen steht der umfassende Kompetenzpool sowie das erforderliche Know-how und die hervorragende Branchenkenntnis unseres Teams zur Verf\u00fcgung. Wir mobilisieren unsere geballten M\u00f6glichkeiten, um all Ihre W\u00fcnsche und Ideen umzusetzen.<\/p>\n\n\n\n<p>Damit Ihr Event vollst\u00e4ndig Ihren Werten und Vorstellungen sowie dem Image Ihres Unternehmens entspricht, haben wir immer ein offenes Ohr, beraten und begleiten Sie. Die effiziente Zusammenarbeit zwischen Ihrem Projektmanager und Holiday Maker f\u00fchrt Ihr Projekt zum Erfolg.<\/p>\n\n\n\n<p>In \u00dcbereinstimmung mit Ihren Zielen sowie Ihrem Budget pr\u00e4sentieren wir Ihnen unterschiedliche Veranstaltungsorte: eine Hotellounge, ein Kongresszentrum, ein Weingut oder etwa die Privatisierung einer ganzen Burg.<br>Und was die Aktivit\u00e4ten betrifft: Da kommen sowohl Feinschmecker, spielerisch Veranlagte, Kulturliebhaber, Neugierige, Sportler und alle anderen voll auf ihre Kosten!<\/p>\n\n\n            <\/div>\n            <div class=\"cell small-12 large-4\">\n                <div class=\"grid-x grid-margin-x grid-margin-y\">\n                                <div class=\"cell small-12 medium-4 large-12\">\n                    <img width=\"1024\" height=\"727\" src=\"https:\/\/holiday-maker-france.com\/app\/uploads\/2022\/01\/entreprise.jpg\" class=\"attachment-full size-full\" alt=\"\" loading=\"lazy\" srcset=\"https:\/\/holiday-maker-france.com\/app\/uploads\/2022\/01\/entreprise.jpg 1024w, https:\/\/holiday-maker-france.com\/app\/uploads\/2022\/01\/entreprise-300x213.jpg 300w, https:\/\/holiday-maker-france.com\/app\/uploads\/2022\/01\/entreprise-768x545.jpg 768w\" sizes=\"(max-width: 1024px) 100vw, 1024px\" \/>\n                <\/div>\n                                <div class=\"cell small-12 medium-4 large-12\">\n                    <img width=\"320\" height=\"213\" src=\"https:\/\/holiday-maker-france.com\/app\/uploads\/2022\/02\/IMG_9747.jpg\" class=\"attachment-full size-full\" alt=\"\" loading=\"lazy\" srcset=\"https:\/\/holiday-maker-france.com\/app\/uploads\/2022\/02\/IMG_9747.jpg 320w, https:\/\/holiday-maker-france.com\/app\/uploads\/2022\/02\/IMG_9747-300x200.jpg 300w\" sizes=\"(max-width: 320px) 100vw, 320px\" \/>\n                <\/div>\n                                <\/div>\n            <\/div>\n        <\/div>\n    <\/div>\n<\/section>\n\n\n    <\/div>\n<\/section>\n\n\n<section class=\"section section--color-primary\">\n    <div class=\"grid-container\">\n        \n    <h2 class=\"title-double text-center\">\n                <span class=\"title-double__line1\">Kontakt<\/span>\n                            <span class=\"title-double__line2\">Sie planen eine private oder gesch\u00e4ftliche Reise?<\/span>\n            <\/h2>\n\n\n\n<p class=\"has-text-align-center\">Wir freuen uns darauf, von Ihnen zu h\u00f6ren! Unser Team setzt alles daran, Ihre W\u00fcnsche in die Tat umzusetzen.<\/p>\n\n\n<div class=\"button-group align-center\">\n    \n<a class=\"button secondary\" href=\"https:\/\/holiday-maker-france.com\/de\/kontakt\/\">Los geht\u2019s!<\/a>\n\n\n\n\n\n<\/div>\n\n\n    <\/div>\n<\/section>\n","protected":false},"excerpt":{"rendered":"<p>Sie planen Ihr n\u00e4chstes Event, um Ihre Mitarbeiter zusammenzuf\u00fchren, sich bei ihnen zu bedanken oder sie weiter zu motivieren?Dann sind<\/p>\n","protected":false},"author":1,"featured_media":694,"parent":739,"menu_order":1,"comment_status":"closed","ping_status":"closed","template":"","meta":[],"acf":[],"yoast_head":"<!-- This site is optimized with the Yoast SEO plugin v18.6 - https:\/\/yoast.com\/wordpress\/plugins\/seo\/ -->\n<title>Unternehmen - Holiday maker<\/title>\n<meta name=\"robots\" content=\"index, follow, max-snippet:-1, max-image-preview:large, max-video-preview:-1\" \/>\n<link rel=\"canonical\" href=\"https:\/\/holiday-maker-france.com\/de\/geschaeftsreisen\/unternehmen\/\" \/>\n<meta property=\"og:locale\" content=\"de_DE\" \/>\n<meta property=\"og:type\" content=\"article\" \/>\n<meta property=\"og:title\" content=\"Unternehmen - Holiday maker\" \/>\n<meta property=\"og:description\" content=\"Sie planen Ihr n\u00e4chstes Event, um Ihre Mitarbeiter zusammenzuf\u00fchren, sich bei ihnen zu bedanken oder sie weiter zu motivieren?Dann sind\" \/>\n<meta property=\"og:url\" content=\"https:\/\/holiday-maker-france.com\/de\/geschaeftsreisen\/unternehmen\/\" \/>\n<meta property=\"og:site_name\" content=\"Holiday maker\" \/>\n<meta property=\"article:modified_time\" content=\"2022-04-22T09:18:47+00:00\" \/>\n<meta property=\"og:image\" content=\"https:\/\/holiday-maker-france.com\/app\/uploads\/2022\/01\/partenaire.jpg\" \/>\n\t<meta property=\"og:image:width\" content=\"1920\" \/>\n\t<meta property=\"og:image:height\" content=\"1271\" \/>\n\t<meta property=\"og:image:type\" content=\"image\/jpeg\" \/>\n<meta name=\"twitter:card\" content=\"summary_large_image\" \/>\n<meta name=\"twitter:label1\" content=\"Est. reading time\" \/>\n\t<meta name=\"twitter:data1\" content=\"1 minute\" \/>\n<script type=\"application\/ld+json\" class=\"yoast-schema-graph\">{\"@context\":\"https:\/\/schema.org\",\"@graph\":[{\"@type\":\"WebSite\",\"@id\":\"https:\/\/holiday-maker-france.com\/#website\",\"url\":\"https:\/\/holiday-maker-france.com\/\",\"name\":\"Holiday maker\",\"description\":\"Just another WordPress site\",\"potentialAction\":[{\"@type\":\"SearchAction\",\"target\":{\"@type\":\"EntryPoint\",\"urlTemplate\":\"https:\/\/holiday-maker-france.com\/?s={search_term_string}\"},\"query-input\":\"required name=search_term_string\"}],\"inLanguage\":\"de-DE\"},{\"@type\":\"ImageObject\",\"@id\":\"https:\/\/holiday-maker-france.com\/de\/geschaeftsreisen\/unternehmen\/#primaryimage\",\"inLanguage\":\"de-DE\",\"url\":\"https:\/\/holiday-maker-france.com\/app\/uploads\/2022\/01\/partenaire.jpg\",\"contentUrl\":\"https:\/\/holiday-maker-france.com\/app\/uploads\/2022\/01\/partenaire.jpg\",\"width\":1920,\"height\":1271},{\"@type\":\"WebPage\",\"@id\":\"https:\/\/holiday-maker-france.com\/de\/geschaeftsreisen\/unternehmen\/#webpage\",\"url\":\"https:\/\/holiday-maker-france.com\/de\/geschaeftsreisen\/unternehmen\/\",\"name\":\"Unternehmen - Holiday maker\",\"isPartOf\":{\"@id\":\"https:\/\/holiday-maker-france.com\/#website\"},\"primaryImageOfPage\":{\"@id\":\"https:\/\/holiday-maker-france.com\/de\/geschaeftsreisen\/unternehmen\/#primaryimage\"},\"datePublished\":\"2021-10-11T12:23:20+00:00\",\"dateModified\":\"2022-04-22T09:18:47+00:00\",\"breadcrumb\":{\"@id\":\"https:\/\/holiday-maker-france.com\/de\/geschaeftsreisen\/unternehmen\/#breadcrumb\"},\"inLanguage\":\"de-DE\",\"potentialAction\":[{\"@type\":\"ReadAction\",\"target\":[\"https:\/\/holiday-maker-france.com\/de\/geschaeftsreisen\/unternehmen\/\"]}]},{\"@type\":\"BreadcrumbList\",\"@id\":\"https:\/\/holiday-maker-france.com\/de\/geschaeftsreisen\/unternehmen\/#breadcrumb\",\"itemListElement\":[{\"@type\":\"ListItem\",\"position\":1,\"name\":\"Home\",\"item\":\"https:\/\/holiday-maker-france.com\/de\/\"},{\"@type\":\"ListItem\",\"position\":2,\"name\":\"Gesch\u00e4ftsreisen\",\"item\":\"https:\/\/holiday-maker-france.com\/de\/geschaeftsreisen\/\"},{\"@type\":\"ListItem\",\"position\":3,\"name\":\"Unternehmen\"}]}]}<\/script>\n<!-- \/ Yoast SEO plugin. -->","yoast_head_json":{"title":"Unternehmen - Holiday maker","robots":{"index":"index","follow":"follow","max-snippet":"max-snippet:-1","max-image-preview":"max-image-preview:large","max-video-preview":"max-video-preview:-1"},"canonical":"https:\/\/holiday-maker-france.com\/de\/geschaeftsreisen\/unternehmen\/","og_locale":"de_DE","og_type":"article","og_title":"Unternehmen - Holiday maker","og_description":"Sie planen Ihr n\u00e4chstes Event, um Ihre Mitarbeiter zusammenzuf\u00fchren, sich bei ihnen zu bedanken oder sie weiter zu motivieren?Dann sind","og_url":"https:\/\/holiday-maker-france.com\/de\/geschaeftsreisen\/unternehmen\/","og_site_name":"Holiday maker","article_modified_time":"2022-04-22T09:18:47+00:00","og_image":[{"width":1920,"height":1271,"url":"https:\/\/holiday-maker-france.com\/app\/uploads\/2022\/01\/partenaire.jpg","type":"image\/jpeg"}],"twitter_card":"summary_large_image","twitter_misc":{"Est. reading time":"1 minute"},"schema":{"@context":"https:\/\/schema.org","@graph":[{"@type":"WebSite","@id":"https:\/\/holiday-maker-france.com\/#website","url":"https:\/\/holiday-maker-france.com\/","name":"Holiday maker","description":"Just another WordPress site","potentialAction":[{"@type":"SearchAction","target":{"@type":"EntryPoint","urlTemplate":"https:\/\/holiday-maker-france.com\/?s={search_term_string}"},"query-input":"required name=search_term_string"}],"inLanguage":"de-DE"},{"@type":"ImageObject","@id":"https:\/\/holiday-maker-france.com\/de\/geschaeftsreisen\/unternehmen\/#primaryimage","inLanguage":"de-DE","url":"https:\/\/holiday-maker-france.com\/app\/uploads\/2022\/01\/partenaire.jpg","contentUrl":"https:\/\/holiday-maker-france.com\/app\/uploads\/2022\/01\/partenaire.jpg","width":1920,"height":1271},{"@type":"WebPage","@id":"https:\/\/holiday-maker-france.com\/de\/geschaeftsreisen\/unternehmen\/#webpage","url":"https:\/\/holiday-maker-france.com\/de\/geschaeftsreisen\/unternehmen\/","name":"Unternehmen - Holiday maker","isPartOf":{"@id":"https:\/\/holiday-maker-france.com\/#website"},"primaryImageOfPage":{"@id":"https:\/\/holiday-maker-france.com\/de\/geschaeftsreisen\/unternehmen\/#primaryimage"},"datePublished":"2021-10-11T12:23:20+00:00","dateModified":"2022-04-22T09:18:47+00:00","breadcrumb":{"@id":"https:\/\/holiday-maker-france.com\/de\/geschaeftsreisen\/unternehmen\/#breadcrumb"},"inLanguage":"de-DE","potentialAction":[{"@type":"ReadAction","target":["https:\/\/holiday-maker-france.com\/de\/geschaeftsreisen\/unternehmen\/"]}]},{"@type":"BreadcrumbList","@id":"https:\/\/holiday-maker-france.com\/de\/geschaeftsreisen\/unternehmen\/#breadcrumb","itemListElement":[{"@type":"ListItem","position":1,"name":"Home","item":"https:\/\/holiday-maker-france.com\/de\/"},{"@type":"ListItem","position":2,"name":"Gesch\u00e4ftsreisen","item":"https:\/\/holiday-maker-france.com\/de\/geschaeftsreisen\/"},{"@type":"ListItem","position":3,"name":"Unternehmen"}]}]}},"_links":{"self":[{"href":"https:\/\/holiday-maker-france.com\/de\/wp-json\/wp\/v2\/pages\/776"}],"collection":[{"href":"https:\/\/holiday-maker-france.com\/de\/wp-json\/wp\/v2\/pages"}],"about":[{"href":"https:\/\/holiday-maker-france.com\/de\/wp-json\/wp\/v2\/types\/page"}],"author":[{"embeddable":true,"href":"https:\/\/holiday-maker-france.com\/de\/wp-json\/wp\/v2\/users\/1"}],"replies":[{"embeddable":true,"href":"https:\/\/holiday-maker-france.com\/de\/wp-json\/wp\/v2\/comments?post=776"}],"version-history":[{"count":3,"href":"https:\/\/holiday-maker-france.com\/de\/wp-json\/wp\/v2\/pages\/776\/revisions"}],"predecessor-version":[{"id":997,"href":"https:\/\/holiday-maker-france.com\/de\/wp-json\/wp\/v2\/pages\/776\/revisions\/997"}],"up":[{"embeddable":true,"href":"https:\/\/holiday-maker-france.com\/de\/wp-json\/wp\/v2\/pages\/739"}],"wp:featuredmedia":[{"embeddable":true,"href":"https:\/\/holiday-maker-france.com\/de\/wp-json\/wp\/v2\/media\/694"}],"wp:attachment":[{"href":"https:\/\/holiday-maker-france.com\/de\/wp-json\/wp\/v2\/media?parent=776"}],"curies":[{"name":"wp","href":"https:\/\/api.w.org\/{rel}","templated":true}]}}