{"id":773,"date":"2021-10-11T12:22:02","date_gmt":"2021-10-11T12:22:02","guid":{"rendered":"https:\/\/holiday-maker-france.com\/voyages-loisirs\/ailleurs\/"},"modified":"2022-04-22T09:13:26","modified_gmt":"2022-04-22T09:13:26","slug":"weltweit","status":"publish","type":"page","link":"https:\/\/holiday-maker-france.com\/de\/urlaub\/weltweit\/","title":{"rendered":"Weltweit"},"content":{"rendered":"<section class=\"picture-cover\">\n    <img width=\"1523\" height=\"1013\" src=\"https:\/\/holiday-maker-france.com\/app\/uploads\/2022\/01\/holiday-maker-agence.jpg\" class=\"picture-cover__picture\" alt=\"\" loading=\"lazy\" srcset=\"https:\/\/holiday-maker-france.com\/app\/uploads\/2022\/01\/holiday-maker-agence.jpg 1523w, https:\/\/holiday-maker-france.com\/app\/uploads\/2022\/01\/holiday-maker-agence-300x200.jpg 300w, https:\/\/holiday-maker-france.com\/app\/uploads\/2022\/01\/holiday-maker-agence-1024x681.jpg 1024w, https:\/\/holiday-maker-france.com\/app\/uploads\/2022\/01\/holiday-maker-agence-768x511.jpg 768w\" sizes=\"(max-width: 1523px) 100vw, 1523px\" \/>\n<\/section>\n\n\n<section class=\"section\">\n    <div class=\"grid-container\">\n        \n\n<h1 class=\"has-text-align-center\"><strong>In Frankreich und weltweit<\/strong><\/h1>\n\n\n<section class=\"section\">\n    <div class=\"grid-container\">\n        <div class=\"grid-x grid-margin-x grid-margin-y\">\n            <div class=\"cell small-12 large-8\">\n                \n\n<p>Seit seinen Anf\u00e4ngen bietet Holiday Maker Reisen in Frankreich und der ganzen Welt an.<\/p>\n\n\n\n<p>Unsere langj\u00e4hrige Erfahrung und ein gut gef\u00fclltes Adressbuch erm\u00f6glichen es uns, Ihre unvergesslichen Gruppenreisen unabh\u00e4ngig von Budget, Thema oder Reiseziel zu organisieren. Frankreich ist immer eine Reise wert:<\/p>\n\n\n\n<ul><li>Erleben Sie Geschichte, Kultur und atemberaubende Landschaften hautnah<\/li><li>Atmen Sie den bet\u00f6renden Duft der Lavendelfelder ein<\/li><li>Tauchen Sie in die Welt des Impressionismus ein<\/li><li>Genie\u00dfen Sie lokale Spezialit\u00e4ten, umgeben von architektonischen Meisterwerken<\/li><li>Lassen Sie sich von der st\u00e4dtischen Lebensart mitrei\u00dfen<\/li><\/ul>\n\n\n\n<p>Kurzum: Lassen Sie sich von den unz\u00e4hligen Sch\u00e4tzen \u00fcberraschen, die unser traumhaftes Land zu bieten hat.<\/p>\n\n\n\n<p><strong>Wir begleiten Sie auch zu anderen Reisezielen:<\/strong><\/p>\n\n\n\n<ul><li>Von den Weinbergen des Alentejo bis zu den H\u00e4ngen des Tafelberges<\/li><li>Von der Stra\u00dfe von Gibraltar bis zum Nordkap<\/li><li>Von den isl\u00e4ndischen Geysiren bis zu den hei\u00dfen Quellen von Pamukkale<\/li><li>Vom Roten Platz bis nach Baton Rouge <\/li><li>Von der verlorenen Stadt der Inkas bis zur Verbotenen Stadt<\/li><\/ul>\n\n\n\n<p>Ob Sie sich nach Abenteuer, Kultur, neuen Erfahrungen oder Erholung sehnen: Wir finden genau das Erlebnis, das perfekt zu Ihnen passt.<\/p>\n\n\n            <\/div>\n            <div class=\"cell small-12 large-4\">\n                <div class=\"grid-x grid-margin-x grid-margin-y\">\n                                <div class=\"cell small-12 medium-4 large-12\">\n                    <img width=\"1024\" height=\"683\" src=\"https:\/\/holiday-maker-france.com\/app\/uploads\/2022\/01\/ailleurs.jpg\" class=\"attachment-full size-full\" alt=\"\" loading=\"lazy\" srcset=\"https:\/\/holiday-maker-france.com\/app\/uploads\/2022\/01\/ailleurs.jpg 1024w, https:\/\/holiday-maker-france.com\/app\/uploads\/2022\/01\/ailleurs-300x200.jpg 300w, https:\/\/holiday-maker-france.com\/app\/uploads\/2022\/01\/ailleurs-768x512.jpg 768w\" sizes=\"(max-width: 1024px) 100vw, 1024px\" \/>\n                <\/div>\n                                <div class=\"cell small-12 medium-4 large-12\">\n                    <img width=\"1920\" height=\"2400\" src=\"https:\/\/holiday-maker-france.com\/app\/uploads\/2022\/01\/holiday-maker-ailleurs-rome.jpg\" class=\"attachment-full size-full\" alt=\"\" loading=\"lazy\" srcset=\"https:\/\/holiday-maker-france.com\/app\/uploads\/2022\/01\/holiday-maker-ailleurs-rome.jpg 1920w, https:\/\/holiday-maker-france.com\/app\/uploads\/2022\/01\/holiday-maker-ailleurs-rome-240x300.jpg 240w, https:\/\/holiday-maker-france.com\/app\/uploads\/2022\/01\/holiday-maker-ailleurs-rome-819x1024.jpg 819w, https:\/\/holiday-maker-france.com\/app\/uploads\/2022\/01\/holiday-maker-ailleurs-rome-768x960.jpg 768w, https:\/\/holiday-maker-france.com\/app\/uploads\/2022\/01\/holiday-maker-ailleurs-rome-1229x1536.jpg 1229w, https:\/\/holiday-maker-france.com\/app\/uploads\/2022\/01\/holiday-maker-ailleurs-rome-1638x2048.jpg 1638w\" sizes=\"(max-width: 1920px) 100vw, 1920px\" \/>\n                <\/div>\n                                <\/div>\n            <\/div>\n        <\/div>\n    <\/div>\n<\/section>\n\n\n    <\/div>\n<\/section>\n\n\n<section class=\"section section--color-primary\">\n    <div class=\"grid-container\">\n        \n    <h2 class=\"title-double text-center\">\n                <span class=\"title-double__line1\">Kontakt<\/span>\n                            <span class=\"title-double__line2\">Sie planen eine private oder gesch\u00e4ftliche Reise?<\/span>\n            <\/h2>\n\n\n\n<p class=\"has-text-align-center\">Wir freuen uns darauf, von Ihnen zu h\u00f6ren! Unser Team setzt alles daran, Ihre W\u00fcnsche in die Tat umzusetzen.<\/p>\n\n\n<div class=\"button-group align-center\">\n    \n<a class=\"button secondary\" href=\"https:\/\/holiday-maker-france.com\/de\/kontakt\/\">Los geht\u2019s!<\/a>\n\n\n\n\n\n<\/div>\n\n\n    <\/div>\n<\/section>\n","protected":false},"excerpt":{"rendered":"<p>Seit seinen Anf\u00e4ngen bietet Holiday Maker Reisen in Frankreich und der ganzen Welt an.<\/p>\n","protected":false},"author":1,"featured_media":640,"parent":736,"menu_order":2,"comment_status":"closed","ping_status":"closed","template":"","meta":[],"acf":[],"yoast_head":"<!-- This site is optimized with the Yoast SEO plugin v18.6 - https:\/\/yoast.com\/wordpress\/plugins\/seo\/ -->\n<title>Weltweit - Holiday maker<\/title>\n<meta name=\"robots\" content=\"index, follow, max-snippet:-1, max-image-preview:large, max-video-preview:-1\" \/>\n<link rel=\"canonical\" href=\"https:\/\/holiday-maker-france.com\/de\/urlaub\/weltweit\/\" \/>\n<meta property=\"og:locale\" content=\"de_DE\" \/>\n<meta property=\"og:type\" content=\"article\" \/>\n<meta property=\"og:title\" content=\"Weltweit - Holiday maker\" \/>\n<meta property=\"og:description\" content=\"Seit seinen Anf\u00e4ngen bietet Holiday Maker Reisen in Frankreich und der ganzen Welt an.\" \/>\n<meta property=\"og:url\" content=\"https:\/\/holiday-maker-france.com\/de\/urlaub\/weltweit\/\" \/>\n<meta property=\"og:site_name\" content=\"Holiday maker\" \/>\n<meta property=\"article:modified_time\" content=\"2022-04-22T09:13:26+00:00\" \/>\n<meta property=\"og:image\" content=\"https:\/\/holiday-maker-france.com\/app\/uploads\/2022\/01\/ailleurs.jpg\" \/>\n\t<meta property=\"og:image:width\" content=\"1024\" \/>\n\t<meta property=\"og:image:height\" content=\"683\" \/>\n\t<meta property=\"og:image:type\" content=\"image\/jpeg\" \/>\n<meta name=\"twitter:card\" content=\"summary_large_image\" \/>\n<meta name=\"twitter:label1\" content=\"Est. reading time\" \/>\n\t<meta name=\"twitter:data1\" content=\"1 minute\" \/>\n<script type=\"application\/ld+json\" class=\"yoast-schema-graph\">{\"@context\":\"https:\/\/schema.org\",\"@graph\":[{\"@type\":\"WebSite\",\"@id\":\"https:\/\/holiday-maker-france.com\/#website\",\"url\":\"https:\/\/holiday-maker-france.com\/\",\"name\":\"Holiday maker\",\"description\":\"Just another WordPress site\",\"potentialAction\":[{\"@type\":\"SearchAction\",\"target\":{\"@type\":\"EntryPoint\",\"urlTemplate\":\"https:\/\/holiday-maker-france.com\/?s={search_term_string}\"},\"query-input\":\"required name=search_term_string\"}],\"inLanguage\":\"de-DE\"},{\"@type\":\"ImageObject\",\"@id\":\"https:\/\/holiday-maker-france.com\/de\/urlaub\/weltweit\/#primaryimage\",\"inLanguage\":\"de-DE\",\"url\":\"https:\/\/holiday-maker-france.com\/app\/uploads\/2022\/01\/ailleurs.jpg\",\"contentUrl\":\"https:\/\/holiday-maker-france.com\/app\/uploads\/2022\/01\/ailleurs.jpg\",\"width\":1024,\"height\":683,\"caption\":\"binary comment\"},{\"@type\":\"WebPage\",\"@id\":\"https:\/\/holiday-maker-france.com\/de\/urlaub\/weltweit\/#webpage\",\"url\":\"https:\/\/holiday-maker-france.com\/de\/urlaub\/weltweit\/\",\"name\":\"Weltweit - Holiday maker\",\"isPartOf\":{\"@id\":\"https:\/\/holiday-maker-france.com\/#website\"},\"primaryImageOfPage\":{\"@id\":\"https:\/\/holiday-maker-france.com\/de\/urlaub\/weltweit\/#primaryimage\"},\"datePublished\":\"2021-10-11T12:22:02+00:00\",\"dateModified\":\"2022-04-22T09:13:26+00:00\",\"breadcrumb\":{\"@id\":\"https:\/\/holiday-maker-france.com\/de\/urlaub\/weltweit\/#breadcrumb\"},\"inLanguage\":\"de-DE\",\"potentialAction\":[{\"@type\":\"ReadAction\",\"target\":[\"https:\/\/holiday-maker-france.com\/de\/urlaub\/weltweit\/\"]}]},{\"@type\":\"BreadcrumbList\",\"@id\":\"https:\/\/holiday-maker-france.com\/de\/urlaub\/weltweit\/#breadcrumb\",\"itemListElement\":[{\"@type\":\"ListItem\",\"position\":1,\"name\":\"Home\",\"item\":\"https:\/\/holiday-maker-france.com\/de\/\"},{\"@type\":\"ListItem\",\"position\":2,\"name\":\"Urlaub\",\"item\":\"https:\/\/holiday-maker-france.com\/de\/urlaub\/\"},{\"@type\":\"ListItem\",\"position\":3,\"name\":\"Weltweit\"}]}]}<\/script>\n<!-- \/ Yoast SEO plugin. -->","yoast_head_json":{"title":"Weltweit - Holiday maker","robots":{"index":"index","follow":"follow","max-snippet":"max-snippet:-1","max-image-preview":"max-image-preview:large","max-video-preview":"max-video-preview:-1"},"canonical":"https:\/\/holiday-maker-france.com\/de\/urlaub\/weltweit\/","og_locale":"de_DE","og_type":"article","og_title":"Weltweit - Holiday maker","og_description":"Seit seinen Anf\u00e4ngen bietet Holiday Maker Reisen in Frankreich und der ganzen Welt an.","og_url":"https:\/\/holiday-maker-france.com\/de\/urlaub\/weltweit\/","og_site_name":"Holiday maker","article_modified_time":"2022-04-22T09:13:26+00:00","og_image":[{"width":1024,"height":683,"url":"https:\/\/holiday-maker-france.com\/app\/uploads\/2022\/01\/ailleurs.jpg","type":"image\/jpeg"}],"twitter_card":"summary_large_image","twitter_misc":{"Est. reading time":"1 minute"},"schema":{"@context":"https:\/\/schema.org","@graph":[{"@type":"WebSite","@id":"https:\/\/holiday-maker-france.com\/#website","url":"https:\/\/holiday-maker-france.com\/","name":"Holiday maker","description":"Just another WordPress site","potentialAction":[{"@type":"SearchAction","target":{"@type":"EntryPoint","urlTemplate":"https:\/\/holiday-maker-france.com\/?s={search_term_string}"},"query-input":"required name=search_term_string"}],"inLanguage":"de-DE"},{"@type":"ImageObject","@id":"https:\/\/holiday-maker-france.com\/de\/urlaub\/weltweit\/#primaryimage","inLanguage":"de-DE","url":"https:\/\/holiday-maker-france.com\/app\/uploads\/2022\/01\/ailleurs.jpg","contentUrl":"https:\/\/holiday-maker-france.com\/app\/uploads\/2022\/01\/ailleurs.jpg","width":1024,"height":683,"caption":"binary comment"},{"@type":"WebPage","@id":"https:\/\/holiday-maker-france.com\/de\/urlaub\/weltweit\/#webpage","url":"https:\/\/holiday-maker-france.com\/de\/urlaub\/weltweit\/","name":"Weltweit - Holiday maker","isPartOf":{"@id":"https:\/\/holiday-maker-france.com\/#website"},"primaryImageOfPage":{"@id":"https:\/\/holiday-maker-france.com\/de\/urlaub\/weltweit\/#primaryimage"},"datePublished":"2021-10-11T12:22:02+00:00","dateModified":"2022-04-22T09:13:26+00:00","breadcrumb":{"@id":"https:\/\/holiday-maker-france.com\/de\/urlaub\/weltweit\/#breadcrumb"},"inLanguage":"de-DE","potentialAction":[{"@type":"ReadAction","target":["https:\/\/holiday-maker-france.com\/de\/urlaub\/weltweit\/"]}]},{"@type":"BreadcrumbList","@id":"https:\/\/holiday-maker-france.com\/de\/urlaub\/weltweit\/#breadcrumb","itemListElement":[{"@type":"ListItem","position":1,"name":"Home","item":"https:\/\/holiday-maker-france.com\/de\/"},{"@type":"ListItem","position":2,"name":"Urlaub","item":"https:\/\/holiday-maker-france.com\/de\/urlaub\/"},{"@type":"ListItem","position":3,"name":"Weltweit"}]}]}},"_links":{"self":[{"href":"https:\/\/holiday-maker-france.com\/de\/wp-json\/wp\/v2\/pages\/773"}],"collection":[{"href":"https:\/\/holiday-maker-france.com\/de\/wp-json\/wp\/v2\/pages"}],"about":[{"href":"https:\/\/holiday-maker-france.com\/de\/wp-json\/wp\/v2\/types\/page"}],"author":[{"embeddable":true,"href":"https:\/\/holiday-maker-france.com\/de\/wp-json\/wp\/v2\/users\/1"}],"replies":[{"embeddable":true,"href":"https:\/\/holiday-maker-france.com\/de\/wp-json\/wp\/v2\/comments?post=773"}],"version-history":[{"count":2,"href":"https:\/\/holiday-maker-france.com\/de\/wp-json\/wp\/v2\/pages\/773\/revisions"}],"predecessor-version":[{"id":993,"href":"https:\/\/holiday-maker-france.com\/de\/wp-json\/wp\/v2\/pages\/773\/revisions\/993"}],"up":[{"embeddable":true,"href":"https:\/\/holiday-maker-france.com\/de\/wp-json\/wp\/v2\/pages\/736"}],"wp:featuredmedia":[{"embeddable":true,"href":"https:\/\/holiday-maker-france.com\/de\/wp-json\/wp\/v2\/media\/640"}],"wp:attachment":[{"href":"https:\/\/holiday-maker-france.com\/de\/wp-json\/wp\/v2\/media?parent=773"}],"curies":[{"name":"wp","href":"https:\/\/api.w.org\/{rel}","templated":true}]}}