{"id":770,"date":"2021-10-11T12:21:20","date_gmt":"2021-10-11T12:21:20","guid":{"rendered":"https:\/\/holiday-maker-france.com\/voyages-loisirs\/en-alsace\/"},"modified":"2022-04-22T13:19:47","modified_gmt":"2022-04-22T13:19:47","slug":"im-elsass","status":"publish","type":"page","link":"https:\/\/holiday-maker-france.com\/de\/urlaub\/im-elsass\/","title":{"rendered":"Im Elsass"},"content":{"rendered":"<section class=\"picture-cover\">\n    <img width=\"1920\" height=\"795\" src=\"https:\/\/holiday-maker-france.com\/app\/uploads\/2022\/01\/holiday_maker_slider_alsace.jpeg\" class=\"picture-cover__picture\" alt=\"\" loading=\"lazy\" srcset=\"https:\/\/holiday-maker-france.com\/app\/uploads\/2022\/01\/holiday_maker_slider_alsace.jpeg 1920w, https:\/\/holiday-maker-france.com\/app\/uploads\/2022\/01\/holiday_maker_slider_alsace-300x124.jpeg 300w, https:\/\/holiday-maker-france.com\/app\/uploads\/2022\/01\/holiday_maker_slider_alsace-1024x424.jpeg 1024w, https:\/\/holiday-maker-france.com\/app\/uploads\/2022\/01\/holiday_maker_slider_alsace-768x318.jpeg 768w, https:\/\/holiday-maker-france.com\/app\/uploads\/2022\/01\/holiday_maker_slider_alsace-1536x636.jpeg 1536w\" sizes=\"(max-width: 1920px) 100vw, 1920px\" \/>\n<\/section>\n\n\n<section class=\"section\">\n    <div class=\"grid-container\">\n        \n\n<h1 class=\"has-text-align-center\">Im Elsass<\/h1>\n\n\n<section class=\"section\">\n    <div class=\"grid-container\">\n        <div class=\"grid-x grid-margin-x grid-margin-y\">\n            <div class=\"cell small-12 large-8\">\n                \n\n<p>Als Experten f\u00fcr ma\u00dfgeschneiderte Reiseerlebnisse und f\u00fcr das Elsass stehen wir Ihnen bei der Planung Ihrer rundum personalisierten Urlaubsreise zur Seite:<\/p>\n\n\n\n<p>Wir sind seit \u00fcber 30 Jahren in unserem geliebten Elsass ans\u00e4ssig und kennen es wie unsere Westentasche!<\/p>\n\n\n\n<p>Sie tr\u00e4umen davon, auf einem l\u00e4ndlichen Gasthof in den Vogesen eine ber\u00fchmte Senner-Mahlzeit zu genie\u00dfen? Oder Sie m\u00f6chten die T\u00f6pfereien in Soufflenheim bestaunen und eine Zeitreise in die Vergangenheit unternehmen, um das ritterliche Leben auf einer mittelalterlichen Burg kennenzulernen?<\/p>\n\n\n\n<p>Das Elsass ist eine Region der Geschichte, der Kultur, der Architektur und der Gastronomie \u2212 hier lassen sich f\u00fcr ein Wochenende, einen Kurzurlaub oder eine ausf\u00fchrliche Entdeckungstour all Ihre W\u00fcnsche in die Tat umsetzen.<\/p>\n\n\n\n<p>Ein kleiner Vorgeschmack auf einige der verschiedenen Routen:<\/p>\n\n\n\n<ul><li>Die Weinstra\u00dfe f\u00fchrt Sie auf stolzen 170 km durch malerische D\u00f6rfer, vorbei an erlesenen Tropfen mit unterschiedlichen Charakteren<\/li><li>Auf der Route des Cr\u00eates offenbaren sich Ihnen atemberaubende Aussichten<\/li><li>Entdecken Sie die Stra\u00dfe der T\u00f6pfer, die Stra\u00dfe der romanischen Kirchen und Abteien \u2013 und viele mehr!<\/li><\/ul>\n\n\n\n<p>Wenn Sie lieber auf dem Pflaster unterwegs sind, machen Sie sich auf, um die kleinen und gro\u00dfe St\u00e4dte des Elsass zu entdecken. Ob das UNESCO-Weltkulturerbe von Stra\u00dfburg, die Hauptstadt der Museen M\u00fchlhausen, die Stadt der Weine Colmar oder die alte Bischofsstadt Zabern: Erliegen Sie dem unvergleichlichen Charme dieser historischen St\u00e4tten!<\/p>\n\n\n\n<p>Wenn man \u00fcber das Elsass spricht, ist nat\u00fcrlich auch der Gedanke an Weihnachten nicht weit. In dieser zauberhaften Zeit entfaltet sich die Magie der Lichter, die Sch\u00f6nheit der in den D\u00f6rfern eingebetteten M\u00e4rkte, eine Vielfalt an Gew\u00fcrzd\u00fcften und ein unglaublicher Reichtum an Dekorationen. Lassen Sie sich von den unvergleichlich abwechslungsreichen Facetten des Elsass \u00fcberraschen und erleben Sie diese einzigartige Region auf ganz pers\u00f6nliche Weise.<\/p>\n\n\n            <\/div>\n            <div class=\"cell small-12 large-4\">\n                <div class=\"grid-x grid-margin-x grid-margin-y\">\n                                <div class=\"cell small-12 medium-4 large-12\">\n                    <img width=\"1024\" height=\"576\" src=\"https:\/\/holiday-maker-france.com\/app\/uploads\/2022\/01\/alsace.jpg\" class=\"attachment-full size-full\" alt=\"\" loading=\"lazy\" srcset=\"https:\/\/holiday-maker-france.com\/app\/uploads\/2022\/01\/alsace.jpg 1024w, https:\/\/holiday-maker-france.com\/app\/uploads\/2022\/01\/alsace-300x169.jpg 300w, https:\/\/holiday-maker-france.com\/app\/uploads\/2022\/01\/alsace-768x432.jpg 768w\" sizes=\"(max-width: 1024px) 100vw, 1024px\" \/>\n                <\/div>\n                                <div class=\"cell small-12 medium-4 large-12\">\n                    <img width=\"1280\" height=\"853\" src=\"https:\/\/holiday-maker-france.com\/app\/uploads\/2022\/01\/holiday-maker-alsace-2.jpg\" class=\"attachment-full size-full\" alt=\"\" loading=\"lazy\" srcset=\"https:\/\/holiday-maker-france.com\/app\/uploads\/2022\/01\/holiday-maker-alsace-2.jpg 1280w, https:\/\/holiday-maker-france.com\/app\/uploads\/2022\/01\/holiday-maker-alsace-2-300x200.jpg 300w, https:\/\/holiday-maker-france.com\/app\/uploads\/2022\/01\/holiday-maker-alsace-2-1024x682.jpg 1024w, https:\/\/holiday-maker-france.com\/app\/uploads\/2022\/01\/holiday-maker-alsace-2-768x512.jpg 768w\" sizes=\"(max-width: 1280px) 100vw, 1280px\" \/>\n                <\/div>\n                                <div class=\"cell small-12 medium-4 large-12\">\n                    <img width=\"1920\" height=\"1275\" src=\"https:\/\/holiday-maker-france.com\/app\/uploads\/2022\/01\/holiday-maker-alsace-3.jpg\" class=\"attachment-full size-full\" alt=\"\" loading=\"lazy\" srcset=\"https:\/\/holiday-maker-france.com\/app\/uploads\/2022\/01\/holiday-maker-alsace-3.jpg 1920w, https:\/\/holiday-maker-france.com\/app\/uploads\/2022\/01\/holiday-maker-alsace-3-300x199.jpg 300w, https:\/\/holiday-maker-france.com\/app\/uploads\/2022\/01\/holiday-maker-alsace-3-1024x680.jpg 1024w, https:\/\/holiday-maker-france.com\/app\/uploads\/2022\/01\/holiday-maker-alsace-3-768x510.jpg 768w, https:\/\/holiday-maker-france.com\/app\/uploads\/2022\/01\/holiday-maker-alsace-3-1536x1020.jpg 1536w\" sizes=\"(max-width: 1920px) 100vw, 1920px\" \/>\n                <\/div>\n                                <\/div>\n            <\/div>\n        <\/div>\n    <\/div>\n<\/section>\n\n\n    <\/div>\n<\/section>\n\n\n<section class=\"section section--color-primary\">\n    <div class=\"grid-container\">\n        \n    <h2 class=\"title-double text-center\">\n                <span class=\"title-double__line1\">Kontakt<\/span>\n                            <span class=\"title-double__line2\">Sie planen eine private oder gesch\u00e4ftliche Reise?<\/span>\n            <\/h2>\n\n\n\n<p class=\"has-text-align-center\">Wir freuen uns darauf, von Ihnen zu h\u00f6ren! Unser Team setzt alles daran, Ihre W\u00fcnsche in die Tat umzusetzen.<\/p>\n\n\n<div class=\"button-group align-center\">\n    \n<a class=\"button secondary\" href=\"https:\/\/holiday-maker-france.com\/de\/kontakt\/\">Los geht\u2019s!<\/a>\n\n\n\n\n\n<\/div>\n\n\n    <\/div>\n<\/section>\n","protected":false},"excerpt":{"rendered":"<p>Als Experten f\u00fcr ma\u00dfgeschneiderte Reiseerlebnisse und f\u00fcr das Elsass stehen wir Ihnen bei der Planung Ihrer rundum personalisierten Urlaubsreise zur<\/p>\n","protected":false},"author":1,"featured_media":637,"parent":736,"menu_order":1,"comment_status":"closed","ping_status":"closed","template":"","meta":[],"acf":[],"yoast_head":"<!-- This site is optimized with the Yoast SEO plugin v18.6 - https:\/\/yoast.com\/wordpress\/plugins\/seo\/ -->\n<title>Im Elsass - Holiday maker<\/title>\n<meta name=\"robots\" content=\"index, follow, max-snippet:-1, max-image-preview:large, max-video-preview:-1\" \/>\n<link rel=\"canonical\" href=\"https:\/\/holiday-maker-france.com\/de\/urlaub\/im-elsass\/\" \/>\n<meta property=\"og:locale\" content=\"de_DE\" \/>\n<meta property=\"og:type\" content=\"article\" \/>\n<meta property=\"og:title\" content=\"Im Elsass - Holiday maker\" \/>\n<meta property=\"og:description\" content=\"Als Experten f\u00fcr ma\u00dfgeschneiderte Reiseerlebnisse und f\u00fcr das Elsass stehen wir Ihnen bei der Planung Ihrer rundum personalisierten Urlaubsreise zur\" \/>\n<meta property=\"og:url\" content=\"https:\/\/holiday-maker-france.com\/de\/urlaub\/im-elsass\/\" \/>\n<meta property=\"og:site_name\" content=\"Holiday maker\" \/>\n<meta property=\"article:modified_time\" content=\"2022-04-22T13:19:47+00:00\" \/>\n<meta property=\"og:image\" content=\"https:\/\/holiday-maker-france.com\/app\/uploads\/2022\/01\/alsace.jpg\" \/>\n\t<meta property=\"og:image:width\" content=\"1024\" \/>\n\t<meta property=\"og:image:height\" content=\"576\" \/>\n\t<meta property=\"og:image:type\" content=\"image\/jpeg\" \/>\n<meta name=\"twitter:card\" content=\"summary_large_image\" \/>\n<meta name=\"twitter:label1\" content=\"Est. reading time\" \/>\n\t<meta name=\"twitter:data1\" content=\"2 minutes\" \/>\n<script type=\"application\/ld+json\" class=\"yoast-schema-graph\">{\"@context\":\"https:\/\/schema.org\",\"@graph\":[{\"@type\":\"WebSite\",\"@id\":\"https:\/\/holiday-maker-france.com\/#website\",\"url\":\"https:\/\/holiday-maker-france.com\/\",\"name\":\"Holiday maker\",\"description\":\"Just another WordPress site\",\"potentialAction\":[{\"@type\":\"SearchAction\",\"target\":{\"@type\":\"EntryPoint\",\"urlTemplate\":\"https:\/\/holiday-maker-france.com\/?s={search_term_string}\"},\"query-input\":\"required name=search_term_string\"}],\"inLanguage\":\"de-DE\"},{\"@type\":\"ImageObject\",\"@id\":\"https:\/\/holiday-maker-france.com\/de\/urlaub\/im-elsass\/#primaryimage\",\"inLanguage\":\"de-DE\",\"url\":\"https:\/\/holiday-maker-france.com\/app\/uploads\/2022\/01\/alsace.jpg\",\"contentUrl\":\"https:\/\/holiday-maker-france.com\/app\/uploads\/2022\/01\/alsace.jpg\",\"width\":1024,\"height\":576,\"caption\":\"binary comment\"},{\"@type\":\"WebPage\",\"@id\":\"https:\/\/holiday-maker-france.com\/de\/urlaub\/im-elsass\/#webpage\",\"url\":\"https:\/\/holiday-maker-france.com\/de\/urlaub\/im-elsass\/\",\"name\":\"Im Elsass - Holiday maker\",\"isPartOf\":{\"@id\":\"https:\/\/holiday-maker-france.com\/#website\"},\"primaryImageOfPage\":{\"@id\":\"https:\/\/holiday-maker-france.com\/de\/urlaub\/im-elsass\/#primaryimage\"},\"datePublished\":\"2021-10-11T12:21:20+00:00\",\"dateModified\":\"2022-04-22T13:19:47+00:00\",\"breadcrumb\":{\"@id\":\"https:\/\/holiday-maker-france.com\/de\/urlaub\/im-elsass\/#breadcrumb\"},\"inLanguage\":\"de-DE\",\"potentialAction\":[{\"@type\":\"ReadAction\",\"target\":[\"https:\/\/holiday-maker-france.com\/de\/urlaub\/im-elsass\/\"]}]},{\"@type\":\"BreadcrumbList\",\"@id\":\"https:\/\/holiday-maker-france.com\/de\/urlaub\/im-elsass\/#breadcrumb\",\"itemListElement\":[{\"@type\":\"ListItem\",\"position\":1,\"name\":\"Home\",\"item\":\"https:\/\/holiday-maker-france.com\/de\/\"},{\"@type\":\"ListItem\",\"position\":2,\"name\":\"Urlaub\",\"item\":\"https:\/\/holiday-maker-france.com\/de\/urlaub\/\"},{\"@type\":\"ListItem\",\"position\":3,\"name\":\"Im Elsass\"}]}]}<\/script>\n<!-- \/ Yoast SEO plugin. -->","yoast_head_json":{"title":"Im Elsass - Holiday maker","robots":{"index":"index","follow":"follow","max-snippet":"max-snippet:-1","max-image-preview":"max-image-preview:large","max-video-preview":"max-video-preview:-1"},"canonical":"https:\/\/holiday-maker-france.com\/de\/urlaub\/im-elsass\/","og_locale":"de_DE","og_type":"article","og_title":"Im Elsass - Holiday maker","og_description":"Als Experten f\u00fcr ma\u00dfgeschneiderte Reiseerlebnisse und f\u00fcr das Elsass stehen wir Ihnen bei der Planung Ihrer rundum personalisierten Urlaubsreise zur","og_url":"https:\/\/holiday-maker-france.com\/de\/urlaub\/im-elsass\/","og_site_name":"Holiday maker","article_modified_time":"2022-04-22T13:19:47+00:00","og_image":[{"width":1024,"height":576,"url":"https:\/\/holiday-maker-france.com\/app\/uploads\/2022\/01\/alsace.jpg","type":"image\/jpeg"}],"twitter_card":"summary_large_image","twitter_misc":{"Est. reading time":"2 minutes"},"schema":{"@context":"https:\/\/schema.org","@graph":[{"@type":"WebSite","@id":"https:\/\/holiday-maker-france.com\/#website","url":"https:\/\/holiday-maker-france.com\/","name":"Holiday maker","description":"Just another WordPress site","potentialAction":[{"@type":"SearchAction","target":{"@type":"EntryPoint","urlTemplate":"https:\/\/holiday-maker-france.com\/?s={search_term_string}"},"query-input":"required name=search_term_string"}],"inLanguage":"de-DE"},{"@type":"ImageObject","@id":"https:\/\/holiday-maker-france.com\/de\/urlaub\/im-elsass\/#primaryimage","inLanguage":"de-DE","url":"https:\/\/holiday-maker-france.com\/app\/uploads\/2022\/01\/alsace.jpg","contentUrl":"https:\/\/holiday-maker-france.com\/app\/uploads\/2022\/01\/alsace.jpg","width":1024,"height":576,"caption":"binary comment"},{"@type":"WebPage","@id":"https:\/\/holiday-maker-france.com\/de\/urlaub\/im-elsass\/#webpage","url":"https:\/\/holiday-maker-france.com\/de\/urlaub\/im-elsass\/","name":"Im Elsass - Holiday maker","isPartOf":{"@id":"https:\/\/holiday-maker-france.com\/#website"},"primaryImageOfPage":{"@id":"https:\/\/holiday-maker-france.com\/de\/urlaub\/im-elsass\/#primaryimage"},"datePublished":"2021-10-11T12:21:20+00:00","dateModified":"2022-04-22T13:19:47+00:00","breadcrumb":{"@id":"https:\/\/holiday-maker-france.com\/de\/urlaub\/im-elsass\/#breadcrumb"},"inLanguage":"de-DE","potentialAction":[{"@type":"ReadAction","target":["https:\/\/holiday-maker-france.com\/de\/urlaub\/im-elsass\/"]}]},{"@type":"BreadcrumbList","@id":"https:\/\/holiday-maker-france.com\/de\/urlaub\/im-elsass\/#breadcrumb","itemListElement":[{"@type":"ListItem","position":1,"name":"Home","item":"https:\/\/holiday-maker-france.com\/de\/"},{"@type":"ListItem","position":2,"name":"Urlaub","item":"https:\/\/holiday-maker-france.com\/de\/urlaub\/"},{"@type":"ListItem","position":3,"name":"Im Elsass"}]}]}},"_links":{"self":[{"href":"https:\/\/holiday-maker-france.com\/de\/wp-json\/wp\/v2\/pages\/770"}],"collection":[{"href":"https:\/\/holiday-maker-france.com\/de\/wp-json\/wp\/v2\/pages"}],"about":[{"href":"https:\/\/holiday-maker-france.com\/de\/wp-json\/wp\/v2\/types\/page"}],"author":[{"embeddable":true,"href":"https:\/\/holiday-maker-france.com\/de\/wp-json\/wp\/v2\/users\/1"}],"replies":[{"embeddable":true,"href":"https:\/\/holiday-maker-france.com\/de\/wp-json\/wp\/v2\/comments?post=770"}],"version-history":[{"count":4,"href":"https:\/\/holiday-maker-france.com\/de\/wp-json\/wp\/v2\/pages\/770\/revisions"}],"predecessor-version":[{"id":1072,"href":"https:\/\/holiday-maker-france.com\/de\/wp-json\/wp\/v2\/pages\/770\/revisions\/1072"}],"up":[{"embeddable":true,"href":"https:\/\/holiday-maker-france.com\/de\/wp-json\/wp\/v2\/pages\/736"}],"wp:featuredmedia":[{"embeddable":true,"href":"https:\/\/holiday-maker-france.com\/de\/wp-json\/wp\/v2\/media\/637"}],"wp:attachment":[{"href":"https:\/\/holiday-maker-france.com\/de\/wp-json\/wp\/v2\/media?parent=770"}],"curies":[{"name":"wp","href":"https:\/\/api.w.org\/{rel}","templated":true}]}}