{"id":767,"date":"2021-07-20T15:04:41","date_gmt":"2021-07-20T15:04:41","guid":{"rendered":"https:\/\/holiday-maker-france.com\/notre-agence\/ils-temoignent\/"},"modified":"2022-04-22T09:00:12","modified_gmt":"2022-04-22T09:00:12","slug":"zufriedene-kunden","status":"publish","type":"page","link":"https:\/\/holiday-maker-france.com\/de\/unsere-agentur\/zufriedene-kunden\/","title":{"rendered":"Zufriedene Kunden"},"content":{"rendered":"<section class=\"picture-cover\">\n    <img width=\"1523\" height=\"1013\" src=\"https:\/\/holiday-maker-france.com\/app\/uploads\/2022\/01\/holiday-maker-agence.jpg\" class=\"picture-cover__picture\" alt=\"\" loading=\"lazy\" srcset=\"https:\/\/holiday-maker-france.com\/app\/uploads\/2022\/01\/holiday-maker-agence.jpg 1523w, https:\/\/holiday-maker-france.com\/app\/uploads\/2022\/01\/holiday-maker-agence-300x200.jpg 300w, https:\/\/holiday-maker-france.com\/app\/uploads\/2022\/01\/holiday-maker-agence-1024x681.jpg 1024w, https:\/\/holiday-maker-france.com\/app\/uploads\/2022\/01\/holiday-maker-agence-768x511.jpg 768w\" sizes=\"(max-width: 1523px) 100vw, 1523px\" \/>\n<\/section>\n\n\n<section class=\"section\">\n    <div class=\"grid-container\">\n        \n\n<h1 class=\"has-text-align-center\"><strong>Das sagen unsere Kunden<\/strong><\/h1>\n\n\n\n<p>Holiday Maker wurde 1990 als Reiseb\u00fcro gegr\u00fcndet und hatte das Gl\u00fcck, seitdem zahlreiche erfolgreiche Projekte zu organisieren und wunderbare Begegnungen zu erleben.<\/p>\n\n\n\n<p>Mit Ihnen gemeinsam entwickelt sich Holiday Maker Tag f\u00fcr Tag weiter.<\/p>\n\n\n<div class=\"testimony\">\n    <div class=\"grid-x small-up-1 medium-up-2 grid-padding-x grid-margin-y\">\n                <div class=\"cell\">\n            <article class=\"page-card \">\n    <a class=\"page-card__picture\" href=\"https:\/\/holiday-maker-france.com\/de\/?testimony=sadia-et-claudia-ccgpf\">\n        \n    <\/a>\n    <div class=\"page-card__content\">\n        <h1 class=\"page-card__title\">Sadia und Claudia, CCGPF<\/h1>\n        <div class=\"page-card__excerpt\">\n                            <p>Holiday Maker gew\u00e4hrleistet maximale Zuverl\u00e4ssigkeit und Sicherheit f\u00fcr unsere Teenagergruppen. Ein erstklassiger Service, der optimal auf die W\u00fcnsche und Bed\u00fcrfnisse unserer Gruppen eingeht und selbst das Unm\u00f6gliche m\u00f6glich macht.<\/p>\n<p>Nach \u00fcber 15 Jahren der engen Zusammenarbeit k\u00f6nnen wir nur Gutes \u00fcber die Kompetenzen, die Verf\u00fcgbarkeit, die Qualit\u00e4t der Leistungen sowie die Herzlichkeit der Mitarbeiter von Holiday Maker berichten.<\/p>\n\n                    <\/div>\n            <\/div>\n<\/article>\n        <\/div>\n                <div class=\"cell\">\n            <article class=\"page-card \">\n    <a class=\"page-card__picture\" href=\"https:\/\/holiday-maker-france.com\/de\/?testimony=marie-ensolia\">\n        \n    <\/a>\n    <div class=\"page-card__content\">\n        <h1 class=\"page-card__title\">Marie \u2013 Ensolia<\/h1>\n        <div class=\"page-card__excerpt\">\n                            <p>Wie immer war die Organisation sowohl im Vorfeld als auch am Zielort hervorragend: Auch bei diesem Gruppenaufenthalt im Elsass stimmte wieder alles.<\/p>\n<p>Die Qualit\u00e4t s\u00e4mtlicher Leistungen (Hotel, Restaurants, Aktivit\u00e4ten) konnte absolut \u00fcberzeugen.<\/p>\n<p>Die Mitarbeiter von Holiday Maker achten w\u00e4hrend des gesamten Aufenthalts auf jedes kleinste Detail. Sie gew\u00e4hrleisten einen reibungslosen Ablauf und haben jederzeit wertvolle Tipps parat, damit wir unser Reiseziel in vollen Z\u00fcgen genie\u00dfen k\u00f6nnen.<\/p>\n\n                    <\/div>\n            <\/div>\n<\/article>\n        <\/div>\n                <div class=\"cell\">\n            <article class=\"page-card \">\n    <a class=\"page-card__picture\" href=\"https:\/\/holiday-maker-france.com\/de\/?testimony=roxane-weiss-hans-associes\">\n        \n    <\/a>\n    <div class=\"page-card__content\">\n        <h1 class=\"page-card__title\">Roxane Weiss &#8211; Hans &#038; Associ\u00e9s<\/h1>\n        <div class=\"page-card__excerpt\">\n                            <p>Holiday Maker hat bereits bei zahlreichen Gelegenheiten die Organisation von Veranstaltungen f\u00fcr die Gruppe Hans &amp; Associ\u00e9s \u00fcbernommen. Zun\u00e4chst haben wir uns intern um die Vorbereitung von Vorstandssitzungen und Firmenseminaren gek\u00fcmmert. Diese Arbeit kostete uns jedoch viel zu viele Ressourcen (Zeit, Personal, etc.) und verursachte viel Stress! Seitdem wir Holiday Maker die Organisation unserer internen Veranstaltungen anvertraut haben, k\u00f6nnen wir derartige Events viel entspannter angehen.<\/p>\n<p>Die integrierten Versicherungen bieten uns absolute Gelassenheit. Wir k\u00f6nnen uns darauf verlassen, dass die Agentur s\u00e4mtliche Geschehnisse verfolgt und jederzeit schnell reagiert. Probleme und Pannen sind jedoch \u00e4u\u00dferst selten, da alles vorausschauend geplant wird. Kurz gesagt: Wir genie\u00dfen diesen Komfort! In der Regel \u00fcbermittle ich<\/p>\n<p>einige Informationen \u00fcber das gew\u00fcnschte Programm (z. B. eine dreit\u00e4gige Reise mit zwei Arbeitstreffen und drei Teambuilding-Aktivit\u00e4ten). Daraufhin erhalten wir verschiedene Vorschl\u00e4ge und L\u00f6sungen, die perfekt auf unsere Bed\u00fcrfnisse zugeschnitten sind.<\/p>\n<p>Die Agentur hat uns bereits auf mehreren Reisen begleitet: Wien, Rom, Alicante und sogar nach Rum\u00e4nien! Holiday Maker hat viele St\u00e4rken, aber in wenigen Worten zusammengefasst w\u00fcrde ich sagen: Sie sind reaktionsschnell, professionell und verf\u00fcgen \u00fcber ein umfassendes Netzwerk von Partnern im Elsass und im Ausland. Es ist ein sch\u00f6nes Gef\u00fchl, zu wissen, dass wir uns zur\u00fccklehnen und voll auf das Team verlassen k\u00f6nnen!<\/p>\n\n                    <\/div>\n            <\/div>\n<\/article>\n        <\/div>\n            <\/div>\n<\/div>\n\n\n    <\/div>\n<\/section>\n\n\n<section class=\"section section--color-primary\">\n    <div class=\"grid-container\">\n        \n    <h2 class=\"title-double text-center\">\n                <span class=\"title-double__line1\">Kontakt<\/span>\n                            <span class=\"title-double__line2\">Sie planen eine private oder gesch\u00e4ftliche Reise?<\/span>\n            <\/h2>\n\n\n\n<p class=\"has-text-align-center\">Wir freuen uns darauf, von Ihnen zu h\u00f6ren! Unser Team setzt alles daran, Ihre W\u00fcnsche in die Tat umzusetzen.<\/p>\n\n\n<div class=\"button-group align-center\">\n    \n<a class=\"button secondary\" href=\"https:\/\/holiday-maker-france.com\/de\/kontakt\/\">Los geht\u2019s!<\/a>\n\n\n\n\n\n<\/div>\n\n\n    <\/div>\n<\/section>\n","protected":false},"excerpt":{"rendered":"<p>Holiday Maker wurde 1990 als Reiseb\u00fcro gegr\u00fcndet und hatte das Gl\u00fcck, seitdem zahlreiche erfolgreiche Projekte zu organisieren und wunderbare Begegnungen<\/p>\n","protected":false},"author":1,"featured_media":664,"parent":733,"menu_order":5,"comment_status":"closed","ping_status":"closed","template":"","meta":[],"acf":[],"yoast_head":"<!-- This site is optimized with the Yoast SEO plugin v18.6 - https:\/\/yoast.com\/wordpress\/plugins\/seo\/ -->\n<title>Zufriedene Kunden - Holiday maker<\/title>\n<meta name=\"robots\" content=\"index, follow, max-snippet:-1, max-image-preview:large, max-video-preview:-1\" \/>\n<link rel=\"canonical\" href=\"https:\/\/holiday-maker-france.com\/de\/unsere-agentur\/zufriedene-kunden\/\" \/>\n<meta property=\"og:locale\" content=\"de_DE\" \/>\n<meta property=\"og:type\" content=\"article\" \/>\n<meta property=\"og:title\" content=\"Zufriedene Kunden - Holiday maker\" \/>\n<meta property=\"og:description\" content=\"Holiday Maker wurde 1990 als Reiseb\u00fcro gegr\u00fcndet und hatte das Gl\u00fcck, seitdem zahlreiche erfolgreiche Projekte zu organisieren und wunderbare Begegnungen\" \/>\n<meta property=\"og:url\" content=\"https:\/\/holiday-maker-france.com\/de\/unsere-agentur\/zufriedene-kunden\/\" \/>\n<meta property=\"og:site_name\" content=\"Holiday maker\" \/>\n<meta property=\"article:modified_time\" content=\"2022-04-22T09:00:12+00:00\" \/>\n<meta property=\"og:image\" content=\"https:\/\/holiday-maker-france.com\/app\/uploads\/2022\/01\/holiday-maker-temoignage.jpg\" \/>\n\t<meta property=\"og:image:width\" content=\"1512\" \/>\n\t<meta property=\"og:image:height\" content=\"2016\" \/>\n\t<meta property=\"og:image:type\" content=\"image\/jpeg\" \/>\n<meta name=\"twitter:card\" content=\"summary_large_image\" \/>\n<meta name=\"twitter:label1\" content=\"Est. reading time\" \/>\n\t<meta name=\"twitter:data1\" content=\"1 minute\" \/>\n<script type=\"application\/ld+json\" class=\"yoast-schema-graph\">{\"@context\":\"https:\/\/schema.org\",\"@graph\":[{\"@type\":\"WebSite\",\"@id\":\"https:\/\/holiday-maker-france.com\/#website\",\"url\":\"https:\/\/holiday-maker-france.com\/\",\"name\":\"Holiday maker\",\"description\":\"Just another WordPress site\",\"potentialAction\":[{\"@type\":\"SearchAction\",\"target\":{\"@type\":\"EntryPoint\",\"urlTemplate\":\"https:\/\/holiday-maker-france.com\/?s={search_term_string}\"},\"query-input\":\"required name=search_term_string\"}],\"inLanguage\":\"de-DE\"},{\"@type\":\"ImageObject\",\"@id\":\"https:\/\/holiday-maker-france.com\/de\/unsere-agentur\/zufriedene-kunden\/#primaryimage\",\"inLanguage\":\"de-DE\",\"url\":\"https:\/\/holiday-maker-france.com\/app\/uploads\/2022\/01\/holiday-maker-temoignage.jpg\",\"contentUrl\":\"https:\/\/holiday-maker-france.com\/app\/uploads\/2022\/01\/holiday-maker-temoignage.jpg\",\"width\":1512,\"height\":2016},{\"@type\":\"WebPage\",\"@id\":\"https:\/\/holiday-maker-france.com\/de\/unsere-agentur\/zufriedene-kunden\/#webpage\",\"url\":\"https:\/\/holiday-maker-france.com\/de\/unsere-agentur\/zufriedene-kunden\/\",\"name\":\"Zufriedene Kunden - Holiday maker\",\"isPartOf\":{\"@id\":\"https:\/\/holiday-maker-france.com\/#website\"},\"primaryImageOfPage\":{\"@id\":\"https:\/\/holiday-maker-france.com\/de\/unsere-agentur\/zufriedene-kunden\/#primaryimage\"},\"datePublished\":\"2021-07-20T15:04:41+00:00\",\"dateModified\":\"2022-04-22T09:00:12+00:00\",\"breadcrumb\":{\"@id\":\"https:\/\/holiday-maker-france.com\/de\/unsere-agentur\/zufriedene-kunden\/#breadcrumb\"},\"inLanguage\":\"de-DE\",\"potentialAction\":[{\"@type\":\"ReadAction\",\"target\":[\"https:\/\/holiday-maker-france.com\/de\/unsere-agentur\/zufriedene-kunden\/\"]}]},{\"@type\":\"BreadcrumbList\",\"@id\":\"https:\/\/holiday-maker-france.com\/de\/unsere-agentur\/zufriedene-kunden\/#breadcrumb\",\"itemListElement\":[{\"@type\":\"ListItem\",\"position\":1,\"name\":\"Home\",\"item\":\"https:\/\/holiday-maker-france.com\/de\/\"},{\"@type\":\"ListItem\",\"position\":2,\"name\":\"Unsere Agentur\",\"item\":\"https:\/\/holiday-maker-france.com\/de\/unsere-agentur\/\"},{\"@type\":\"ListItem\",\"position\":3,\"name\":\"Zufriedene Kunden\"}]}]}<\/script>\n<!-- \/ Yoast SEO plugin. -->","yoast_head_json":{"title":"Zufriedene Kunden - Holiday maker","robots":{"index":"index","follow":"follow","max-snippet":"max-snippet:-1","max-image-preview":"max-image-preview:large","max-video-preview":"max-video-preview:-1"},"canonical":"https:\/\/holiday-maker-france.com\/de\/unsere-agentur\/zufriedene-kunden\/","og_locale":"de_DE","og_type":"article","og_title":"Zufriedene Kunden - Holiday maker","og_description":"Holiday Maker wurde 1990 als Reiseb\u00fcro gegr\u00fcndet und hatte das Gl\u00fcck, seitdem zahlreiche erfolgreiche Projekte zu organisieren und wunderbare Begegnungen","og_url":"https:\/\/holiday-maker-france.com\/de\/unsere-agentur\/zufriedene-kunden\/","og_site_name":"Holiday maker","article_modified_time":"2022-04-22T09:00:12+00:00","og_image":[{"width":1512,"height":2016,"url":"https:\/\/holiday-maker-france.com\/app\/uploads\/2022\/01\/holiday-maker-temoignage.jpg","type":"image\/jpeg"}],"twitter_card":"summary_large_image","twitter_misc":{"Est. reading time":"1 minute"},"schema":{"@context":"https:\/\/schema.org","@graph":[{"@type":"WebSite","@id":"https:\/\/holiday-maker-france.com\/#website","url":"https:\/\/holiday-maker-france.com\/","name":"Holiday maker","description":"Just another WordPress site","potentialAction":[{"@type":"SearchAction","target":{"@type":"EntryPoint","urlTemplate":"https:\/\/holiday-maker-france.com\/?s={search_term_string}"},"query-input":"required name=search_term_string"}],"inLanguage":"de-DE"},{"@type":"ImageObject","@id":"https:\/\/holiday-maker-france.com\/de\/unsere-agentur\/zufriedene-kunden\/#primaryimage","inLanguage":"de-DE","url":"https:\/\/holiday-maker-france.com\/app\/uploads\/2022\/01\/holiday-maker-temoignage.jpg","contentUrl":"https:\/\/holiday-maker-france.com\/app\/uploads\/2022\/01\/holiday-maker-temoignage.jpg","width":1512,"height":2016},{"@type":"WebPage","@id":"https:\/\/holiday-maker-france.com\/de\/unsere-agentur\/zufriedene-kunden\/#webpage","url":"https:\/\/holiday-maker-france.com\/de\/unsere-agentur\/zufriedene-kunden\/","name":"Zufriedene Kunden - Holiday maker","isPartOf":{"@id":"https:\/\/holiday-maker-france.com\/#website"},"primaryImageOfPage":{"@id":"https:\/\/holiday-maker-france.com\/de\/unsere-agentur\/zufriedene-kunden\/#primaryimage"},"datePublished":"2021-07-20T15:04:41+00:00","dateModified":"2022-04-22T09:00:12+00:00","breadcrumb":{"@id":"https:\/\/holiday-maker-france.com\/de\/unsere-agentur\/zufriedene-kunden\/#breadcrumb"},"inLanguage":"de-DE","potentialAction":[{"@type":"ReadAction","target":["https:\/\/holiday-maker-france.com\/de\/unsere-agentur\/zufriedene-kunden\/"]}]},{"@type":"BreadcrumbList","@id":"https:\/\/holiday-maker-france.com\/de\/unsere-agentur\/zufriedene-kunden\/#breadcrumb","itemListElement":[{"@type":"ListItem","position":1,"name":"Home","item":"https:\/\/holiday-maker-france.com\/de\/"},{"@type":"ListItem","position":2,"name":"Unsere Agentur","item":"https:\/\/holiday-maker-france.com\/de\/unsere-agentur\/"},{"@type":"ListItem","position":3,"name":"Zufriedene Kunden"}]}]}},"_links":{"self":[{"href":"https:\/\/holiday-maker-france.com\/de\/wp-json\/wp\/v2\/pages\/767"}],"collection":[{"href":"https:\/\/holiday-maker-france.com\/de\/wp-json\/wp\/v2\/pages"}],"about":[{"href":"https:\/\/holiday-maker-france.com\/de\/wp-json\/wp\/v2\/types\/page"}],"author":[{"embeddable":true,"href":"https:\/\/holiday-maker-france.com\/de\/wp-json\/wp\/v2\/users\/1"}],"replies":[{"embeddable":true,"href":"https:\/\/holiday-maker-france.com\/de\/wp-json\/wp\/v2\/comments?post=767"}],"version-history":[{"count":3,"href":"https:\/\/holiday-maker-france.com\/de\/wp-json\/wp\/v2\/pages\/767\/revisions"}],"predecessor-version":[{"id":981,"href":"https:\/\/holiday-maker-france.com\/de\/wp-json\/wp\/v2\/pages\/767\/revisions\/981"}],"up":[{"embeddable":true,"href":"https:\/\/holiday-maker-france.com\/de\/wp-json\/wp\/v2\/pages\/733"}],"wp:featuredmedia":[{"embeddable":true,"href":"https:\/\/holiday-maker-france.com\/de\/wp-json\/wp\/v2\/media\/664"}],"wp:attachment":[{"href":"https:\/\/holiday-maker-france.com\/de\/wp-json\/wp\/v2\/media?parent=767"}],"curies":[{"name":"wp","href":"https:\/\/api.w.org\/{rel}","templated":true}]}}