{"id":764,"date":"2021-10-11T11:59:41","date_gmt":"2021-10-11T11:59:41","guid":{"rendered":"https:\/\/holiday-maker-france.com\/notre-agence\/qui-sommes-nous\/"},"modified":"2022-04-22T08:56:32","modified_gmt":"2022-04-22T08:56:32","slug":"ueber-uns","status":"publish","type":"page","link":"https:\/\/holiday-maker-france.com\/de\/unsere-agentur\/ueber-uns\/","title":{"rendered":"\u00dcber uns"},"content":{"rendered":"<section class=\"picture-cover\">\n    <img width=\"1523\" height=\"1013\" src=\"https:\/\/holiday-maker-france.com\/app\/uploads\/2022\/01\/holiday-maker-agence.jpg\" class=\"picture-cover__picture\" alt=\"\" loading=\"lazy\" srcset=\"https:\/\/holiday-maker-france.com\/app\/uploads\/2022\/01\/holiday-maker-agence.jpg 1523w, https:\/\/holiday-maker-france.com\/app\/uploads\/2022\/01\/holiday-maker-agence-300x200.jpg 300w, https:\/\/holiday-maker-france.com\/app\/uploads\/2022\/01\/holiday-maker-agence-1024x681.jpg 1024w, https:\/\/holiday-maker-france.com\/app\/uploads\/2022\/01\/holiday-maker-agence-768x511.jpg 768w\" sizes=\"(max-width: 1523px) 100vw, 1523px\" \/>\n<\/section>\n\n\n<section class=\"section\">\n    <div class=\"grid-container\">\n        \n    <h1 class=\"title-double text-center\">\n                <span class=\"title-double__line1\">2 kreative<\/span>\n                            <span class=\"title-double__line2\">K\u00f6pfe verwirklichen Ihre W\u00fcnsche<\/span>\n            <\/h1>\n\n\n<section class=\"section\">\n    <div class=\"grid-container\">\n        <div class=\"grid-x grid-margin-x grid-margin-y\">\n            <div class=\"cell small-12 large-8\">\n                \n\n<h2><strong>Christine Neubauer<\/strong><\/h2>\n\n\n\n<p>Christines Eltern erm\u00f6glichten ihr, eine Kindheit au\u00dferhalb der ausgetretenen Pfade zu erleben.<\/p>\n\n\n\n<p>Als Bauleiter nahm Christines Vater alle zwei bis drei Jahre neue Auftr\u00e4ge in unterschiedlichsten L\u00e4ndern an. Wann immer m\u00f6glich folgte ihm seine Familie dabei \u00fcber Berg und Tal. Der zentrale Punkt zwischen zwei Abenteuern blieb aber immer die v\u00e4terliche Heimat: das Elsass.<\/p>\n\n\n\n<p>Von diesen Reisen \u00fcber die ganze Welt bewahrt Christine nicht nur ihren Entdeckergeist, sondern auch die Beherrschung mehrerer europ\u00e4ischer Sprachen, darunter Slowakisch, die Muttersprache ihrer Mutter.<\/p>\n\n\n\n<p>Nach ihrem Studium mit dem Schwerpunkt Tourismus und Hotelwesen tritt Christine eine Stelle bei der Agentur Holiday Maker an. Die Magie nimmt ihren Lauf und Christine, die als Praktikantin begann, arbeitet dort 10 Jahre sp\u00e4ter als Gruppenleiterin. Als ihre Arbeitgeber im Jahr 2010 in Betracht ziehen, die Unternehmensleitung abzugeben, denken sie nat\u00fcrlich sogleich an ihre treue Mitarbeiterin. Nach einigen Wochen Bedenkzeit spricht Christine mit ihrer langj\u00e4hrigen Bekannten C\u00e9line Rebstock \u00fcber das Projekt, mit der sie die Agentur 2011 \u00fcbernimmt.<\/p>\n\n\n            <\/div>\n            <div class=\"cell small-12 large-4\">\n                <div class=\"grid-x grid-margin-x grid-margin-y\">\n                                <div class=\"cell small-12 medium-4 large-12\">\n                    <img width=\"2048\" height=\"1282\" src=\"https:\/\/holiday-maker-france.com\/app\/uploads\/2022\/01\/holiday-maker-christine-neubauer.jpg\" class=\"attachment-full size-full\" alt=\"\" loading=\"lazy\" srcset=\"https:\/\/holiday-maker-france.com\/app\/uploads\/2022\/01\/holiday-maker-christine-neubauer.jpg 2048w, https:\/\/holiday-maker-france.com\/app\/uploads\/2022\/01\/holiday-maker-christine-neubauer-300x188.jpg 300w, https:\/\/holiday-maker-france.com\/app\/uploads\/2022\/01\/holiday-maker-christine-neubauer-1024x641.jpg 1024w, https:\/\/holiday-maker-france.com\/app\/uploads\/2022\/01\/holiday-maker-christine-neubauer-768x481.jpg 768w, https:\/\/holiday-maker-france.com\/app\/uploads\/2022\/01\/holiday-maker-christine-neubauer-1536x962.jpg 1536w\" sizes=\"(max-width: 2048px) 100vw, 2048px\" \/>\n                <\/div>\n                                <\/div>\n            <\/div>\n        <\/div>\n    <\/div>\n<\/section>\n\n\n<section class=\"section\">\n    <div class=\"grid-container\">\n        <div class=\"grid-x grid-margin-x grid-margin-y\">\n            <div class=\"cell small-12 large-8\">\n                \n\n<h2><strong>C\u00e9line&nbsp;Rebstock&nbsp;<\/strong><\/h2>\n\n\n\n<p>Geburt, Studium, Familie, Charakter oder berufliche Erfahrungen: Das Elsass f\u00fchrt wie ein roter Faden durch C\u00e9lines Leben!<\/p>\n\n\n\n<p>C\u00e9line wurde in Zabern geboren und lernte Christine dort w\u00e4hrend ihrer Schulzeit kennen. Die beiden jungen Frauen teilen die Vorliebe f\u00fcr Leistung und gr\u00fcndliche Arbeit und verlieren sich auch im sp\u00e4teren Leben nie aus den Augen.<\/p>\n\n\n\n<p>Nach ihrer Ausbildung an der Hotelfachschule in Illkirch-Graffenstaden, in der N\u00e4he von Stra\u00dfburg, arbeitet C\u00e9line neun Jahre lang als Fahrkartenverk\u00e4uferin f\u00fcr das Unternehmen Carlson Wagonlit.<\/p>\n\n\n\n<p>In diesem Beruf, der viel Disziplin, Entschlossenheit und st\u00e4ndiges Lernen erfordert, bl\u00fcht sie auf.<\/p>\n\n\n\n<p>Als Christine ihr jedoch die gemeinsame \u00dcbernahme der Agentur Holiday Maker anbietet, z\u00f6gert sie nicht lange: Es ist die einmalige Gelegenheit, die Liebe zu ihrer Heimatregion zum Beruf zu machen.<\/p>\n\n\n\n<p>C\u00e9line ist mit ihren els\u00e4ssischen Wurzeln durch und durch verbunden, sie liebt das Elsass, seine Bewohner und seine Kultur:<\/p>\n\n\n\n<p>Die abwechslungsreichen Landschaften, von den fruchtbaren Ebenen bis hin zur <\/p>\n\n\n\n<ul><li>Route des Cr\u00eates (Gipfelstra\u00dfe)<\/li><li>Die zahlreichen Relikte seiner bewegten Geschichte<\/li><li>Die reichhaltige zivile, milit\u00e4rische und religi\u00f6se Architektur<\/li><\/ul>\n\n\n\n<p>Und nat\u00fcrlich die unvergleichliche franz\u00f6sisch-deutsche Doppelkultur!<\/p>\n\n\n\n<p>Gest\u00e4rkt durch Christines Erfahrung und ihren besonnenen Charakter, schl\u00e4gt C\u00e9line gemeinsam mit ihr den Weg des Unternehmertums ein.<br><br><em>\u00ab\u202fZu zweit haben wir erreicht, was wir uns allein nie h\u00e4tten tr\u00e4umen lassen.&nbsp;\u00bb<\/em>&nbsp;&nbsp;<\/p>\n\n\n            <\/div>\n            <div class=\"cell small-12 large-4\">\n                <div class=\"grid-x grid-margin-x grid-margin-y\">\n                                <div class=\"cell small-12 medium-4 large-12\">\n                    <img width=\"486\" height=\"318\" src=\"https:\/\/holiday-maker-france.com\/app\/uploads\/2022\/01\/holiday-maker-celine-rebstock.jpg\" class=\"attachment-full size-full\" alt=\"\" loading=\"lazy\" srcset=\"https:\/\/holiday-maker-france.com\/app\/uploads\/2022\/01\/holiday-maker-celine-rebstock.jpg 486w, https:\/\/holiday-maker-france.com\/app\/uploads\/2022\/01\/holiday-maker-celine-rebstock-300x196.jpg 300w\" sizes=\"(max-width: 486px) 100vw, 486px\" \/>\n                <\/div>\n                                <\/div>\n            <\/div>\n        <\/div>\n    <\/div>\n<\/section>\n\n\n    <h2 class=\"title-double text-center\">\n                <span class=\"title-double__line1\">3 Jahrzehnte <\/span>\n                            <span class=\"title-double__line2\">voller unvergesslicher Aufenthalte<\/span>\n            <\/h2>\n\n\n\n<p>Seit seiner Gr\u00fcndung hat Holiday Maker im Elsass und in ganz Europa private und gesch\u00e4ftliche Aufenthalte f\u00fcr nahezu 5.000 Gruppen und \u00fcber 160.000 Personen gestaltet.<\/p>\n\n\n\n<p>Die Kreativit\u00e4t liegt in der Einzigartigkeit. Im Folgenden finden Sie einige Beispiele, die den reichhaltigen Erfahrungsschatz der Agentur veranschaulichen:<\/p>\n\n\n\n<ul><li>2003: \u201eTandems de la Neva\u201c f\u00fcr den Verein Valentin Ha\u00fcy. 15 Paare, mit jeweils einer blinden und einer sehenden Person, reisten in 23 Tagen von Paris nach Sankt Petersburg.<\/li><li>2013: Freizeitaufenthalt rund um das Thema \u00d6nologie f\u00fcr portugiesische Unternehmer, mit gehobenen Leistungen und Besuchen von geheimen\/privaten Weing\u00fctern.<\/li><li>2014: Organisation eines medizinischen Fachkongresses in Stra\u00dfburg, mit mehreren hundert Teilnehmern aus der ganzen Welt.<\/li><li>2015: Privatisierung der Hohk\u00f6nigsburg in Orschweiler f\u00fcr ein Galadinner im Waffensaal, zu Ehren einer Gruppe s\u00fcdkoreanischer Unternehmer. Am Klavier? Nat\u00fcrlich ein Sternekoch!<\/li><li>2017: Silvester \u00e0 la carte f\u00fcr die F\u00fchrungskr\u00e4fte einer europ\u00e4ischen Kaufhauskette.<\/li><li>2018: Gehobener Gourmet-Aufenthalt f\u00fcr Schweizer Kunden, die in den besten Sternerestaurants der Region schwelgten.<\/li><li>2018: Firmenevent im Rohan-Schloss Zabern mit Galadinner, Tanzabend und Fotoanimation, f\u00fcr perfekte Erinnerungen an einen auf Hochglanz(papier) polierten Abend!<\/li><li>2019: Gesch\u00e4ftsreise f\u00fcr die F\u00fchrungskr\u00e4fte eines gro\u00dfen Versicherungsunternehmens, die die Arbeit mit der Entdeckung der Sch\u00e4tze unserer Region verbinden konnten \u2013 insbesondere durch die Privatisierung eines Weinguts mit Blick auf die els\u00e4ssische Ebene.<\/li><\/ul>\n\n\n\n<p>Holiday Maker bietet jedoch nicht nur exklusive oder Leistungen der gehobenen Preisklasse an. Jahr f\u00fcr Jahr organisiert die Agentur auch zahlreiche erschwinglichere Erlebnisse.<\/p>\n\n\n\n<p>Hunderte Jugendliche entdecken mit uns Europa.<\/p>\n\n\n\n<p>Wir empfangen Studenten von Universit\u00e4ten aus allen L\u00e4ndern, die Franz\u00f6sisch lernen und dabei unsere wundersch\u00f6ne Region kennenlernen m\u00f6chten.<\/p>\n\n\n    <\/div>\n<\/section>\n\n\n<section class=\"section\">\n    <div class=\"grid-container\">\n        \n\n<p class=\"has-text-align-center\"><strong>Ein langes Wochenende zwischen Kleinfrankreich und der Weinstra\u00dfe?<br>Ein Picknick in einer Burganlage?<br>Ein echter \u201eWow\u201c-Aufenthalt, der Ihre Kunden ins Staunen versetzt?<br>Sie haben eigene Reiseideen, ob klassisch oder ausgefallen?<\/strong><\/p>\n\n\n<div class=\"button-group align-center\">\n    \n<a class=\"button primary\" href=\"https:\/\/holiday-maker-france.com\/de\/kontakt\/\">KONTAKTIEREN SIE UNS! <\/a>\n\n\n\n\n\n<\/div>\n\n\n    <\/div>\n<\/section>\n\n\n<section class=\"section section--color-primary\">\n    <div class=\"grid-container\">\n        \n    <h2 class=\"title-double text-center\">\n                <span class=\"title-double__line1\">Kontakt<\/span>\n                            <span class=\"title-double__line2\">Sie planen eine private oder gesch\u00e4ftliche Reise?<\/span>\n            <\/h2>\n\n\n\n<p class=\"has-text-align-center\">Wir freuen uns darauf, von Ihnen zu h\u00f6ren! Unser Team setzt alles daran, Ihre W\u00fcnsche in die Tat umzusetzen.<\/p>\n\n\n<div class=\"button-group align-center\">\n    \n<a class=\"button secondary\" href=\"https:\/\/holiday-maker-france.com\/de\/kontakt\/\">Los geht\u2019s!<\/a>\n\n\n\n\n\n<\/div>\n\n\n    <\/div>\n<\/section>\n","protected":false},"excerpt":{"rendered":"<p>Seit seiner Gr\u00fcndung hat Holiday Maker im Elsass und in ganz Europa private und gesch\u00e4ftliche Aufenthalte f\u00fcr nahezu 5.000 Gruppen und \u00fcber 160.000 Personen gestaltet.<\/p>\n","protected":false},"author":1,"featured_media":658,"parent":733,"menu_order":1,"comment_status":"closed","ping_status":"closed","template":"","meta":[],"acf":[],"yoast_head":"<!-- This site is optimized with the Yoast SEO plugin v18.6 - https:\/\/yoast.com\/wordpress\/plugins\/seo\/ -->\n<title>\u00dcber uns - Holiday maker<\/title>\n<meta name=\"robots\" content=\"index, follow, max-snippet:-1, max-image-preview:large, max-video-preview:-1\" \/>\n<link rel=\"canonical\" href=\"https:\/\/holiday-maker-france.com\/de\/unsere-agentur\/ueber-uns\/\" \/>\n<meta property=\"og:locale\" content=\"de_DE\" \/>\n<meta property=\"og:type\" content=\"article\" \/>\n<meta property=\"og:title\" content=\"\u00dcber uns - Holiday maker\" \/>\n<meta property=\"og:description\" content=\"Seit seiner Gr\u00fcndung hat Holiday Maker im Elsass und in ganz Europa private und gesch\u00e4ftliche Aufenthalte f\u00fcr nahezu 5.000 Gruppen und \u00fcber 160.000 Personen gestaltet.\" \/>\n<meta property=\"og:url\" content=\"https:\/\/holiday-maker-france.com\/de\/unsere-agentur\/ueber-uns\/\" \/>\n<meta property=\"og:site_name\" content=\"Holiday maker\" \/>\n<meta property=\"article:modified_time\" content=\"2022-04-22T08:56:32+00:00\" \/>\n<meta property=\"og:image\" content=\"https:\/\/holiday-maker-france.com\/app\/uploads\/2022\/01\/holiday-maker-qui-sommes-nous.jpg\" \/>\n\t<meta property=\"og:image:width\" content=\"1920\" \/>\n\t<meta property=\"og:image:height\" content=\"1280\" \/>\n\t<meta property=\"og:image:type\" content=\"image\/jpeg\" \/>\n<meta name=\"twitter:card\" content=\"summary_large_image\" \/>\n<meta name=\"twitter:label1\" content=\"Est. reading time\" \/>\n\t<meta name=\"twitter:data1\" content=\"4 minutes\" \/>\n<script type=\"application\/ld+json\" class=\"yoast-schema-graph\">{\"@context\":\"https:\/\/schema.org\",\"@graph\":[{\"@type\":\"WebSite\",\"@id\":\"https:\/\/holiday-maker-france.com\/#website\",\"url\":\"https:\/\/holiday-maker-france.com\/\",\"name\":\"Holiday maker\",\"description\":\"Just another WordPress site\",\"potentialAction\":[{\"@type\":\"SearchAction\",\"target\":{\"@type\":\"EntryPoint\",\"urlTemplate\":\"https:\/\/holiday-maker-france.com\/?s={search_term_string}\"},\"query-input\":\"required name=search_term_string\"}],\"inLanguage\":\"de-DE\"},{\"@type\":\"ImageObject\",\"@id\":\"https:\/\/holiday-maker-france.com\/de\/unsere-agentur\/ueber-uns\/#primaryimage\",\"inLanguage\":\"de-DE\",\"url\":\"https:\/\/holiday-maker-france.com\/app\/uploads\/2022\/01\/holiday-maker-qui-sommes-nous.jpg\",\"contentUrl\":\"https:\/\/holiday-maker-france.com\/app\/uploads\/2022\/01\/holiday-maker-qui-sommes-nous.jpg\",\"width\":1920,\"height\":1280},{\"@type\":\"WebPage\",\"@id\":\"https:\/\/holiday-maker-france.com\/de\/unsere-agentur\/ueber-uns\/#webpage\",\"url\":\"https:\/\/holiday-maker-france.com\/de\/unsere-agentur\/ueber-uns\/\",\"name\":\"\u00dcber uns - Holiday maker\",\"isPartOf\":{\"@id\":\"https:\/\/holiday-maker-france.com\/#website\"},\"primaryImageOfPage\":{\"@id\":\"https:\/\/holiday-maker-france.com\/de\/unsere-agentur\/ueber-uns\/#primaryimage\"},\"datePublished\":\"2021-10-11T11:59:41+00:00\",\"dateModified\":\"2022-04-22T08:56:32+00:00\",\"breadcrumb\":{\"@id\":\"https:\/\/holiday-maker-france.com\/de\/unsere-agentur\/ueber-uns\/#breadcrumb\"},\"inLanguage\":\"de-DE\",\"potentialAction\":[{\"@type\":\"ReadAction\",\"target\":[\"https:\/\/holiday-maker-france.com\/de\/unsere-agentur\/ueber-uns\/\"]}]},{\"@type\":\"BreadcrumbList\",\"@id\":\"https:\/\/holiday-maker-france.com\/de\/unsere-agentur\/ueber-uns\/#breadcrumb\",\"itemListElement\":[{\"@type\":\"ListItem\",\"position\":1,\"name\":\"Home\",\"item\":\"https:\/\/holiday-maker-france.com\/de\/\"},{\"@type\":\"ListItem\",\"position\":2,\"name\":\"Unsere Agentur\",\"item\":\"https:\/\/holiday-maker-france.com\/de\/unsere-agentur\/\"},{\"@type\":\"ListItem\",\"position\":3,\"name\":\"\u00dcber uns\"}]}]}<\/script>\n<!-- \/ Yoast SEO plugin. -->","yoast_head_json":{"title":"\u00dcber uns - Holiday maker","robots":{"index":"index","follow":"follow","max-snippet":"max-snippet:-1","max-image-preview":"max-image-preview:large","max-video-preview":"max-video-preview:-1"},"canonical":"https:\/\/holiday-maker-france.com\/de\/unsere-agentur\/ueber-uns\/","og_locale":"de_DE","og_type":"article","og_title":"\u00dcber uns - Holiday maker","og_description":"Seit seiner Gr\u00fcndung hat Holiday Maker im Elsass und in ganz Europa private und gesch\u00e4ftliche Aufenthalte f\u00fcr nahezu 5.000 Gruppen und \u00fcber 160.000 Personen gestaltet.","og_url":"https:\/\/holiday-maker-france.com\/de\/unsere-agentur\/ueber-uns\/","og_site_name":"Holiday maker","article_modified_time":"2022-04-22T08:56:32+00:00","og_image":[{"width":1920,"height":1280,"url":"https:\/\/holiday-maker-france.com\/app\/uploads\/2022\/01\/holiday-maker-qui-sommes-nous.jpg","type":"image\/jpeg"}],"twitter_card":"summary_large_image","twitter_misc":{"Est. reading time":"4 minutes"},"schema":{"@context":"https:\/\/schema.org","@graph":[{"@type":"WebSite","@id":"https:\/\/holiday-maker-france.com\/#website","url":"https:\/\/holiday-maker-france.com\/","name":"Holiday maker","description":"Just another WordPress site","potentialAction":[{"@type":"SearchAction","target":{"@type":"EntryPoint","urlTemplate":"https:\/\/holiday-maker-france.com\/?s={search_term_string}"},"query-input":"required name=search_term_string"}],"inLanguage":"de-DE"},{"@type":"ImageObject","@id":"https:\/\/holiday-maker-france.com\/de\/unsere-agentur\/ueber-uns\/#primaryimage","inLanguage":"de-DE","url":"https:\/\/holiday-maker-france.com\/app\/uploads\/2022\/01\/holiday-maker-qui-sommes-nous.jpg","contentUrl":"https:\/\/holiday-maker-france.com\/app\/uploads\/2022\/01\/holiday-maker-qui-sommes-nous.jpg","width":1920,"height":1280},{"@type":"WebPage","@id":"https:\/\/holiday-maker-france.com\/de\/unsere-agentur\/ueber-uns\/#webpage","url":"https:\/\/holiday-maker-france.com\/de\/unsere-agentur\/ueber-uns\/","name":"\u00dcber uns - Holiday maker","isPartOf":{"@id":"https:\/\/holiday-maker-france.com\/#website"},"primaryImageOfPage":{"@id":"https:\/\/holiday-maker-france.com\/de\/unsere-agentur\/ueber-uns\/#primaryimage"},"datePublished":"2021-10-11T11:59:41+00:00","dateModified":"2022-04-22T08:56:32+00:00","breadcrumb":{"@id":"https:\/\/holiday-maker-france.com\/de\/unsere-agentur\/ueber-uns\/#breadcrumb"},"inLanguage":"de-DE","potentialAction":[{"@type":"ReadAction","target":["https:\/\/holiday-maker-france.com\/de\/unsere-agentur\/ueber-uns\/"]}]},{"@type":"BreadcrumbList","@id":"https:\/\/holiday-maker-france.com\/de\/unsere-agentur\/ueber-uns\/#breadcrumb","itemListElement":[{"@type":"ListItem","position":1,"name":"Home","item":"https:\/\/holiday-maker-france.com\/de\/"},{"@type":"ListItem","position":2,"name":"Unsere Agentur","item":"https:\/\/holiday-maker-france.com\/de\/unsere-agentur\/"},{"@type":"ListItem","position":3,"name":"\u00dcber uns"}]}]}},"_links":{"self":[{"href":"https:\/\/holiday-maker-france.com\/de\/wp-json\/wp\/v2\/pages\/764"}],"collection":[{"href":"https:\/\/holiday-maker-france.com\/de\/wp-json\/wp\/v2\/pages"}],"about":[{"href":"https:\/\/holiday-maker-france.com\/de\/wp-json\/wp\/v2\/types\/page"}],"author":[{"embeddable":true,"href":"https:\/\/holiday-maker-france.com\/de\/wp-json\/wp\/v2\/users\/1"}],"replies":[{"embeddable":true,"href":"https:\/\/holiday-maker-france.com\/de\/wp-json\/wp\/v2\/comments?post=764"}],"version-history":[{"count":6,"href":"https:\/\/holiday-maker-france.com\/de\/wp-json\/wp\/v2\/pages\/764\/revisions"}],"predecessor-version":[{"id":977,"href":"https:\/\/holiday-maker-france.com\/de\/wp-json\/wp\/v2\/pages\/764\/revisions\/977"}],"up":[{"embeddable":true,"href":"https:\/\/holiday-maker-france.com\/de\/wp-json\/wp\/v2\/pages\/733"}],"wp:featuredmedia":[{"embeddable":true,"href":"https:\/\/holiday-maker-france.com\/de\/wp-json\/wp\/v2\/media\/658"}],"wp:attachment":[{"href":"https:\/\/holiday-maker-france.com\/de\/wp-json\/wp\/v2\/media?parent=764"}],"curies":[{"name":"wp","href":"https:\/\/api.w.org\/{rel}","templated":true}]}}