{"id":761,"date":"2021-10-11T12:00:06","date_gmt":"2021-10-11T12:00:06","guid":{"rendered":"https:\/\/holiday-maker-france.com\/notre-agence\/nos-partenaires\/"},"modified":"2022-04-22T09:00:31","modified_gmt":"2022-04-22T09:00:31","slug":"unsere-partner","status":"publish","type":"page","link":"https:\/\/holiday-maker-france.com\/de\/unsere-agentur\/unsere-partner\/","title":{"rendered":"Unsere Partner"},"content":{"rendered":"<section class=\"picture-cover\">\n    <img width=\"1920\" height=\"1271\" src=\"https:\/\/holiday-maker-france.com\/app\/uploads\/2022\/01\/partenaire.jpg\" class=\"picture-cover__picture\" alt=\"\" loading=\"lazy\" srcset=\"https:\/\/holiday-maker-france.com\/app\/uploads\/2022\/01\/partenaire.jpg 1920w, https:\/\/holiday-maker-france.com\/app\/uploads\/2022\/01\/partenaire-300x199.jpg 300w, https:\/\/holiday-maker-france.com\/app\/uploads\/2022\/01\/partenaire-1024x678.jpg 1024w, https:\/\/holiday-maker-france.com\/app\/uploads\/2022\/01\/partenaire-768x508.jpg 768w, https:\/\/holiday-maker-france.com\/app\/uploads\/2022\/01\/partenaire-1536x1017.jpg 1536w\" sizes=\"(max-width: 1920px) 100vw, 1920px\" \/>\n<\/section>\n\n\n<section class=\"section\">\n    <div class=\"grid-container\">\n        \n\n<h1 class=\"has-text-align-center\" id=\"nos-partenaires\">Unsere Partner<\/h1>\n\n\n<section class=\"section\">\n    <div class=\"grid-container\">\n        <div class=\"grid-x grid-margin-x grid-margin-y\">\n            <div class=\"cell small-12 large-8\">\n                \n\n<p>Seit seiner Gr\u00fcndung hat Holiday Maker ein Netzwerk aus zuverl\u00e4ssigen Partnern gekn\u00fcpft, die kontinuierlich zur Langlebigkeit des Unternehmens sowie zur Zufriedenheit seiner Kunden beitragen.<\/p>\n\n\n\n<p>Die Philosophie unserer Agentur besteht darin, sowohl mit unseren Partnern als auch mit unseren Kunden dauerhafte Beziehungen auf Vertrauensbasis aufzubauen.<\/p>\n\n\n\n<p>Um Ihnen genau die Leistungen zu bieten, die Ihren Erwartungen entsprechen, engagiert sich Holiday&nbsp;Maker das ganze Jahr daf\u00fcr, Verbindungen mit den verschiedenen Akteuren der Tourismusbranche aufzubauen und zu vertiefen.<br>Wir alle teilen die gleiche Vision: die Liebe zu unserem Beruf sowie die Vermittlung von Wissen und Erfahrung. Wir verstehen es, Ihnen die Identit\u00e4t und Geschichte Ihres Reisezieles mit all ihren Besonderheiten nahezubringen.<\/p>\n\n\n\n<p>Mit mehr als 250 Hoteliers, 150 Restaurantbesitzern und ebenso vielen Reisef\u00fchrern, Freizeitanbietern, Seminar- und Kongressveranstaltern, die mit uns zusammenarbeiten, k\u00f6nnen wir all Ihre Erwartungen umfassend erf\u00fcllen. Und wenn Ihre W\u00fcnsche abseits der ausgetretenen Pfade liegen, werden wir kreativ und begeben uns wie Sherlock Holmes auf die Suche nach versteckten Sch\u00e4tzen, ungew\u00f6hnlichen Orten und neuen Erfahrungen.<\/p>\n\n\n            <\/div>\n            <div class=\"cell small-12 large-4\">\n                <div class=\"grid-x grid-margin-x grid-margin-y\">\n                                <div class=\"cell small-12 medium-4 large-12\">\n                    <img width=\"320\" height=\"214\" src=\"https:\/\/holiday-maker-france.com\/app\/uploads\/2022\/02\/resto.jpg\" class=\"attachment-full size-full\" alt=\"\" loading=\"lazy\" srcset=\"https:\/\/holiday-maker-france.com\/app\/uploads\/2022\/02\/resto.jpg 320w, https:\/\/holiday-maker-france.com\/app\/uploads\/2022\/02\/resto-300x201.jpg 300w\" sizes=\"(max-width: 320px) 100vw, 320px\" \/>\n                <\/div>\n                                <div class=\"cell small-12 medium-4 large-12\">\n                    <img width=\"320\" height=\"240\" src=\"https:\/\/holiday-maker-france.com\/app\/uploads\/2022\/02\/20180420_094327.jpg\" class=\"attachment-full size-full\" alt=\"\" loading=\"lazy\" srcset=\"https:\/\/holiday-maker-france.com\/app\/uploads\/2022\/02\/20180420_094327.jpg 320w, https:\/\/holiday-maker-france.com\/app\/uploads\/2022\/02\/20180420_094327-300x225.jpg 300w\" sizes=\"(max-width: 320px) 100vw, 320px\" \/>\n                <\/div>\n                                <\/div>\n            <\/div>\n        <\/div>\n    <\/div>\n<\/section>\n\n\n    <\/div>\n<\/section>\n\n\n<section class=\"section section--color-primary\">\n    <div class=\"grid-container\">\n        \n    <h2 class=\"title-double text-center\">\n                <span class=\"title-double__line1\">Kontakt<\/span>\n                            <span class=\"title-double__line2\">Sie planen eine private oder gesch\u00e4ftliche Reise?<\/span>\n            <\/h2>\n\n\n\n<p class=\"has-text-align-center\">Wir freuen uns darauf, von Ihnen zu h\u00f6ren! Unser Team setzt alles daran, Ihre W\u00fcnsche in die Tat umzusetzen.<\/p>\n\n\n<div class=\"button-group align-center\">\n    \n<a class=\"button secondary\" href=\"https:\/\/holiday-maker-france.com\/de\/kontakt\/\">Los geht\u2019s!<\/a>\n\n\n\n\n\n<\/div>\n\n\n    <\/div>\n<\/section>\n","protected":false},"excerpt":{"rendered":"<p>Seit seiner Gr\u00fcndung hat Holiday Maker ein Netzwerk aus zuverl\u00e4ssigen Partnern gekn\u00fcpft, die kontinuierlich zur Langlebigkeit des Unternehmens sowie zur<\/p>\n","protected":false},"author":1,"featured_media":661,"parent":733,"menu_order":2,"comment_status":"closed","ping_status":"closed","template":"","meta":[],"acf":[],"yoast_head":"<!-- This site is optimized with the Yoast SEO plugin v18.6 - https:\/\/yoast.com\/wordpress\/plugins\/seo\/ -->\n<title>Unsere Partner - Holiday maker<\/title>\n<meta name=\"robots\" content=\"index, follow, max-snippet:-1, max-image-preview:large, max-video-preview:-1\" \/>\n<link rel=\"canonical\" href=\"https:\/\/holiday-maker-france.com\/de\/unsere-agentur\/unsere-partner\/\" \/>\n<meta property=\"og:locale\" content=\"de_DE\" \/>\n<meta property=\"og:type\" content=\"article\" \/>\n<meta property=\"og:title\" content=\"Unsere Partner - Holiday maker\" \/>\n<meta property=\"og:description\" content=\"Seit seiner Gr\u00fcndung hat Holiday Maker ein Netzwerk aus zuverl\u00e4ssigen Partnern gekn\u00fcpft, die kontinuierlich zur Langlebigkeit des Unternehmens sowie zur\" \/>\n<meta property=\"og:url\" content=\"https:\/\/holiday-maker-france.com\/de\/unsere-agentur\/unsere-partner\/\" \/>\n<meta property=\"og:site_name\" content=\"Holiday maker\" \/>\n<meta property=\"article:modified_time\" content=\"2022-04-22T09:00:31+00:00\" \/>\n<meta property=\"og:image\" content=\"https:\/\/holiday-maker-france.com\/app\/uploads\/2022\/01\/holiday-maker-partenaire.jpg\" \/>\n\t<meta property=\"og:image:width\" content=\"1920\" \/>\n\t<meta property=\"og:image:height\" content=\"1280\" \/>\n\t<meta property=\"og:image:type\" content=\"image\/jpeg\" \/>\n<meta name=\"twitter:card\" content=\"summary_large_image\" \/>\n<meta name=\"twitter:label1\" content=\"Est. reading time\" \/>\n\t<meta name=\"twitter:data1\" content=\"1 minute\" \/>\n<script type=\"application\/ld+json\" class=\"yoast-schema-graph\">{\"@context\":\"https:\/\/schema.org\",\"@graph\":[{\"@type\":\"WebSite\",\"@id\":\"https:\/\/holiday-maker-france.com\/#website\",\"url\":\"https:\/\/holiday-maker-france.com\/\",\"name\":\"Holiday maker\",\"description\":\"Just another WordPress site\",\"potentialAction\":[{\"@type\":\"SearchAction\",\"target\":{\"@type\":\"EntryPoint\",\"urlTemplate\":\"https:\/\/holiday-maker-france.com\/?s={search_term_string}\"},\"query-input\":\"required name=search_term_string\"}],\"inLanguage\":\"de-DE\"},{\"@type\":\"ImageObject\",\"@id\":\"https:\/\/holiday-maker-france.com\/de\/unsere-agentur\/unsere-partner\/#primaryimage\",\"inLanguage\":\"de-DE\",\"url\":\"https:\/\/holiday-maker-france.com\/app\/uploads\/2022\/01\/holiday-maker-partenaire.jpg\",\"contentUrl\":\"https:\/\/holiday-maker-france.com\/app\/uploads\/2022\/01\/holiday-maker-partenaire.jpg\",\"width\":1920,\"height\":1280},{\"@type\":\"WebPage\",\"@id\":\"https:\/\/holiday-maker-france.com\/de\/unsere-agentur\/unsere-partner\/#webpage\",\"url\":\"https:\/\/holiday-maker-france.com\/de\/unsere-agentur\/unsere-partner\/\",\"name\":\"Unsere Partner - Holiday maker\",\"isPartOf\":{\"@id\":\"https:\/\/holiday-maker-france.com\/#website\"},\"primaryImageOfPage\":{\"@id\":\"https:\/\/holiday-maker-france.com\/de\/unsere-agentur\/unsere-partner\/#primaryimage\"},\"datePublished\":\"2021-10-11T12:00:06+00:00\",\"dateModified\":\"2022-04-22T09:00:31+00:00\",\"breadcrumb\":{\"@id\":\"https:\/\/holiday-maker-france.com\/de\/unsere-agentur\/unsere-partner\/#breadcrumb\"},\"inLanguage\":\"de-DE\",\"potentialAction\":[{\"@type\":\"ReadAction\",\"target\":[\"https:\/\/holiday-maker-france.com\/de\/unsere-agentur\/unsere-partner\/\"]}]},{\"@type\":\"BreadcrumbList\",\"@id\":\"https:\/\/holiday-maker-france.com\/de\/unsere-agentur\/unsere-partner\/#breadcrumb\",\"itemListElement\":[{\"@type\":\"ListItem\",\"position\":1,\"name\":\"Home\",\"item\":\"https:\/\/holiday-maker-france.com\/de\/\"},{\"@type\":\"ListItem\",\"position\":2,\"name\":\"Unsere Agentur\",\"item\":\"https:\/\/holiday-maker-france.com\/de\/unsere-agentur\/\"},{\"@type\":\"ListItem\",\"position\":3,\"name\":\"Unsere Partner\"}]}]}<\/script>\n<!-- \/ Yoast SEO plugin. -->","yoast_head_json":{"title":"Unsere Partner - Holiday maker","robots":{"index":"index","follow":"follow","max-snippet":"max-snippet:-1","max-image-preview":"max-image-preview:large","max-video-preview":"max-video-preview:-1"},"canonical":"https:\/\/holiday-maker-france.com\/de\/unsere-agentur\/unsere-partner\/","og_locale":"de_DE","og_type":"article","og_title":"Unsere Partner - Holiday maker","og_description":"Seit seiner Gr\u00fcndung hat Holiday Maker ein Netzwerk aus zuverl\u00e4ssigen Partnern gekn\u00fcpft, die kontinuierlich zur Langlebigkeit des Unternehmens sowie zur","og_url":"https:\/\/holiday-maker-france.com\/de\/unsere-agentur\/unsere-partner\/","og_site_name":"Holiday maker","article_modified_time":"2022-04-22T09:00:31+00:00","og_image":[{"width":1920,"height":1280,"url":"https:\/\/holiday-maker-france.com\/app\/uploads\/2022\/01\/holiday-maker-partenaire.jpg","type":"image\/jpeg"}],"twitter_card":"summary_large_image","twitter_misc":{"Est. reading time":"1 minute"},"schema":{"@context":"https:\/\/schema.org","@graph":[{"@type":"WebSite","@id":"https:\/\/holiday-maker-france.com\/#website","url":"https:\/\/holiday-maker-france.com\/","name":"Holiday maker","description":"Just another WordPress site","potentialAction":[{"@type":"SearchAction","target":{"@type":"EntryPoint","urlTemplate":"https:\/\/holiday-maker-france.com\/?s={search_term_string}"},"query-input":"required name=search_term_string"}],"inLanguage":"de-DE"},{"@type":"ImageObject","@id":"https:\/\/holiday-maker-france.com\/de\/unsere-agentur\/unsere-partner\/#primaryimage","inLanguage":"de-DE","url":"https:\/\/holiday-maker-france.com\/app\/uploads\/2022\/01\/holiday-maker-partenaire.jpg","contentUrl":"https:\/\/holiday-maker-france.com\/app\/uploads\/2022\/01\/holiday-maker-partenaire.jpg","width":1920,"height":1280},{"@type":"WebPage","@id":"https:\/\/holiday-maker-france.com\/de\/unsere-agentur\/unsere-partner\/#webpage","url":"https:\/\/holiday-maker-france.com\/de\/unsere-agentur\/unsere-partner\/","name":"Unsere Partner - Holiday maker","isPartOf":{"@id":"https:\/\/holiday-maker-france.com\/#website"},"primaryImageOfPage":{"@id":"https:\/\/holiday-maker-france.com\/de\/unsere-agentur\/unsere-partner\/#primaryimage"},"datePublished":"2021-10-11T12:00:06+00:00","dateModified":"2022-04-22T09:00:31+00:00","breadcrumb":{"@id":"https:\/\/holiday-maker-france.com\/de\/unsere-agentur\/unsere-partner\/#breadcrumb"},"inLanguage":"de-DE","potentialAction":[{"@type":"ReadAction","target":["https:\/\/holiday-maker-france.com\/de\/unsere-agentur\/unsere-partner\/"]}]},{"@type":"BreadcrumbList","@id":"https:\/\/holiday-maker-france.com\/de\/unsere-agentur\/unsere-partner\/#breadcrumb","itemListElement":[{"@type":"ListItem","position":1,"name":"Home","item":"https:\/\/holiday-maker-france.com\/de\/"},{"@type":"ListItem","position":2,"name":"Unsere Agentur","item":"https:\/\/holiday-maker-france.com\/de\/unsere-agentur\/"},{"@type":"ListItem","position":3,"name":"Unsere Partner"}]}]}},"_links":{"self":[{"href":"https:\/\/holiday-maker-france.com\/de\/wp-json\/wp\/v2\/pages\/761"}],"collection":[{"href":"https:\/\/holiday-maker-france.com\/de\/wp-json\/wp\/v2\/pages"}],"about":[{"href":"https:\/\/holiday-maker-france.com\/de\/wp-json\/wp\/v2\/types\/page"}],"author":[{"embeddable":true,"href":"https:\/\/holiday-maker-france.com\/de\/wp-json\/wp\/v2\/users\/1"}],"replies":[{"embeddable":true,"href":"https:\/\/holiday-maker-france.com\/de\/wp-json\/wp\/v2\/comments?post=761"}],"version-history":[{"count":4,"href":"https:\/\/holiday-maker-france.com\/de\/wp-json\/wp\/v2\/pages\/761\/revisions"}],"predecessor-version":[{"id":983,"href":"https:\/\/holiday-maker-france.com\/de\/wp-json\/wp\/v2\/pages\/761\/revisions\/983"}],"up":[{"embeddable":true,"href":"https:\/\/holiday-maker-france.com\/de\/wp-json\/wp\/v2\/pages\/733"}],"wp:featuredmedia":[{"embeddable":true,"href":"https:\/\/holiday-maker-france.com\/de\/wp-json\/wp\/v2\/media\/661"}],"wp:attachment":[{"href":"https:\/\/holiday-maker-france.com\/de\/wp-json\/wp\/v2\/media?parent=761"}],"curies":[{"name":"wp","href":"https:\/\/api.w.org\/{rel}","templated":true}]}}