{"id":742,"date":"2021-07-20T15:06:34","date_gmt":"2021-07-20T15:06:34","guid":{"rendered":"https:\/\/holiday-maker-france.com\/contact\/"},"modified":"2022-04-22T09:20:05","modified_gmt":"2022-04-22T09:20:05","slug":"kontakt","status":"publish","type":"page","link":"https:\/\/holiday-maker-france.com\/de\/kontakt\/","title":{"rendered":"Kontakt"},"content":{"rendered":"<section class=\"picture-cover\">\n    <img width=\"1523\" height=\"1013\" src=\"https:\/\/holiday-maker-france.com\/app\/uploads\/2022\/01\/holiday-maker-agence.jpg\" class=\"picture-cover__picture\" alt=\"\" loading=\"lazy\" srcset=\"https:\/\/holiday-maker-france.com\/app\/uploads\/2022\/01\/holiday-maker-agence.jpg 1523w, https:\/\/holiday-maker-france.com\/app\/uploads\/2022\/01\/holiday-maker-agence-300x200.jpg 300w, https:\/\/holiday-maker-france.com\/app\/uploads\/2022\/01\/holiday-maker-agence-1024x681.jpg 1024w, https:\/\/holiday-maker-france.com\/app\/uploads\/2022\/01\/holiday-maker-agence-768x511.jpg 768w\" sizes=\"(max-width: 1523px) 100vw, 1523px\" \/>\n<\/section>\n\n\n<section class=\"section\">\n    <div class=\"grid-container\">\n        \n    <h1 class=\"title-double \">\n                <span class=\"title-double__line1\">Sie w\u00fcnschen eine pers\u00f6nliche Beratung? <\/span>\n                            <span class=\"title-double__line2\">Unser Team setzt sich schnellstm\u00f6glich mit Ihnen in Verbindung!<\/span>\n            <\/h1>\n\n\n\n<div class=\"wp-block-contact-form-7-contact-form-selector\"><div role=\"form\" class=\"wpcf7\" id=\"wpcf7-f941-o1\" lang=\"de-DE\" dir=\"ltr\">\n<div class=\"screen-reader-response\"><p role=\"status\" aria-live=\"polite\" aria-atomic=\"true\"><\/p> <ul><\/ul><\/div>\n<form action=\"\/de\/wp-json\/wp\/v2\/pages\/742#wpcf7-f941-o1\" method=\"post\" class=\"wpcf7-form init\" enctype=\"multipart\/form-data\" novalidate=\"novalidate\" data-status=\"init\">\n<div style=\"display: none;\">\n<input type=\"hidden\" name=\"_wpcf7\" value=\"941\" \/>\n<input type=\"hidden\" name=\"_wpcf7_version\" value=\"5.5.6\" \/>\n<input type=\"hidden\" name=\"_wpcf7_locale\" value=\"de_DE\" \/>\n<input type=\"hidden\" name=\"_wpcf7_unit_tag\" value=\"wpcf7-f941-o1\" \/>\n<input type=\"hidden\" name=\"_wpcf7_container_post\" value=\"0\" \/>\n<input type=\"hidden\" name=\"_wpcf7_posted_data_hash\" value=\"\" \/>\n<input type=\"hidden\" name=\"_wpcf7_recaptcha_response\" value=\"\" \/>\n<\/div>\n<div class=\"grid-x grid-margin-x grid-margin-y\">\n<div class=\"cell small-12 medium-6\">\n        <label style=\"display: inline-block;\" for=\"civilite\">Anrede<span class=\"c-primary\">*<\/span> :<\/label> <span class=\"wpcf7-form-control-wrap civilite\"><span class=\"wpcf7-form-control wpcf7-checkbox wpcf7-validates-as-required\"><span class=\"wpcf7-list-item first\"><label><input type=\"checkbox\" name=\"civilite[]\" value=\"Frau\" \/><span class=\"wpcf7-list-item-label\">Frau<\/span><\/label><\/span><span class=\"wpcf7-list-item last\"><label><input type=\"checkbox\" name=\"civilite[]\" value=\"Herr\" \/><span class=\"wpcf7-list-item-label\">Herr<\/span><\/label><\/span><\/span><\/span>\n    <\/div>\n<div class=\"cell small-12 medium-6\">\n        <label style=\"display: inline-block;\" for=\"last-name\">Name<span class=\"c-primary\">*<\/span> :<\/label><br \/>\n        <span class=\"wpcf7-form-control-wrap last-name\"><input type=\"text\" name=\"last-name\" value=\"\" size=\"40\" class=\"wpcf7-form-control wpcf7-text wpcf7-validates-as-required\" id=\"last-name\" aria-required=\"true\" aria-invalid=\"false\" placeholder=\"Name*\" \/><\/span>\n    <\/div>\n<div class=\"cell small-12 medium-6\">\n        <label style=\"display: inline-block;\" for=\"first-name\">Vorname<span class=\"c-primary\">*<\/span> :<\/label><br \/>\n        <span class=\"wpcf7-form-control-wrap first-name\"><input type=\"text\" name=\"first-name\" value=\"\" size=\"40\" class=\"wpcf7-form-control wpcf7-text wpcf7-validates-as-required\" id=\"first-name\" aria-required=\"true\" aria-invalid=\"false\" placeholder=\"Vorname*\" \/><\/span>\n    <\/div>\n<div class=\"cell small-12 medium-6\">\n        <label style=\"display: inline-block;\" for=\"your-email\">E-Mail-Adresse<span class=\"c-primary\">*<\/span> :<\/label><br \/>\n        <span class=\"wpcf7-form-control-wrap your-email\"><input type=\"email\" name=\"your-email\" value=\"\" size=\"40\" class=\"wpcf7-form-control wpcf7-text wpcf7-email wpcf7-validates-as-required wpcf7-validates-as-email\" id=\"your-email\" aria-required=\"true\" aria-invalid=\"false\" placeholder=\"E-Mail-Adresse*\" \/><\/span>\n    <\/div>\n<div class=\"cell small-12 medium-6\">\n        <label style=\"display: inline-block;\" for=\"your-phone\">Telefonnummer<span class=\"c-primary\">*<\/span> :<\/label><br \/>\n        <span class=\"wpcf7-form-control-wrap your-phone\"><input type=\"text\" name=\"your-phone\" value=\"\" size=\"40\" class=\"wpcf7-form-control wpcf7-text wpcf7-validates-as-required\" id=\"your-phone\" aria-required=\"true\" aria-invalid=\"false\" placeholder=\"Telefonnummer*\" \/><\/span>\n    <\/div>\n<div class=\"cell small-12 medium-6\">\n        <label style=\"display: inline-block;\" for=\"societe\">Unternehmen :<\/label><br \/>\n        <span class=\"wpcf7-form-control-wrap societe\"><input type=\"text\" name=\"societe\" value=\"\" size=\"40\" class=\"wpcf7-form-control wpcf7-text\" id=\"societe\" aria-invalid=\"false\" placeholder=\"Unternehmen\" \/><\/span>\n    <\/div>\n<div class=\"cell small-12 medium-6\">\n        <label style=\"display: inline-block;\" for=\"fonction\">Rolle im Unternehmen :<\/label><br \/>\n        <span class=\"wpcf7-form-control-wrap fonction\"><input type=\"text\" name=\"fonction\" value=\"\" size=\"40\" class=\"wpcf7-form-control wpcf7-text\" id=\"fonction\" aria-invalid=\"false\" placeholder=\"Rolle im Unternehmen\" \/><\/span>\n    <\/div>\n<div class=\"cell small-12 medium-6\">\n        <label style=\"display: inline-block;\" for=\"adresse\">Adresse :<\/label><br \/>\n        <span class=\"wpcf7-form-control-wrap adresse\"><input type=\"text\" name=\"adresse\" value=\"\" size=\"40\" class=\"wpcf7-form-control wpcf7-text\" id=\"adresse\" aria-invalid=\"false\" placeholder=\"Adresse\" \/><\/span>\n    <\/div>\n<div class=\"cell small-12 medium-6\">\n        <label style=\"display: inline-block;\" for=\"code-postal\">Postleitzahl :<\/label><br \/>\n        <span class=\"wpcf7-form-control-wrap code-postal\"><input type=\"text\" name=\"code-postal\" value=\"\" size=\"40\" class=\"wpcf7-form-control wpcf7-text\" id=\"code-postal\" aria-invalid=\"false\" placeholder=\"Postleitzahl\" \/><\/span>\n    <\/div>\n<div class=\"cell small-12 medium-6\">\n        <label style=\"display: inline-block;\" for=\"ville\">Stadt :<\/label><br \/>\n        <span class=\"wpcf7-form-control-wrap ville\"><input type=\"text\" name=\"ville\" value=\"\" size=\"40\" class=\"wpcf7-form-control wpcf7-text\" id=\"ville\" aria-invalid=\"false\" placeholder=\"Stadt\" \/><\/span>\n    <\/div>\n<div class=\"cell small-12\">\n        <label for=\"subject\">Ihr Anliegen<span class=\"c-primary\">*<\/span><\/label><span class=\"wpcf7-form-control-wrap subject\"><select name=\"subject\" class=\"wpcf7-form-control wpcf7-select wpcf7-validates-as-required\" id=\"subject\" aria-required=\"true\" aria-invalid=\"false\"><option value=\"Angebot anfordern\">Angebot anfordern<\/option><option value=\"Bewerbung senden\">Bewerbung senden<\/option><option value=\"Sonstiges\">Sonstiges<\/option><\/select><\/span>\n    <\/div>\n<div class=\"cell small-12\">\n        <label style=\"display: inline-block;\" for=\"message\">Ihre Nachricht :<\/label><br \/>\n        <span class=\"wpcf7-form-control-wrap message\"><textarea name=\"message\" cols=\"40\" rows=\"10\" class=\"wpcf7-form-control wpcf7-textarea\" id=\"message\" aria-invalid=\"false\" placeholder=\"Ihre Nachricht\"><\/textarea><\/span>\n    <\/div>\n<div class=\"cell small-12\">\n        <label for=\"upload_file\">Datei anh\u00e4ngen (PDF, maximal 20 MB) :<\/label><span class=\"wpcf7-form-control-wrap upload_file\"><input type=\"file\" name=\"upload_file\" size=\"40\" class=\"wpcf7-form-control wpcf7-file\" id=\"upload_file\" accept=\".pdf\" aria-invalid=\"false\" \/><\/span>\n    <\/div>\n<div class=\"cell small-12\">\n        <span class=\"wpcf7-form-control-wrap mailjet-opt-in\"><span class=\"wpcf7-form-control wpcf7-checkbox\"><span class=\"wpcf7-list-item first last\"><input type=\"checkbox\" name=\"mailjet-opt-in[]\" value=\"Ich bin damit einverstanden, Informationen von Holiday Maker zu erhalten.\" \/><span class=\"wpcf7-list-item-label\">Ich bin damit einverstanden, Informationen von Holiday Maker zu erhalten.<\/span><\/span><\/span><\/span><span class=\"wpcf7-form-control-wrap acceptance\"><span class=\"wpcf7-form-control wpcf7-acceptance\"><span class=\"wpcf7-list-item\"><label><input type=\"checkbox\" name=\"acceptance\" value=\"1\" aria-invalid=\"false\" \/><span class=\"wpcf7-list-item-label\">Ich stimme der Verarbeitung meiner Daten gem\u00e4\u00df der Datenschutzrichtlinie sowie der Datenschutzerkl\u00e4rung zu.<\/span><\/label><\/span><\/span><\/span>\n    <\/div>\n<div class=\"cell small-12\">\n        <input type=\"submit\" value=\"Senden\" class=\"wpcf7-form-control has-spinner wpcf7-submit button\" \/>\n    <\/div>\n<\/div>\n<div class=\"wpcf7-response-output\" aria-hidden=\"true\"><\/div><\/form><\/div><\/div>\n\n\n    <\/div>\n<\/section>\n","protected":false},"excerpt":{"rendered":"<p>Ajouter un extrait manuellement<\/p>\n","protected":false},"author":1,"featured_media":0,"parent":0,"menu_order":6,"comment_status":"closed","ping_status":"closed","template":"","meta":[],"acf":[],"yoast_head":"<!-- This site is optimized with the Yoast SEO plugin v18.6 - https:\/\/yoast.com\/wordpress\/plugins\/seo\/ -->\n<title>Kontakt - Holiday maker<\/title>\n<meta name=\"robots\" content=\"index, follow, max-snippet:-1, max-image-preview:large, max-video-preview:-1\" \/>\n<link rel=\"canonical\" href=\"https:\/\/holiday-maker-france.com\/de\/kontakt\/\" \/>\n<meta property=\"og:locale\" content=\"de_DE\" \/>\n<meta property=\"og:type\" content=\"article\" \/>\n<meta property=\"og:title\" content=\"Kontakt - Holiday maker\" \/>\n<meta property=\"og:description\" content=\"Ajouter un extrait manuellement\" \/>\n<meta property=\"og:url\" content=\"https:\/\/holiday-maker-france.com\/de\/kontakt\/\" \/>\n<meta property=\"og:site_name\" content=\"Holiday maker\" \/>\n<meta property=\"article:modified_time\" content=\"2022-04-22T09:20:05+00:00\" \/>\n<meta name=\"twitter:card\" content=\"summary_large_image\" \/>\n<meta name=\"twitter:label1\" content=\"Est. reading time\" \/>\n\t<meta name=\"twitter:data1\" content=\"1 minute\" \/>\n<script type=\"application\/ld+json\" class=\"yoast-schema-graph\">{\"@context\":\"https:\/\/schema.org\",\"@graph\":[{\"@type\":\"WebSite\",\"@id\":\"https:\/\/holiday-maker-france.com\/#website\",\"url\":\"https:\/\/holiday-maker-france.com\/\",\"name\":\"Holiday maker\",\"description\":\"Just another WordPress site\",\"potentialAction\":[{\"@type\":\"SearchAction\",\"target\":{\"@type\":\"EntryPoint\",\"urlTemplate\":\"https:\/\/holiday-maker-france.com\/?s={search_term_string}\"},\"query-input\":\"required name=search_term_string\"}],\"inLanguage\":\"de-DE\"},{\"@type\":\"WebPage\",\"@id\":\"https:\/\/holiday-maker-france.com\/de\/kontakt\/#webpage\",\"url\":\"https:\/\/holiday-maker-france.com\/de\/kontakt\/\",\"name\":\"Kontakt - Holiday maker\",\"isPartOf\":{\"@id\":\"https:\/\/holiday-maker-france.com\/#website\"},\"datePublished\":\"2021-07-20T15:06:34+00:00\",\"dateModified\":\"2022-04-22T09:20:05+00:00\",\"breadcrumb\":{\"@id\":\"https:\/\/holiday-maker-france.com\/de\/kontakt\/#breadcrumb\"},\"inLanguage\":\"de-DE\",\"potentialAction\":[{\"@type\":\"ReadAction\",\"target\":[\"https:\/\/holiday-maker-france.com\/de\/kontakt\/\"]}]},{\"@type\":\"BreadcrumbList\",\"@id\":\"https:\/\/holiday-maker-france.com\/de\/kontakt\/#breadcrumb\",\"itemListElement\":[{\"@type\":\"ListItem\",\"position\":1,\"name\":\"Home\",\"item\":\"https:\/\/holiday-maker-france.com\/de\/\"},{\"@type\":\"ListItem\",\"position\":2,\"name\":\"Kontakt\"}]}]}<\/script>\n<!-- \/ Yoast SEO plugin. -->","yoast_head_json":{"title":"Kontakt - Holiday maker","robots":{"index":"index","follow":"follow","max-snippet":"max-snippet:-1","max-image-preview":"max-image-preview:large","max-video-preview":"max-video-preview:-1"},"canonical":"https:\/\/holiday-maker-france.com\/de\/kontakt\/","og_locale":"de_DE","og_type":"article","og_title":"Kontakt - Holiday maker","og_description":"Ajouter un extrait manuellement","og_url":"https:\/\/holiday-maker-france.com\/de\/kontakt\/","og_site_name":"Holiday maker","article_modified_time":"2022-04-22T09:20:05+00:00","twitter_card":"summary_large_image","twitter_misc":{"Est. reading time":"1 minute"},"schema":{"@context":"https:\/\/schema.org","@graph":[{"@type":"WebSite","@id":"https:\/\/holiday-maker-france.com\/#website","url":"https:\/\/holiday-maker-france.com\/","name":"Holiday maker","description":"Just another WordPress site","potentialAction":[{"@type":"SearchAction","target":{"@type":"EntryPoint","urlTemplate":"https:\/\/holiday-maker-france.com\/?s={search_term_string}"},"query-input":"required name=search_term_string"}],"inLanguage":"de-DE"},{"@type":"WebPage","@id":"https:\/\/holiday-maker-france.com\/de\/kontakt\/#webpage","url":"https:\/\/holiday-maker-france.com\/de\/kontakt\/","name":"Kontakt - Holiday maker","isPartOf":{"@id":"https:\/\/holiday-maker-france.com\/#website"},"datePublished":"2021-07-20T15:06:34+00:00","dateModified":"2022-04-22T09:20:05+00:00","breadcrumb":{"@id":"https:\/\/holiday-maker-france.com\/de\/kontakt\/#breadcrumb"},"inLanguage":"de-DE","potentialAction":[{"@type":"ReadAction","target":["https:\/\/holiday-maker-france.com\/de\/kontakt\/"]}]},{"@type":"BreadcrumbList","@id":"https:\/\/holiday-maker-france.com\/de\/kontakt\/#breadcrumb","itemListElement":[{"@type":"ListItem","position":1,"name":"Home","item":"https:\/\/holiday-maker-france.com\/de\/"},{"@type":"ListItem","position":2,"name":"Kontakt"}]}]}},"_links":{"self":[{"href":"https:\/\/holiday-maker-france.com\/de\/wp-json\/wp\/v2\/pages\/742"}],"collection":[{"href":"https:\/\/holiday-maker-france.com\/de\/wp-json\/wp\/v2\/pages"}],"about":[{"href":"https:\/\/holiday-maker-france.com\/de\/wp-json\/wp\/v2\/types\/page"}],"author":[{"embeddable":true,"href":"https:\/\/holiday-maker-france.com\/de\/wp-json\/wp\/v2\/users\/1"}],"replies":[{"embeddable":true,"href":"https:\/\/holiday-maker-france.com\/de\/wp-json\/wp\/v2\/comments?post=742"}],"version-history":[{"count":3,"href":"https:\/\/holiday-maker-france.com\/de\/wp-json\/wp\/v2\/pages\/742\/revisions"}],"predecessor-version":[{"id":1002,"href":"https:\/\/holiday-maker-france.com\/de\/wp-json\/wp\/v2\/pages\/742\/revisions\/1002"}],"wp:attachment":[{"href":"https:\/\/holiday-maker-france.com\/de\/wp-json\/wp\/v2\/media?parent=742"}],"curies":[{"name":"wp","href":"https:\/\/api.w.org\/{rel}","templated":true}]}}