{"id":739,"date":"2021-07-20T15:05:46","date_gmt":"2021-07-20T15:05:46","guid":{"rendered":"https:\/\/holiday-maker-france.com\/tourisme-affaires\/"},"modified":"2022-04-22T13:21:36","modified_gmt":"2022-04-22T13:21:36","slug":"geschaeftsreisen","status":"publish","type":"page","link":"https:\/\/holiday-maker-france.com\/de\/geschaeftsreisen\/","title":{"rendered":"Gesch\u00e4ftsreisen"},"content":{"rendered":"<section class=\"picture-cover\">\n    <img width=\"1523\" height=\"1013\" src=\"https:\/\/holiday-maker-france.com\/app\/uploads\/2022\/01\/holiday-maker-agence.jpg\" class=\"picture-cover__picture\" alt=\"\" loading=\"lazy\" srcset=\"https:\/\/holiday-maker-france.com\/app\/uploads\/2022\/01\/holiday-maker-agence.jpg 1523w, https:\/\/holiday-maker-france.com\/app\/uploads\/2022\/01\/holiday-maker-agence-300x200.jpg 300w, https:\/\/holiday-maker-france.com\/app\/uploads\/2022\/01\/holiday-maker-agence-1024x681.jpg 1024w, https:\/\/holiday-maker-france.com\/app\/uploads\/2022\/01\/holiday-maker-agence-768x511.jpg 768w\" sizes=\"(max-width: 1523px) 100vw, 1523px\" \/>\n<\/section>\n\n\n<section class=\"section\">\n    <div class=\"grid-container\">\n        \n\n<h1 class=\"has-text-align-center\">Gesch\u00e4ftsreisen<\/h1>\n\n\n\n<p>Ob Sie ein Unternehmen oder in der MICE-Branche t\u00e4tig sind: Holiday Maker steht Ihnen bei Ihrem Projekt zur Seite.<br>Und weil jede Veranstaltung einzigartig ist, unterbreitet Ihnen unser Team ein rundum individuelles Angebot.<\/p>\n\n\n\n<p>Ihnen fehlt die Zeit f\u00fcr die Organisation? Oder Sie suchen einen Experten f\u00fcr das Reiseziel Elsass?<br>Unsere Agentur macht Ihr Event zum Erfolg.<br>Mit Holiday Maker umgeben Sie sich mit einem engagierten Team, das Ihre Erwartungen sorgf\u00e4ltig umsetzt und die Erf\u00fcllung Ihrer W\u00fcnsche und Bed\u00fcrfnisse gew\u00e4hrleistet.<br>Lassen Sie sich von uns bei Ihrem Projekt begleiten und befreien Sie sich von organisatorischen Pflichten, damit Sie sich ganz Ihren Mitarbeitern oder Kunden widmen k\u00f6nnen.<\/p>\n\n\n\n<p>Ob f\u00fcr Tagungen, Incentives, Seminare oder Kongresse: Sie entscheiden, ob wir f\u00fcr Sie die gesamte Organisation durchf\u00fchren oder nur einzelne Leistungen erbringen.<\/p>\n\n\n\n<p>Wie auch immer Sie sich entscheiden: Wir stehen Ihnen von der Konzeption bis zur Durchf\u00fchrung in allen Phasen mit Rat und Tat zur Seite.<\/p>\n\n\n\n<p>In Holiday Maker finden Sie einen Partner, der immer ein offenes Ohr f\u00fcr Sie hat. Wir freuen uns darauf, von Ihnen zu h\u00f6ren!<br>Wir beantworten s\u00e4mtliche Kontaktanfragen innerhalb von 24 Stunden. <\/p>\n\n\n\n<p>Sie interessieren sich f\u00fcr eine andere Region? Wir kooperieren mit zuverl\u00e4ssigen Partnern, die unsere Werte auf ganzer Linie teilen, und vermitteln Ihnen gemeinsam absolut unvergessliche Erlebnisse.<\/p>\n\n\n    \n\n<div class=\"grid-y grid-margin-y\">\n        <div class=\"cell\">\n        <article class=\"page-card page-card--line\">\n    <a class=\"page-card__picture\" href=\"https:\/\/holiday-maker-france.com\/de\/geschaeftsreisen\/unternehmen\/\">\n        <img width=\"520\" height=\"290\" src=\"https:\/\/holiday-maker-france.com\/app\/uploads\/2022\/01\/partenaire-520x290.jpg\" class=\"page-card__thumbnail\" alt=\"\" loading=\"lazy\" \/>\n    <\/a>\n    <div class=\"page-card__content\">\n        <h1 class=\"page-card__title\">Unternehmen<\/h1>\n        <div class=\"page-card__excerpt\">\n                            Sie planen Ihr n\u00e4chstes Event, um Ihre Mitarbeiter zusammenzuf\u00fchren, sich bei ihnen zu bedanken oder sie weiter zu motivieren?Dann sind\n                    <\/div>\n                <div class=\"page-card__action\">\n            <a href=\"https:\/\/holiday-maker-france.com\/de\/geschaeftsreisen\/unternehmen\/\" class=\"button primary page-card__button\">Mehr sehen<\/a>\n        <\/div>\n            <\/div>\n<\/article>\n    <\/div>\n        <div class=\"cell\">\n        <article class=\"page-card page-card--line\">\n    <a class=\"page-card__picture\" href=\"https:\/\/holiday-maker-france.com\/de\/geschaeftsreisen\/mice\/\">\n        <img width=\"520\" height=\"290\" src=\"https:\/\/holiday-maker-france.com\/app\/uploads\/2022\/01\/MICE-520x290.jpg\" class=\"page-card__thumbnail\" alt=\"\" loading=\"lazy\" \/>\n    <\/a>\n    <div class=\"page-card__content\">\n        <h1 class=\"page-card__title\">MICE<\/h1>\n        <div class=\"page-card__excerpt\">\n                            Die erfolgreiche Organisation und Durchf\u00fchrung von Tagungen, Incentives, Kongressen und anderen Events bedarf einer umfassenden Branchenkenntnis. Wir \u00fcbernehmen f\u00fcr Sie\n                    <\/div>\n                <div class=\"page-card__action\">\n            <a href=\"https:\/\/holiday-maker-france.com\/de\/geschaeftsreisen\/mice\/\" class=\"button primary page-card__button\">Mehr sehen<\/a>\n        <\/div>\n            <\/div>\n<\/article>\n    <\/div>\n    <\/div>\n\n\n    <\/div>\n<\/section>\n\n\n<section class=\"section section--color-primary\">\n    <div class=\"grid-container\">\n        \n    <h2 class=\"title-double text-center\">\n                <span class=\"title-double__line1\">Kontakt<\/span>\n                            <span class=\"title-double__line2\">Sie planen eine private oder gesch\u00e4ftliche Reise?<\/span>\n            <\/h2>\n\n\n\n<p class=\"has-text-align-center\">Wir freuen uns darauf, von Ihnen zu h\u00f6ren! Unser Team setzt alles daran, Ihre W\u00fcnsche in die Tat umzusetzen.<\/p>\n\n\n<div class=\"button-group align-center\">\n    \n<a class=\"button secondary\" href=\"https:\/\/holiday-maker-france.com\/de\/kontakt\/\">Los geht\u2019s!<\/a>\n\n\n\n\n\n<\/div>\n\n\n    <\/div>\n<\/section>\n","protected":false},"excerpt":{"rendered":"<p>Ob Sie ein Unternehmen oder in der MICE-Branche t\u00e4tig sind: Holiday Maker steht Ihnen bei Ihrem Projekt zur Seite.Und weil<\/p>\n","protected":false},"author":1,"featured_media":0,"parent":0,"menu_order":4,"comment_status":"closed","ping_status":"closed","template":"","meta":[],"acf":[],"yoast_head":"<!-- This site is optimized with the Yoast SEO plugin v18.6 - https:\/\/yoast.com\/wordpress\/plugins\/seo\/ -->\n<title>Gesch\u00e4ftsreisen - Holiday maker<\/title>\n<meta name=\"robots\" content=\"index, follow, max-snippet:-1, max-image-preview:large, max-video-preview:-1\" \/>\n<link rel=\"canonical\" href=\"https:\/\/holiday-maker-france.com\/de\/geschaeftsreisen\/\" \/>\n<meta property=\"og:locale\" content=\"de_DE\" \/>\n<meta property=\"og:type\" content=\"article\" \/>\n<meta property=\"og:title\" content=\"Gesch\u00e4ftsreisen - Holiday maker\" \/>\n<meta property=\"og:description\" content=\"Ob Sie ein Unternehmen oder in der MICE-Branche t\u00e4tig sind: Holiday Maker steht Ihnen bei Ihrem Projekt zur Seite.Und weil\" \/>\n<meta property=\"og:url\" content=\"https:\/\/holiday-maker-france.com\/de\/geschaeftsreisen\/\" \/>\n<meta property=\"og:site_name\" content=\"Holiday maker\" \/>\n<meta property=\"article:modified_time\" content=\"2022-04-22T13:21:36+00:00\" \/>\n<meta name=\"twitter:card\" content=\"summary_large_image\" \/>\n<meta name=\"twitter:label1\" content=\"Est. reading time\" \/>\n\t<meta name=\"twitter:data1\" content=\"2 minutes\" \/>\n<script type=\"application\/ld+json\" class=\"yoast-schema-graph\">{\"@context\":\"https:\/\/schema.org\",\"@graph\":[{\"@type\":\"WebSite\",\"@id\":\"https:\/\/holiday-maker-france.com\/#website\",\"url\":\"https:\/\/holiday-maker-france.com\/\",\"name\":\"Holiday maker\",\"description\":\"Just another WordPress site\",\"potentialAction\":[{\"@type\":\"SearchAction\",\"target\":{\"@type\":\"EntryPoint\",\"urlTemplate\":\"https:\/\/holiday-maker-france.com\/?s={search_term_string}\"},\"query-input\":\"required name=search_term_string\"}],\"inLanguage\":\"de-DE\"},{\"@type\":\"WebPage\",\"@id\":\"https:\/\/holiday-maker-france.com\/de\/geschaeftsreisen\/#webpage\",\"url\":\"https:\/\/holiday-maker-france.com\/de\/geschaeftsreisen\/\",\"name\":\"Gesch\u00e4ftsreisen - Holiday maker\",\"isPartOf\":{\"@id\":\"https:\/\/holiday-maker-france.com\/#website\"},\"datePublished\":\"2021-07-20T15:05:46+00:00\",\"dateModified\":\"2022-04-22T13:21:36+00:00\",\"breadcrumb\":{\"@id\":\"https:\/\/holiday-maker-france.com\/de\/geschaeftsreisen\/#breadcrumb\"},\"inLanguage\":\"de-DE\",\"potentialAction\":[{\"@type\":\"ReadAction\",\"target\":[\"https:\/\/holiday-maker-france.com\/de\/geschaeftsreisen\/\"]}]},{\"@type\":\"BreadcrumbList\",\"@id\":\"https:\/\/holiday-maker-france.com\/de\/geschaeftsreisen\/#breadcrumb\",\"itemListElement\":[{\"@type\":\"ListItem\",\"position\":1,\"name\":\"Home\",\"item\":\"https:\/\/holiday-maker-france.com\/de\/\"},{\"@type\":\"ListItem\",\"position\":2,\"name\":\"Gesch\u00e4ftsreisen\"}]}]}<\/script>\n<!-- \/ Yoast SEO plugin. -->","yoast_head_json":{"title":"Gesch\u00e4ftsreisen - Holiday maker","robots":{"index":"index","follow":"follow","max-snippet":"max-snippet:-1","max-image-preview":"max-image-preview:large","max-video-preview":"max-video-preview:-1"},"canonical":"https:\/\/holiday-maker-france.com\/de\/geschaeftsreisen\/","og_locale":"de_DE","og_type":"article","og_title":"Gesch\u00e4ftsreisen - Holiday maker","og_description":"Ob Sie ein Unternehmen oder in der MICE-Branche t\u00e4tig sind: Holiday Maker steht Ihnen bei Ihrem Projekt zur Seite.Und weil","og_url":"https:\/\/holiday-maker-france.com\/de\/geschaeftsreisen\/","og_site_name":"Holiday maker","article_modified_time":"2022-04-22T13:21:36+00:00","twitter_card":"summary_large_image","twitter_misc":{"Est. reading time":"2 minutes"},"schema":{"@context":"https:\/\/schema.org","@graph":[{"@type":"WebSite","@id":"https:\/\/holiday-maker-france.com\/#website","url":"https:\/\/holiday-maker-france.com\/","name":"Holiday maker","description":"Just another WordPress site","potentialAction":[{"@type":"SearchAction","target":{"@type":"EntryPoint","urlTemplate":"https:\/\/holiday-maker-france.com\/?s={search_term_string}"},"query-input":"required name=search_term_string"}],"inLanguage":"de-DE"},{"@type":"WebPage","@id":"https:\/\/holiday-maker-france.com\/de\/geschaeftsreisen\/#webpage","url":"https:\/\/holiday-maker-france.com\/de\/geschaeftsreisen\/","name":"Gesch\u00e4ftsreisen - Holiday maker","isPartOf":{"@id":"https:\/\/holiday-maker-france.com\/#website"},"datePublished":"2021-07-20T15:05:46+00:00","dateModified":"2022-04-22T13:21:36+00:00","breadcrumb":{"@id":"https:\/\/holiday-maker-france.com\/de\/geschaeftsreisen\/#breadcrumb"},"inLanguage":"de-DE","potentialAction":[{"@type":"ReadAction","target":["https:\/\/holiday-maker-france.com\/de\/geschaeftsreisen\/"]}]},{"@type":"BreadcrumbList","@id":"https:\/\/holiday-maker-france.com\/de\/geschaeftsreisen\/#breadcrumb","itemListElement":[{"@type":"ListItem","position":1,"name":"Home","item":"https:\/\/holiday-maker-france.com\/de\/"},{"@type":"ListItem","position":2,"name":"Gesch\u00e4ftsreisen"}]}]}},"_links":{"self":[{"href":"https:\/\/holiday-maker-france.com\/de\/wp-json\/wp\/v2\/pages\/739"}],"collection":[{"href":"https:\/\/holiday-maker-france.com\/de\/wp-json\/wp\/v2\/pages"}],"about":[{"href":"https:\/\/holiday-maker-france.com\/de\/wp-json\/wp\/v2\/types\/page"}],"author":[{"embeddable":true,"href":"https:\/\/holiday-maker-france.com\/de\/wp-json\/wp\/v2\/users\/1"}],"replies":[{"embeddable":true,"href":"https:\/\/holiday-maker-france.com\/de\/wp-json\/wp\/v2\/comments?post=739"}],"version-history":[{"count":4,"href":"https:\/\/holiday-maker-france.com\/de\/wp-json\/wp\/v2\/pages\/739\/revisions"}],"predecessor-version":[{"id":1073,"href":"https:\/\/holiday-maker-france.com\/de\/wp-json\/wp\/v2\/pages\/739\/revisions\/1073"}],"wp:attachment":[{"href":"https:\/\/holiday-maker-france.com\/de\/wp-json\/wp\/v2\/media?parent=739"}],"curies":[{"name":"wp","href":"https:\/\/api.w.org\/{rel}","templated":true}]}}