{"id":733,"date":"2021-07-20T15:04:27","date_gmt":"2021-07-20T15:04:27","guid":{"rendered":"https:\/\/holiday-maker-france.com\/notre-agence\/"},"modified":"2022-04-22T08:48:56","modified_gmt":"2022-04-22T08:48:56","slug":"unsere-agentur","status":"publish","type":"page","link":"https:\/\/holiday-maker-france.com\/de\/unsere-agentur\/","title":{"rendered":"Unsere Agentur"},"content":{"rendered":"<section class=\"picture-cover\">\n    <img width=\"1523\" height=\"1013\" src=\"https:\/\/holiday-maker-france.com\/app\/uploads\/2022\/01\/holiday-maker-agence.jpg\" class=\"picture-cover__picture\" alt=\"\" loading=\"lazy\" srcset=\"https:\/\/holiday-maker-france.com\/app\/uploads\/2022\/01\/holiday-maker-agence.jpg 1523w, https:\/\/holiday-maker-france.com\/app\/uploads\/2022\/01\/holiday-maker-agence-300x200.jpg 300w, https:\/\/holiday-maker-france.com\/app\/uploads\/2022\/01\/holiday-maker-agence-1024x681.jpg 1024w, https:\/\/holiday-maker-france.com\/app\/uploads\/2022\/01\/holiday-maker-agence-768x511.jpg 768w\" sizes=\"(max-width: 1523px) 100vw, 1523px\" \/>\n<\/section>\n\n\n<section class=\"section\">\n    <div class=\"grid-container\">\n        \n    <h1 class=\"title-double text-center\">\n                <span class=\"title-double__line1\">1 spezialisierte Agentur<\/span>\n                            <span class=\"title-double__line2\">f\u00fcr Ihre ma\u00dfgeschneiderten Aufenthalte<\/span>\n            <\/h1>\n\n\n\n<p>Im Juli 1990 wurde die Incoming-Agentur Holiday Maker von Herrn und Frau Husain im Elsass gegr\u00fcndet und 2011 von Christine Neubauer und C\u00e9line Rebstock \u00fcbernommen.<\/p>\n\n\n\n<p>Schon seit ihren Anf\u00e4ngen hat sich die Agentur auf die Kreation ma\u00dfgeschneiderter Reisen spezialisiert und findet ihre t\u00e4gliche Inspiration in der Erf\u00fcllung der individuellen W\u00fcnsche und Bed\u00fcrfnisse jedes einzelnen Kunden sowie der Vermittlung einzigartiger Erlebnisse.<\/p>\n\n\n\n<p>Innovation steht schon seit jeher im Herzen der Agentur: In Kooperation mit verschiedenen Busunternehmen und Reiseb\u00fcros waren die Gr\u00fcnder die ersten, die den Stra\u00dfburger Weihnachtsmarkt \u2013 eine Veranstaltung, die bis dahin nur von lokaler Kundschaft besucht wurde \u2013 zum Reiseziel erkl\u00e4rten.<\/p>\n\n\n\n<p>Nach und nach wuchsen der gute Ruf und infolgedessen auch der Kundenstamm der Agentur. Holiday Maker entwickelte sich weiter, ohne dabei jedoch jemals die menschlichen Werte aus dem Blick zu verlieren.<\/p>\n\n\n\n<p>Auch heute stehen Ihre individuellen W\u00fcnsche im Mittelpunkt von Holiday Maker. Wir finden das perfekte Programm, das bei unseren Kunden genau ins Schwarze trifft:<\/p>\n\n\n\n<ul><li>Reiseb\u00fcros, Busunternehmen<\/li><li>Freundeskreise, Vereine und Betriebsr\u00e4te<\/li><li>Event-Agenturen <\/li><li>Berater, Unternehmen und viele mehr<\/li><\/ul>\n\n\n    <\/div>\n<\/section>\n\n\n<section class=\"section section--align-wide-full\">\n    <div class=\"grid-container\">\n        \n    \n\n<div class=\"grid-x grid-padding-x grid-margin-y small-up-1 medium-up-2 large-up-3\">\n        <div class=\"cell\">\n        <article class=\"page-card \">\n    <a class=\"page-card__picture\" href=\"https:\/\/holiday-maker-france.com\/de\/unsere-agentur\/ueber-uns\/\">\n        <img width=\"520\" height=\"290\" src=\"https:\/\/holiday-maker-france.com\/app\/uploads\/2022\/01\/holiday-maker-qui-sommes-nous-520x290.jpg\" class=\"page-card__thumbnail\" alt=\"\" loading=\"lazy\" \/>\n    <\/a>\n    <div class=\"page-card__content\">\n        <h1 class=\"page-card__title\">\u00dcber uns<\/h1>\n        <div class=\"page-card__excerpt\">\n                            Seit seiner Gr\u00fcndung hat Holiday Maker im Elsass und in ganz Europa private und gesch\u00e4ftliche Aufenthalte f\u00fcr nahezu 5.000 Gruppen und \u00fcber 160.000 Personen gestaltet.\n                    <\/div>\n                <div class=\"page-card__action\">\n            <a href=\"https:\/\/holiday-maker-france.com\/de\/unsere-agentur\/ueber-uns\/\" class=\"button primary page-card__button\">Mehr sehen<\/a>\n        <\/div>\n            <\/div>\n<\/article>\n    <\/div>\n        <div class=\"cell\">\n        <article class=\"page-card \">\n    <a class=\"page-card__picture\" href=\"https:\/\/holiday-maker-france.com\/de\/unsere-agentur\/unsere-partner\/\">\n        <img width=\"520\" height=\"290\" src=\"https:\/\/holiday-maker-france.com\/app\/uploads\/2022\/01\/holiday-maker-partenaire-520x290.jpg\" class=\"page-card__thumbnail\" alt=\"\" loading=\"lazy\" \/>\n    <\/a>\n    <div class=\"page-card__content\">\n        <h1 class=\"page-card__title\">Unsere Partner<\/h1>\n        <div class=\"page-card__excerpt\">\n                            Seit seiner Gr\u00fcndung hat Holiday Maker ein Netzwerk aus zuverl\u00e4ssigen Partnern gekn\u00fcpft, die kontinuierlich zur Langlebigkeit des Unternehmens sowie zur\n                    <\/div>\n                <div class=\"page-card__action\">\n            <a href=\"https:\/\/holiday-maker-france.com\/de\/unsere-agentur\/unsere-partner\/\" class=\"button primary page-card__button\">Mehr sehen<\/a>\n        <\/div>\n            <\/div>\n<\/article>\n    <\/div>\n        <div class=\"cell\">\n        <article class=\"page-card \">\n    <a class=\"page-card__picture\" href=\"https:\/\/holiday-maker-france.com\/de\/unsere-agentur\/zufriedene-kunden\/\">\n        <img width=\"520\" height=\"290\" src=\"https:\/\/holiday-maker-france.com\/app\/uploads\/2022\/01\/holiday-maker-temoignage-520x290.jpg\" class=\"page-card__thumbnail\" alt=\"\" loading=\"lazy\" \/>\n    <\/a>\n    <div class=\"page-card__content\">\n        <h1 class=\"page-card__title\">Zufriedene Kunden<\/h1>\n        <div class=\"page-card__excerpt\">\n                            Holiday Maker wurde 1990 als Reiseb\u00fcro gegr\u00fcndet und hatte das Gl\u00fcck, seitdem zahlreiche erfolgreiche Projekte zu organisieren und wunderbare Begegnungen\n                    <\/div>\n                <div class=\"page-card__action\">\n            <a href=\"https:\/\/holiday-maker-france.com\/de\/unsere-agentur\/zufriedene-kunden\/\" class=\"button primary page-card__button\">Mehr sehen<\/a>\n        <\/div>\n            <\/div>\n<\/article>\n    <\/div>\n    <\/div>\n\n\n    <\/div>\n<\/section>\n\n\n<section class=\"section section--color-primary\">\n    <div class=\"grid-container\">\n        \n    <h2 class=\"title-double text-center\">\n                <span class=\"title-double__line1\">Kontakt<\/span>\n                            <span class=\"title-double__line2\">Sie planen eine private oder gesch\u00e4ftliche Reise?<\/span>\n            <\/h2>\n\n\n\n<p class=\"has-text-align-center\">Wir freuen uns darauf, von Ihnen zu h\u00f6ren! Unser Team setzt alles daran, Ihre W\u00fcnsche in die Tat umzusetzen.<\/p>\n\n\n<div class=\"button-group align-center\">\n    \n<a class=\"button secondary\" href=\"https:\/\/holiday-maker-france.com\/de\/kontakt\/\">Los geht\u2019s!<\/a>\n\n\n\n\n\n<\/div>\n\n\n    <\/div>\n<\/section>\n","protected":false},"excerpt":{"rendered":"<p>Im Juli 1990 wurde die Incoming-Agentur Holiday Maker von Herrn und Frau Husain im Elsass gegr\u00fcndet und 2011 von Christine<\/p>\n","protected":false},"author":1,"featured_media":0,"parent":0,"menu_order":2,"comment_status":"closed","ping_status":"closed","template":"","meta":[],"acf":[],"yoast_head":"<!-- This site is optimized with the Yoast SEO plugin v18.6 - https:\/\/yoast.com\/wordpress\/plugins\/seo\/ -->\n<title>Unsere Agentur - Holiday maker<\/title>\n<meta name=\"robots\" content=\"index, follow, max-snippet:-1, max-image-preview:large, max-video-preview:-1\" \/>\n<link rel=\"canonical\" href=\"https:\/\/holiday-maker-france.com\/de\/unsere-agentur\/\" \/>\n<meta property=\"og:locale\" content=\"de_DE\" \/>\n<meta property=\"og:type\" content=\"article\" \/>\n<meta property=\"og:title\" content=\"Unsere Agentur - Holiday maker\" \/>\n<meta property=\"og:description\" content=\"Im Juli 1990 wurde die Incoming-Agentur Holiday Maker von Herrn und Frau Husain im Elsass gegr\u00fcndet und 2011 von Christine\" \/>\n<meta property=\"og:url\" content=\"https:\/\/holiday-maker-france.com\/de\/unsere-agentur\/\" \/>\n<meta property=\"og:site_name\" content=\"Holiday maker\" \/>\n<meta property=\"article:modified_time\" content=\"2022-04-22T08:48:56+00:00\" \/>\n<meta name=\"twitter:card\" content=\"summary_large_image\" \/>\n<meta name=\"twitter:label1\" content=\"Est. reading time\" \/>\n\t<meta name=\"twitter:data1\" content=\"1 minute\" \/>\n<script type=\"application\/ld+json\" class=\"yoast-schema-graph\">{\"@context\":\"https:\/\/schema.org\",\"@graph\":[{\"@type\":\"WebSite\",\"@id\":\"https:\/\/holiday-maker-france.com\/#website\",\"url\":\"https:\/\/holiday-maker-france.com\/\",\"name\":\"Holiday maker\",\"description\":\"Just another WordPress site\",\"potentialAction\":[{\"@type\":\"SearchAction\",\"target\":{\"@type\":\"EntryPoint\",\"urlTemplate\":\"https:\/\/holiday-maker-france.com\/?s={search_term_string}\"},\"query-input\":\"required name=search_term_string\"}],\"inLanguage\":\"de-DE\"},{\"@type\":\"WebPage\",\"@id\":\"https:\/\/holiday-maker-france.com\/de\/unsere-agentur\/#webpage\",\"url\":\"https:\/\/holiday-maker-france.com\/de\/unsere-agentur\/\",\"name\":\"Unsere Agentur - Holiday maker\",\"isPartOf\":{\"@id\":\"https:\/\/holiday-maker-france.com\/#website\"},\"datePublished\":\"2021-07-20T15:04:27+00:00\",\"dateModified\":\"2022-04-22T08:48:56+00:00\",\"breadcrumb\":{\"@id\":\"https:\/\/holiday-maker-france.com\/de\/unsere-agentur\/#breadcrumb\"},\"inLanguage\":\"de-DE\",\"potentialAction\":[{\"@type\":\"ReadAction\",\"target\":[\"https:\/\/holiday-maker-france.com\/de\/unsere-agentur\/\"]}]},{\"@type\":\"BreadcrumbList\",\"@id\":\"https:\/\/holiday-maker-france.com\/de\/unsere-agentur\/#breadcrumb\",\"itemListElement\":[{\"@type\":\"ListItem\",\"position\":1,\"name\":\"Home\",\"item\":\"https:\/\/holiday-maker-france.com\/de\/\"},{\"@type\":\"ListItem\",\"position\":2,\"name\":\"Unsere Agentur\"}]}]}<\/script>\n<!-- \/ Yoast SEO plugin. -->","yoast_head_json":{"title":"Unsere Agentur - Holiday maker","robots":{"index":"index","follow":"follow","max-snippet":"max-snippet:-1","max-image-preview":"max-image-preview:large","max-video-preview":"max-video-preview:-1"},"canonical":"https:\/\/holiday-maker-france.com\/de\/unsere-agentur\/","og_locale":"de_DE","og_type":"article","og_title":"Unsere Agentur - Holiday maker","og_description":"Im Juli 1990 wurde die Incoming-Agentur Holiday Maker von Herrn und Frau Husain im Elsass gegr\u00fcndet und 2011 von Christine","og_url":"https:\/\/holiday-maker-france.com\/de\/unsere-agentur\/","og_site_name":"Holiday maker","article_modified_time":"2022-04-22T08:48:56+00:00","twitter_card":"summary_large_image","twitter_misc":{"Est. reading time":"1 minute"},"schema":{"@context":"https:\/\/schema.org","@graph":[{"@type":"WebSite","@id":"https:\/\/holiday-maker-france.com\/#website","url":"https:\/\/holiday-maker-france.com\/","name":"Holiday maker","description":"Just another WordPress site","potentialAction":[{"@type":"SearchAction","target":{"@type":"EntryPoint","urlTemplate":"https:\/\/holiday-maker-france.com\/?s={search_term_string}"},"query-input":"required name=search_term_string"}],"inLanguage":"de-DE"},{"@type":"WebPage","@id":"https:\/\/holiday-maker-france.com\/de\/unsere-agentur\/#webpage","url":"https:\/\/holiday-maker-france.com\/de\/unsere-agentur\/","name":"Unsere Agentur - Holiday maker","isPartOf":{"@id":"https:\/\/holiday-maker-france.com\/#website"},"datePublished":"2021-07-20T15:04:27+00:00","dateModified":"2022-04-22T08:48:56+00:00","breadcrumb":{"@id":"https:\/\/holiday-maker-france.com\/de\/unsere-agentur\/#breadcrumb"},"inLanguage":"de-DE","potentialAction":[{"@type":"ReadAction","target":["https:\/\/holiday-maker-france.com\/de\/unsere-agentur\/"]}]},{"@type":"BreadcrumbList","@id":"https:\/\/holiday-maker-france.com\/de\/unsere-agentur\/#breadcrumb","itemListElement":[{"@type":"ListItem","position":1,"name":"Home","item":"https:\/\/holiday-maker-france.com\/de\/"},{"@type":"ListItem","position":2,"name":"Unsere Agentur"}]}]}},"_links":{"self":[{"href":"https:\/\/holiday-maker-france.com\/de\/wp-json\/wp\/v2\/pages\/733"}],"collection":[{"href":"https:\/\/holiday-maker-france.com\/de\/wp-json\/wp\/v2\/pages"}],"about":[{"href":"https:\/\/holiday-maker-france.com\/de\/wp-json\/wp\/v2\/types\/page"}],"author":[{"embeddable":true,"href":"https:\/\/holiday-maker-france.com\/de\/wp-json\/wp\/v2\/users\/1"}],"replies":[{"embeddable":true,"href":"https:\/\/holiday-maker-france.com\/de\/wp-json\/wp\/v2\/comments?post=733"}],"version-history":[{"count":6,"href":"https:\/\/holiday-maker-france.com\/de\/wp-json\/wp\/v2\/pages\/733\/revisions"}],"predecessor-version":[{"id":973,"href":"https:\/\/holiday-maker-france.com\/de\/wp-json\/wp\/v2\/pages\/733\/revisions\/973"}],"wp:attachment":[{"href":"https:\/\/holiday-maker-france.com\/de\/wp-json\/wp\/v2\/media?parent=733"}],"curies":[{"name":"wp","href":"https:\/\/api.w.org\/{rel}","templated":true}]}}